{"id":46126,"date":"2022-11-12T14:44:54","date_gmt":"2022-11-12T13:44:54","guid":{"rendered":"https:\/\/www.giff.ch\/archives\/2022\/?page_id=46126"},"modified":"2022-11-12T14:45:04","modified_gmt":"2022-11-12T13:45:04","slug":"palmares-2","status":"publish","type":"page","link":"https:\/\/www.giff.ch\/archives\/2022\/en\/palmares-2\/","title":{"rendered":"AWARDS"},"content":{"rendered":"\n<p><\/p>\n\n\n\n<p><\/p>\n\n\n\n<h2 class=\"wp-block-heading\">REFLET D&#8217;OR BEST FEATURE FILM 2022<\/h2>\n\n\n\n<h3 class=\"wp-block-heading\"><em>Saint Omer\u00a0<\/em>BY Alice Diop (FR)<\/h3>\n\n\n<img loading=\"lazy\" decoding=\"async\" width=\"1200\" height=\"600\" src=\"https:\/\/www.giff.ch\/archives\/2022\/wp-content\/uploads\/2022\/11\/9691C2B7-5B7D-4CE5-BE07-59BB43DC469D-1200x600.png\" class=\"img-fluid pb-3\" alt=\"GIFF 2022\" srcset=\"https:\/\/www.giff.ch\/archives\/2022\/wp-content\/uploads\/2022\/11\/9691C2B7-5B7D-4CE5-BE07-59BB43DC469D-1200x600.png 1200w, https:\/\/www.giff.ch\/archives\/2022\/wp-content\/uploads\/2022\/11\/9691C2B7-5B7D-4CE5-BE07-59BB43DC469D-412x206.png 412w, https:\/\/www.giff.ch\/archives\/2022\/wp-content\/uploads\/2022\/11\/9691C2B7-5B7D-4CE5-BE07-59BB43DC469D-616x308.png 616w, https:\/\/www.giff.ch\/archives\/2022\/wp-content\/uploads\/2022\/11\/9691C2B7-5B7D-4CE5-BE07-59BB43DC469D-1520x760.png 1520w, https:\/\/www.giff.ch\/archives\/2022\/wp-content\/uploads\/2022\/11\/9691C2B7-5B7D-4CE5-BE07-59BB43DC469D-1824x912.png 1824w\" sizes=\"(max-width: 1200px) 100vw, 1200px\" \/>\n\n\n<p>Offered by the City and State of Geneva (10&#8217;000 CHF)<\/p>\n\n\n\n<p>Awarded by a Jury composed of the filmmaker Mani Haghighi (IR) and 4 students from Swiss film schools: Korlei Rochat (ECAL, CH), Lisa Mouquin (UNIL, CH), Youssef Youssef (HEAD, CH\/EG), David Nguyen (HEAD, CH).<\/p>\n\n\n\n<div style=\"height:30px\" aria-hidden=\"true\" class=\"wp-block-spacer\"><\/div>\n\n\n\n<h2 class=\"wp-block-heading\">REFLET D&#8217;OR BEST SERIES 2022<\/h2>\n\n\n\n<h3 class=\"wp-block-heading\"><em>Le Temps des framboises<\/em>, crEATED BY Florence Longpr\u00e9, Philippe Falardeau et Suzie Bouchard (CA)<\/h3>\n\n\n<img loading=\"lazy\" decoding=\"async\" width=\"1200\" height=\"600\" src=\"https:\/\/www.giff.ch\/archives\/2022\/wp-content\/uploads\/2022\/11\/0C6E673E-EACF-4911-A0FA-592777B55F02-2-1200x600.png\" class=\"img-fluid pb-3\" alt=\"GIFF 2022\" srcset=\"https:\/\/www.giff.ch\/archives\/2022\/wp-content\/uploads\/2022\/11\/0C6E673E-EACF-4911-A0FA-592777B55F02-2-1200x600.png 1200w, https:\/\/www.giff.ch\/archives\/2022\/wp-content\/uploads\/2022\/11\/0C6E673E-EACF-4911-A0FA-592777B55F02-2-412x206.png 412w, https:\/\/www.giff.ch\/archives\/2022\/wp-content\/uploads\/2022\/11\/0C6E673E-EACF-4911-A0FA-592777B55F02-2-616x308.png 616w, https:\/\/www.giff.ch\/archives\/2022\/wp-content\/uploads\/2022\/11\/0C6E673E-EACF-4911-A0FA-592777B55F02-2-1520x760.png 1520w, https:\/\/www.giff.ch\/archives\/2022\/wp-content\/uploads\/2022\/11\/0C6E673E-EACF-4911-A0FA-592777B55F02-2-1824x912.png 1824w\" sizes=\"(max-width: 1200px) 100vw, 1200px\" \/>\n\n\n<p>Offered by the City and State of Geneva (10&#8217;000 CHF)<\/p>\n\n\n\n<p>Awarded by a Jury composed of 5 members of the public (selected by competition): Augustin Leroy (FR) , Laurence Jacquet (CH), Lionel Devaux (CH), Jasmine de Montanier (FR), Judith Marchal (CH)<\/p>\n\n\n\n<div style=\"height:30px\" aria-hidden=\"true\" class=\"wp-block-spacer\"><\/div>\n\n\n\n<h2 class=\"wp-block-heading\">REFLET D&#8217;OR BEST IMMERSIVE WORK 2022<\/h2>\n\n\n\n<h3 class=\"wp-block-heading\"><em>Eurydice, A Descent into Infinity<\/em>, cr\u00e9\u00e9e par C\u00e9line Daemen (NL)<\/h3>\n\n\n<img loading=\"lazy\" decoding=\"async\" width=\"1200\" height=\"600\" src=\"https:\/\/www.giff.ch\/archives\/2022\/wp-content\/uploads\/2022\/11\/09158FF1-E3E6-455F-A08A-C9A27D1B9635-1200x600.png\" class=\"img-fluid pb-3\" alt=\"GIFF 2022\" srcset=\"https:\/\/www.giff.ch\/archives\/2022\/wp-content\/uploads\/2022\/11\/09158FF1-E3E6-455F-A08A-C9A27D1B9635-1200x600.png 1200w, https:\/\/www.giff.ch\/archives\/2022\/wp-content\/uploads\/2022\/11\/09158FF1-E3E6-455F-A08A-C9A27D1B9635-412x206.png 412w, https:\/\/www.giff.ch\/archives\/2022\/wp-content\/uploads\/2022\/11\/09158FF1-E3E6-455F-A08A-C9A27D1B9635-616x308.png 616w, https:\/\/www.giff.ch\/archives\/2022\/wp-content\/uploads\/2022\/11\/09158FF1-E3E6-455F-A08A-C9A27D1B9635-1520x760.png 1520w, https:\/\/www.giff.ch\/archives\/2022\/wp-content\/uploads\/2022\/11\/09158FF1-E3E6-455F-A08A-C9A27D1B9635-1824x912.png 1824w\" sizes=\"(max-width: 1200px) 100vw, 1200px\" \/>\n\n\n<p>Offered by the City and State of Geneva (10&#8217;000 CHF)<\/p>\n\n\n\n<p>Awarded by a Jury composed of 3 professionals : Boris Labb\u00e9 (FR), Laura Olin (FI), Luke Kemp (GB)<\/p>\n\n\n\n<div style=\"height:30px\" aria-hidden=\"true\" class=\"wp-block-spacer\"><\/div>\n\n\n\n<h2 class=\"wp-block-heading\">FUTURE IS SENSIBLE AWARD 2022<\/h2>\n\n\n\n<h3 class=\"wp-block-heading\"><em>Les aveugles<\/em>, CREATED BY Julien Dubuc &amp; collectif INVIVO (FR)<\/h3>\n\n\n<img loading=\"lazy\" decoding=\"async\" width=\"1200\" height=\"600\" src=\"https:\/\/www.giff.ch\/archives\/2022\/wp-content\/uploads\/2022\/11\/2A173FC8-A809-455B-A6C9-F6C1D9187EB8-1200x600.png\" class=\"img-fluid pb-3\" alt=\"GIFF 2022\" srcset=\"https:\/\/www.giff.ch\/archives\/2022\/wp-content\/uploads\/2022\/11\/2A173FC8-A809-455B-A6C9-F6C1D9187EB8-1200x600.png 1200w, https:\/\/www.giff.ch\/archives\/2022\/wp-content\/uploads\/2022\/11\/2A173FC8-A809-455B-A6C9-F6C1D9187EB8-412x206.png 412w, https:\/\/www.giff.ch\/archives\/2022\/wp-content\/uploads\/2022\/11\/2A173FC8-A809-455B-A6C9-F6C1D9187EB8-616x308.png 616w, https:\/\/www.giff.ch\/archives\/2022\/wp-content\/uploads\/2022\/11\/2A173FC8-A809-455B-A6C9-F6C1D9187EB8-1520x760.png 1520w, https:\/\/www.giff.ch\/archives\/2022\/wp-content\/uploads\/2022\/11\/2A173FC8-A809-455B-A6C9-F6C1D9187EB8-1824x912.png 1824w\" sizes=\"(max-width: 1200px) 100vw, 1200px\" \/>\n\n\n<p>Offered by the Migros Culture Percentage (10&#8217;000 CHF)<\/p>\n\n\n\n<p>Awarded by the Jury Future Is Sensible : Sabrina Calvo (FR), M\u00e9lanie Courtinat (FR), Kathrin Kohlstedde (DE)<\/p>\n\n\n\n<div style=\"height:30px\" aria-hidden=\"true\" class=\"wp-block-spacer\"><\/div>\n\n\n\n<h2 class=\"wp-block-heading\">EUROPEAN SCRIPT AWARD 2022<\/h2>\n\n\n\n<h3 class=\"wp-block-heading\"><em>Lost Luggage<\/em>, crEATED AND WRITEN BY Tiny Bertels (BE)<\/h3>\n\n\n<img loading=\"lazy\" decoding=\"async\" width=\"1200\" height=\"600\" src=\"https:\/\/www.giff.ch\/archives\/2022\/wp-content\/uploads\/2022\/11\/CB7F0D93-B0A5-4248-849C-D6003DF15690-1200x600.png\" class=\"img-fluid pb-3\" alt=\"GIFF 2022\" srcset=\"https:\/\/www.giff.ch\/archives\/2022\/wp-content\/uploads\/2022\/11\/CB7F0D93-B0A5-4248-849C-D6003DF15690-1200x600.png 1200w, https:\/\/www.giff.ch\/archives\/2022\/wp-content\/uploads\/2022\/11\/CB7F0D93-B0A5-4248-849C-D6003DF15690-412x206.png 412w, https:\/\/www.giff.ch\/archives\/2022\/wp-content\/uploads\/2022\/11\/CB7F0D93-B0A5-4248-849C-D6003DF15690-616x308.png 616w, https:\/\/www.giff.ch\/archives\/2022\/wp-content\/uploads\/2022\/11\/CB7F0D93-B0A5-4248-849C-D6003DF15690-1520x760.png 1520w, https:\/\/www.giff.ch\/archives\/2022\/wp-content\/uploads\/2022\/11\/CB7F0D93-B0A5-4248-849C-D6003DF15690-1824x912.png 1824w\" sizes=\"(max-width: 1200px) 100vw, 1200px\" \/>\n\n\n<p>Offered by the European Alliance for Television and Culture (10 000 \u20ac) Lost Luggage, created and written by Tiny Bertels (BE)<\/p>\n\n\n\n<p>Awarded by the European Script Award Jury: Virginie Brac (FR), Louis Heinsman (NL), Constance Jamet (FR)<\/p>\n\n\n\n<div style=\"height:30px\" aria-hidden=\"true\" class=\"wp-block-spacer\"><\/div>\n\n\n\n<h2 class=\"wp-block-heading\">GENEVA AWARD 2022<\/h2>\n\n\n\n<h3 class=\"wp-block-heading\">Nicolas Winding Refn&nbsp;(DK)<\/h3>\n\n\n<img loading=\"lazy\" decoding=\"async\" width=\"1200\" height=\"600\" src=\"https:\/\/www.giff.ch\/archives\/2022\/wp-content\/uploads\/2022\/11\/955A2DDD-CF1C-4762-866C-B65BF568F1C1-2-1200x600.png\" class=\"img-fluid pb-3\" alt=\"GIFF 2022\" srcset=\"https:\/\/www.giff.ch\/archives\/2022\/wp-content\/uploads\/2022\/11\/955A2DDD-CF1C-4762-866C-B65BF568F1C1-2-1200x600.png 1200w, https:\/\/www.giff.ch\/archives\/2022\/wp-content\/uploads\/2022\/11\/955A2DDD-CF1C-4762-866C-B65BF568F1C1-2-412x206.png 412w, https:\/\/www.giff.ch\/archives\/2022\/wp-content\/uploads\/2022\/11\/955A2DDD-CF1C-4762-866C-B65BF568F1C1-2-616x308.png 616w, https:\/\/www.giff.ch\/archives\/2022\/wp-content\/uploads\/2022\/11\/955A2DDD-CF1C-4762-866C-B65BF568F1C1-2-1520x760.png 1520w, https:\/\/www.giff.ch\/archives\/2022\/wp-content\/uploads\/2022\/11\/955A2DDD-CF1C-4762-866C-B65BF568F1C1-2-1824x912.png 1824w\" sizes=\"(max-width: 1200px) 100vw, 1200px\" \/>\n\n\n<div style=\"height:30px\" aria-hidden=\"true\" class=\"wp-block-spacer\"><\/div>\n\n\n\n<h2 class=\"wp-block-heading\">FILM &amp; BEYOND AWARD 2022<\/h2>\n\n\n\n<h3 class=\"wp-block-heading\">&nbsp;Alexandre Astier&nbsp;(FR)<\/h3>\n\n\n<img loading=\"lazy\" decoding=\"async\" width=\"1200\" height=\"600\" src=\"https:\/\/www.giff.ch\/archives\/2022\/wp-content\/uploads\/2022\/11\/99C80881-CF61-44CF-AE85-C31F10E4A97D-2-1-1200x600.png\" class=\"img-fluid pb-3\" alt=\"GIFF 2022\" srcset=\"https:\/\/www.giff.ch\/archives\/2022\/wp-content\/uploads\/2022\/11\/99C80881-CF61-44CF-AE85-C31F10E4A97D-2-1-1200x600.png 1200w, https:\/\/www.giff.ch\/archives\/2022\/wp-content\/uploads\/2022\/11\/99C80881-CF61-44CF-AE85-C31F10E4A97D-2-1-412x206.png 412w, https:\/\/www.giff.ch\/archives\/2022\/wp-content\/uploads\/2022\/11\/99C80881-CF61-44CF-AE85-C31F10E4A97D-2-1-616x308.png 616w, https:\/\/www.giff.ch\/archives\/2022\/wp-content\/uploads\/2022\/11\/99C80881-CF61-44CF-AE85-C31F10E4A97D-2-1-1520x760.png 1520w, https:\/\/www.giff.ch\/archives\/2022\/wp-content\/uploads\/2022\/11\/99C80881-CF61-44CF-AE85-C31F10E4A97D-2-1-1824x912.png 1824w\" sizes=\"(max-width: 1200px) 100vw, 1200px\" \/>\n\n\n<p><\/p>\n\n\n\n<p><\/p>\n\n\n\n<h2 class=\"wp-block-heading\">TALES OF SWISS INNOVATION 2022<\/h2>\n\n\n\n<h3 class=\"wp-block-heading\">OIL Productions&nbsp;(CH)&nbsp;<\/h3>\n\n\n<img loading=\"lazy\" decoding=\"async\" width=\"1200\" height=\"600\" src=\"https:\/\/www.giff.ch\/archives\/2022\/wp-content\/uploads\/2022\/11\/1A0B2712-B7C4-48FC-B0D3-F0BD10A1F38F-2-1200x600.png\" class=\"img-fluid pb-3\" alt=\"GIFF 2022\" srcset=\"https:\/\/www.giff.ch\/archives\/2022\/wp-content\/uploads\/2022\/11\/1A0B2712-B7C4-48FC-B0D3-F0BD10A1F38F-2-1200x600.png 1200w, https:\/\/www.giff.ch\/archives\/2022\/wp-content\/uploads\/2022\/11\/1A0B2712-B7C4-48FC-B0D3-F0BD10A1F38F-2-412x206.png 412w, https:\/\/www.giff.ch\/archives\/2022\/wp-content\/uploads\/2022\/11\/1A0B2712-B7C4-48FC-B0D3-F0BD10A1F38F-2-616x308.png 616w, https:\/\/www.giff.ch\/archives\/2022\/wp-content\/uploads\/2022\/11\/1A0B2712-B7C4-48FC-B0D3-F0BD10A1F38F-2-1520x760.png 1520w, https:\/\/www.giff.ch\/archives\/2022\/wp-content\/uploads\/2022\/11\/1A0B2712-B7C4-48FC-B0D3-F0BD10A1F38F-2-1824x912.png 1824w\" sizes=\"(max-width: 1200px) 100vw, 1200px\" \/>\n\n\n<p><\/p>\n","protected":false},"excerpt":{"rendered":"<p>REFLET D&#8217;OR BEST FEATURE FILM 2022 Saint Omer\u00a0BY Alice Diop (FR) Offered by the City and State of Geneva (10&#8217;000 CHF) Awarded by a Jury composed of the filmmaker Mani Haghighi (IR) and 4 students from Swiss film schools: Korlei Rochat (ECAL, CH), Lisa Mouquin (UNIL, CH), Youssef Youssef (HEAD, CH\/EG), David Nguyen (HEAD, CH). [&hellip;]<\/p>\n","protected":false},"author":1,"featured_media":0,"parent":0,"menu_order":0,"comment_status":"closed","ping_status":"closed","template":"","meta":{"footnotes":""},"acf":[],"_links":{"self":[{"href":"https:\/\/www.giff.ch\/archives\/2022\/en\/wp-json\/wp\/v2\/pages\/46126"}],"collection":[{"href":"https:\/\/www.giff.ch\/archives\/2022\/en\/wp-json\/wp\/v2\/pages"}],"about":[{"href":"https:\/\/www.giff.ch\/archives\/2022\/en\/wp-json\/wp\/v2\/types\/page"}],"author":[{"embeddable":true,"href":"https:\/\/www.giff.ch\/archives\/2022\/en\/wp-json\/wp\/v2\/users\/1"}],"replies":[{"embeddable":true,"href":"https:\/\/www.giff.ch\/archives\/2022\/en\/wp-json\/wp\/v2\/comments?post=46126"}],"version-history":[{"count":2,"href":"https:\/\/www.giff.ch\/archives\/2022\/en\/wp-json\/wp\/v2\/pages\/46126\/revisions"}],"predecessor-version":[{"id":46131,"href":"https:\/\/www.giff.ch\/archives\/2022\/en\/wp-json\/wp\/v2\/pages\/46126\/revisions\/46131"}],"wp:attachment":[{"href":"https:\/\/www.giff.ch\/archives\/2022\/en\/wp-json\/wp\/v2\/media?parent=46126"}],"curies":[{"name":"wp","href":"https:\/\/api.w.org\/{rel}","templated":true}]}}