{"id":1830,"date":"2021-09-01T10:50:52","date_gmt":"2021-09-01T08:50:52","guid":{"rendered":"https:\/\/giff.daisybell.ch\/?page_id=1830"},"modified":"2022-11-16T12:04:57","modified_gmt":"2022-11-16T11:04:57","slug":"accueil","status":"publish","type":"page","link":"https:\/\/www.giff.ch\/archives\/2022\/","title":{"rendered":"Accueil"},"content":{"rendered":"<div class='row '><div class='col col-12 col-md-8'>\n<figure class=\"wp-block-video ratio-16x9\"><video autoplay loop muted preload=\"auto\" src=\"https:\/\/www.giff.ch\/archives\/2022\/wp-content\/uploads\/2022\/10\/giff-loop.mp4\"><\/video><\/figure>\n<div class='row '><div class='col col-12 col-md-6 '><div class=\"news-card-2022 mb-4\">\n    <a href=\"https:\/\/www.giff.ch\/archives\/2022\/en\/palmares-2\/\" target=\"_blank\">\n    <div class=\"news-card-2022-container\">\n    <div class=\"news-card-2022-wrapper py-3\">\n            <div class=\"mb-1 text-uppercase px-4 sup-title\">\n        PALMAR\u00c8S      <\/div>\n                  <div class=\"h3 mb-2 px-4 title\">\n        les \u0153uvres r\u00e9compens\u00e9es de la 28\u00e8me \u00e9dition       <\/div>\n                  <div class=\"ratio ratio-16x9\">\n        <img loading=\"lazy\" decoding=\"async\" width=\"1200\" height=\"600\" src=\"https:\/\/www.giff.ch\/archives\/2022\/wp-content\/uploads\/2022\/11\/9691C2B7-5B7D-4CE5-BE07-59BB43DC469D-1200x600.png\" class=\"attachment-md size-md\" alt=\"\" srcset=\"https:\/\/www.giff.ch\/archives\/2022\/wp-content\/uploads\/2022\/11\/9691C2B7-5B7D-4CE5-BE07-59BB43DC469D-1200x600.png 1200w, https:\/\/www.giff.ch\/archives\/2022\/wp-content\/uploads\/2022\/11\/9691C2B7-5B7D-4CE5-BE07-59BB43DC469D-412x206.png 412w, https:\/\/www.giff.ch\/archives\/2022\/wp-content\/uploads\/2022\/11\/9691C2B7-5B7D-4CE5-BE07-59BB43DC469D-616x308.png 616w, https:\/\/www.giff.ch\/archives\/2022\/wp-content\/uploads\/2022\/11\/9691C2B7-5B7D-4CE5-BE07-59BB43DC469D-1520x760.png 1520w, https:\/\/www.giff.ch\/archives\/2022\/wp-content\/uploads\/2022\/11\/9691C2B7-5B7D-4CE5-BE07-59BB43DC469D-1824x912.png 1824w\" sizes=\"(max-width: 1200px) 100vw, 1200px\" \/>      <\/div>\n                  <div class=\"text-black px-4 mt-2\">\n        D\u00e9couvrez les \u0153uvres qui ont marqu\u00e9 les jurys de la 28\u00e8me \u00e9dition du GIFF       <\/div>\n          <\/div>\n    <div class=\"news-card-2022-border\"><\/div>\n  <\/div>\n    <\/a>\n  <\/div>\n<\/div><div class='col col-12 col-md-6 '><div class=\"news-card-2022 mb-4\">\n    <a href=\"https:\/\/www.giff.ch\/archives\/2022\/la-suite-des-series-du-giff-depuis-chez-vous\/\" target=\"_blank\">\n    <div class=\"news-card-2022-container\">\n    <div class=\"news-card-2022-wrapper py-3\">\n            <div class=\"mb-1 text-uppercase px-4 sup-title\">\n        S\u00c9RIES      <\/div>\n                  <div class=\"h3 mb-2 px-4 title\">\n        La suite des s\u00e9ries du GIFF depuis votre canap\u00e9 !      <\/div>\n                  <div class=\"ratio ratio-16x9\">\n        <img loading=\"lazy\" decoding=\"async\" width=\"1200\" height=\"675\" src=\"https:\/\/www.giff.ch\/archives\/2022\/wp-content\/uploads\/2022\/10\/1174098-1200x675.jpg\" class=\"attachment-md size-md\" alt=\"Good People, GIFF 2021\" srcset=\"https:\/\/www.giff.ch\/archives\/2022\/wp-content\/uploads\/2022\/10\/1174098-1200x675.jpg 1200w, https:\/\/www.giff.ch\/archives\/2022\/wp-content\/uploads\/2022\/10\/1174098-366x206.jpg 366w, https:\/\/www.giff.ch\/archives\/2022\/wp-content\/uploads\/2022\/10\/1174098-548x308.jpg 548w, https:\/\/www.giff.ch\/archives\/2022\/wp-content\/uploads\/2022\/10\/1174098-1520x855.jpg 1520w, https:\/\/www.giff.ch\/archives\/2022\/wp-content\/uploads\/2022\/10\/1174098-1824x1026.jpg 1824w\" sizes=\"(max-width: 1200px) 100vw, 1200px\" \/>      <\/div>\n                  <div class=\"text-black px-4 mt-2\">\n        Cette ann\u00e9e, le GIFF pr\u00e9sente les s\u00e9ries d\u2019une nouvelle mani\u00e8re: les deux premiers \u00e9pisodes de chaque s\u00e9rie en comp\u00e9tition, ainsi que deux s\u00e9ries hors comp\u00e9tition, sont pr\u00e9sent\u00e9s en salle et le reste des \u00e9pisodes sont disponibles au public en ligne.      <\/div>\n          <\/div>\n    <div class=\"news-card-2022-border\"><\/div>\n  <\/div>\n    <\/a>\n  <\/div>\n<\/div><\/div><div class='row '><div class='col col-12 col-md-6 '><div class=\"news-card-2022 mb-4\">\n    <a href=\"https:\/\/www.giff.ch\/archives\/2022\/en\/giff-tv\/aftermovie-episode-1\/\" target=\"_blank\">\n    <div class=\"news-card-2022-container\">\n    <div class=\"news-card-2022-wrapper py-3\">\n            <div class=\"mb-1 text-uppercase px-4 sup-title\">\n        MEDIAS      <\/div>\n                  <div class=\"h3 mb-2 px-4 title\">\n        Back on the festival in pictures!      <\/div>\n                  <div class=\"ratio ratio-16x9\">\n        <img loading=\"lazy\" decoding=\"async\" width=\"1013\" height=\"675\" src=\"https:\/\/www.giff.ch\/archives\/2022\/wp-content\/uploads\/2022\/11\/AstierPaysage_1.5.1-1013x675.jpg\" class=\"attachment-md size-md\" alt=\"\" srcset=\"https:\/\/www.giff.ch\/archives\/2022\/wp-content\/uploads\/2022\/11\/AstierPaysage_1.5.1-1013x675.jpg 1013w, https:\/\/www.giff.ch\/archives\/2022\/wp-content\/uploads\/2022\/11\/AstierPaysage_1.5.1-309x206.jpg 309w, https:\/\/www.giff.ch\/archives\/2022\/wp-content\/uploads\/2022\/11\/AstierPaysage_1.5.1-462x308.jpg 462w, https:\/\/www.giff.ch\/archives\/2022\/wp-content\/uploads\/2022\/11\/AstierPaysage_1.5.1-1283x855.jpg 1283w, https:\/\/www.giff.ch\/archives\/2022\/wp-content\/uploads\/2022\/11\/AstierPaysage_1.5.1-1539x1026.jpg 1539w, https:\/\/www.giff.ch\/archives\/2022\/wp-content\/uploads\/2022\/11\/AstierPaysage_1.5.1-2025x1350.jpg 2025w\" sizes=\"(max-width: 1013px) 100vw, 1013px\" \/>      <\/div>\n                  <div class=\"text-black px-4 mt-2\">\n        Discover the aftermovies  \ud83d\udc95      <\/div>\n          <\/div>\n    <div class=\"news-card-2022-border\"><\/div>\n  <\/div>\n    <\/a>\n  <\/div>\n<\/div><div class='col col-12 col-md-6 '><div class=\"news-card-2022 mb-4\">\n    <a href=\"https:\/\/www.giff.ch\/archives\/2022\/film\/the-blind\/\" target=\"_blank\">\n    <div class=\"news-card-2022-container\">\n    <div class=\"news-card-2022-wrapper py-3\">\n            <div class=\"mb-1 text-uppercase px-4 sup-title\">\n        \u0152uvre immersive      <\/div>\n                  <div class=\"h3 mb-2 px-4 title\">\n        Les aveugles      <\/div>\n                  <div class=\"ratio ratio-16x9\">\n        <img loading=\"lazy\" decoding=\"async\" width=\"1097\" height=\"675\" src=\"https:\/\/www.giff.ch\/archives\/2022\/wp-content\/uploads\/2022\/07\/Les-aveugles_INVIVO_visuel-principal_HD-credit-INVIVO-1097x675.jpeg\" class=\"attachment-md size-md\" alt=\"\" srcset=\"https:\/\/www.giff.ch\/archives\/2022\/wp-content\/uploads\/2022\/07\/Les-aveugles_INVIVO_visuel-principal_HD-credit-INVIVO-1097x675.jpeg 1097w, https:\/\/www.giff.ch\/archives\/2022\/wp-content\/uploads\/2022\/07\/Les-aveugles_INVIVO_visuel-principal_HD-credit-INVIVO-335x206.jpeg 335w, https:\/\/www.giff.ch\/archives\/2022\/wp-content\/uploads\/2022\/07\/Les-aveugles_INVIVO_visuel-principal_HD-credit-INVIVO-500x308.jpeg 500w, https:\/\/www.giff.ch\/archives\/2022\/wp-content\/uploads\/2022\/07\/Les-aveugles_INVIVO_visuel-principal_HD-credit-INVIVO-1389x855.jpeg 1389w, https:\/\/www.giff.ch\/archives\/2022\/wp-content\/uploads\/2022\/07\/Les-aveugles_INVIVO_visuel-principal_HD-credit-INVIVO-1667x1026.jpeg 1667w\" sizes=\"(max-width: 1097px) 100vw, 1097px\" \/>      <\/div>\n                  <div class=\"text-black px-4 mt-2\">\n        \u00ab\u00a0Les Aveugles\u00a0\u00bb nous plonge dans un univers virtuel brut et sensible. L\u2019exp\u00e9rience constitue une prise de conscience de notre sort, un \u00e9veil au monde, \u00e0 la fois po\u00e9tique et m\u00e9taphysique. Une \u0153uvre immersive fascinante au c\u0153ur d\u2019un paysage \u00e9trange et beau pour douze spectateur\u00b7rice\u00b7s.      <\/div>\n          <\/div>\n    <div class=\"news-card-2022-border\"><\/div>\n  <\/div>\n    <\/a>\n  <\/div>\n<\/div><\/div><div class='row '><div class='col col-12 col-md-6 '><div class=\"news-card-2022 mb-4\">\n    <a href=\"https:\/\/www.giff.ch\/archives\/2022\/programme\/geneva\/\" target=\"_blank\">\n    <div class=\"news-card-2022-container\">\n    <div class=\"news-card-2022-wrapper py-3\">\n            <div class=\"mb-1 text-uppercase px-4 sup-title\">\n        Actualit\u00e9      <\/div>\n                  <div class=\"h3 mb-2 px-4 title\">\n        Le Geneva Award est remis \u00e0 Nicolas Winding Refn      <\/div>\n                  <div class=\"ratio ratio-16x9\">\n        <img loading=\"lazy\" decoding=\"async\" width=\"982\" height=\"675\" src=\"https:\/\/www.giff.ch\/archives\/2022\/wp-content\/uploads\/2022\/10\/NWR-portrait-1-982x675.jpg\" class=\"attachment-md size-md\" alt=\"\" srcset=\"https:\/\/www.giff.ch\/archives\/2022\/wp-content\/uploads\/2022\/10\/NWR-portrait-1-982x675.jpg 982w, https:\/\/www.giff.ch\/archives\/2022\/wp-content\/uploads\/2022\/10\/NWR-portrait-1-300x206.jpg 300w, https:\/\/www.giff.ch\/archives\/2022\/wp-content\/uploads\/2022\/10\/NWR-portrait-1-448x308.jpg 448w, https:\/\/www.giff.ch\/archives\/2022\/wp-content\/uploads\/2022\/10\/NWR-portrait-1-1244x855.jpg 1244w, https:\/\/www.giff.ch\/archives\/2022\/wp-content\/uploads\/2022\/10\/NWR-portrait-1.jpg 1390w\" sizes=\"(max-width: 982px) 100vw, 982px\" \/>      <\/div>\n                  <div class=\"text-black px-4 mt-2\">\n        Ce prix r\u00e9compense la carri\u00e8re de personnalit\u00e9s qui ont su, par leurs choix artistiques et le courage de leurs opinions, inspirer leurs contemporain\u00b7e\u00b7s.      <\/div>\n          <\/div>\n    <div class=\"news-card-2022-border\"><\/div>\n  <\/div>\n    <\/a>\n  <\/div>\n<\/div><div class='col col-12 col-md-6 '><div class=\"news-card-2022 mb-4\">\n    <a href=\"https:\/\/www.giff.ch\/archives\/2022\/programme\/series\/\" target=\"\">\n    <div class=\"news-card-2022-container\">\n    <div class=\"news-card-2022-wrapper py-3\">\n            <div class=\"mb-1 text-uppercase px-4 sup-title\">\n        S\u00e9ries      <\/div>\n                  <div class=\"h3 mb-2 px-4 title\">\n        Pleins feux sur les s\u00e9ries phares de l&rsquo;\u00e9dition 2022      <\/div>\n                  <div class=\"ratio ratio-16x9\">\n        <img loading=\"lazy\" decoding=\"async\" width=\"1200\" height=\"675\" src=\"https:\/\/www.giff.ch\/archives\/2022\/wp-content\/uploads\/2022\/10\/45be65f8-0484-538d-6840-7b959ea7faac-1200x675.jpg\" class=\"attachment-md size-md\" alt=\"\" srcset=\"https:\/\/www.giff.ch\/archives\/2022\/wp-content\/uploads\/2022\/10\/45be65f8-0484-538d-6840-7b959ea7faac-1200x675.jpg 1200w, https:\/\/www.giff.ch\/archives\/2022\/wp-content\/uploads\/2022\/10\/45be65f8-0484-538d-6840-7b959ea7faac-366x206.jpg 366w, https:\/\/www.giff.ch\/archives\/2022\/wp-content\/uploads\/2022\/10\/45be65f8-0484-538d-6840-7b959ea7faac-548x308.jpg 548w, https:\/\/www.giff.ch\/archives\/2022\/wp-content\/uploads\/2022\/10\/45be65f8-0484-538d-6840-7b959ea7faac-1520x855.jpg 1520w, https:\/\/www.giff.ch\/archives\/2022\/wp-content\/uploads\/2022\/10\/45be65f8-0484-538d-6840-7b959ea7faac-1824x1026.jpg 1824w\" sizes=\"(max-width: 1200px) 100vw, 1200px\" \/>      <\/div>\n                  <div class=\"text-black px-4 mt-2\">\n        Des s\u00e9ries qui t\u00e9moignent de l\u2019incroyable diversit\u00e9 dans le domaine aussi bien en Suisse qu\u2019\u00e0 l\u2019international !      <\/div>\n          <\/div>\n    <div class=\"news-card-2022-border\"><\/div>\n  <\/div>\n    <\/a>\n  <\/div>\n<\/div><\/div><div class='row '><div class='col col-12 col-md-6 '><div class=\"news-card-2022 mb-4\">\n    <a href=\"https:\/\/www.giff.ch\/archives\/2022\/programme\/competitions\/\" target=\"_blank\">\n    <div class=\"news-card-2022-container\">\n    <div class=\"news-card-2022-wrapper py-3\">\n            <div class=\"mb-1 text-uppercase px-4 sup-title\">\n        Comp\u00e9titions      <\/div>\n                  <div class=\"h3 mb-2 px-4 title\">\n        D\u00e9couvrez toutes les \u0153uvres en comp\u00e9titions\u00a0!      <\/div>\n                  <div class=\"ratio ratio-16x9\">\n        <img loading=\"lazy\" decoding=\"async\" width=\"994\" height=\"675\" src=\"https:\/\/www.giff.ch\/archives\/2022\/wp-content\/uploads\/2022\/10\/giff-2022-the-origin-of-evil-film-stills-0-1701961-994x675.png\" class=\"attachment-md size-md\" alt=\"\" srcset=\"https:\/\/www.giff.ch\/archives\/2022\/wp-content\/uploads\/2022\/10\/giff-2022-the-origin-of-evil-film-stills-0-1701961-994x675.png 994w, https:\/\/www.giff.ch\/archives\/2022\/wp-content\/uploads\/2022\/10\/giff-2022-the-origin-of-evil-film-stills-0-1701961-303x206.png 303w, https:\/\/www.giff.ch\/archives\/2022\/wp-content\/uploads\/2022\/10\/giff-2022-the-origin-of-evil-film-stills-0-1701961-454x308.png 454w, https:\/\/www.giff.ch\/archives\/2022\/wp-content\/uploads\/2022\/10\/giff-2022-the-origin-of-evil-film-stills-0-1701961-1259x855.png 1259w, https:\/\/www.giff.ch\/archives\/2022\/wp-content\/uploads\/2022\/10\/giff-2022-the-origin-of-evil-film-stills-0-1701961.png 1296w\" sizes=\"(max-width: 994px) 100vw, 994px\" \/>      <\/div>\n                  <div class=\"text-black px-4 mt-2\">\n        Le GIFF pr\u00e9sente ses 5 comp\u00e9titions internationales qui radiographient l&rsquo;audiovisuel contemporain.      <\/div>\n          <\/div>\n    <div class=\"news-card-2022-border\"><\/div>\n  <\/div>\n    <\/a>\n  <\/div>\n<\/div><div class='col col-12 col-md-6 '><div class=\"news-card-2022 mb-4\">\n    <a href=\"https:\/\/www.giff.ch\/archives\/2022\/programme\/highlights\/\" target=\"_blank\">\n    <div class=\"news-card-2022-container\">\n    <div class=\"news-card-2022-wrapper py-3\">\n            <div class=\"mb-1 text-uppercase px-4 sup-title\">\n        highlights !      <\/div>\n                  <div class=\"h3 mb-2 px-4 title\">\n        D\u00e9couvrez les \u00e9v\u00e8nements majeurs du festival !      <\/div>\n                  <div class=\"ratio ratio-16x9\">\n        <img loading=\"lazy\" decoding=\"async\" width=\"1200\" height=\"675\" src=\"https:\/\/www.giff.ch\/archives\/2022\/wp-content\/uploads\/2022\/10\/1170832-1200x675.jpg\" class=\"attachment-md size-md\" alt=\"Winter Boy, GIFF 2021\" srcset=\"https:\/\/www.giff.ch\/archives\/2022\/wp-content\/uploads\/2022\/10\/1170832-1200x675.jpg 1200w, https:\/\/www.giff.ch\/archives\/2022\/wp-content\/uploads\/2022\/10\/1170832-366x206.jpg 366w, https:\/\/www.giff.ch\/archives\/2022\/wp-content\/uploads\/2022\/10\/1170832-548x308.jpg 548w, https:\/\/www.giff.ch\/archives\/2022\/wp-content\/uploads\/2022\/10\/1170832-1520x855.jpg 1520w, https:\/\/www.giff.ch\/archives\/2022\/wp-content\/uploads\/2022\/10\/1170832-1824x1026.jpg 1824w\" sizes=\"(max-width: 1200px) 100vw, 1200px\" \/>      <\/div>\n                  <div class=\"text-black px-4 mt-2\">\n        C\u00e9r\u00e9monies, Avant-premi\u00e8res de films parmi les titres les plus attendus de l\u2019ann\u00e9e, int\u00e9grales de s\u00e9ries d\u2019auteur\u00b7e\u00b7s prestigieux\u00b7euse\u00b7s, Premi\u00e8res mondiales de s\u00e9ries suisses, installations num\u00e9riques de pointe et \u0153uvres immersives uniques en leur genre.      <\/div>\n          <\/div>\n    <div class=\"news-card-2022-border\"><\/div>\n  <\/div>\n    <\/a>\n  <\/div>\n<\/div><\/div>\n<figure class=\"wp-block-embed is-type-video is-provider-vimeo wp-block-embed-vimeo wp-embed-aspect-16-9 wp-has-aspect-ratio\"><div class=\"wp-block-embed__wrapper\">\n<iframe loading=\"lazy\" title=\"GIFF22 I Trailer G\u00e9n\u00e9ral I Web\" src=\"https:\/\/player.vimeo.com\/video\/759575826?dnt=1&amp;app_id=122963\" width=\"500\" height=\"281\" frameborder=\"0\" allow=\"autoplay; fullscreen; picture-in-picture; clipboard-write\"><\/iframe>\n<\/div><\/figure>\n<\/div><div class='col col-12 col-md-4'><div class=\"promotion p-4 giff mb-3\">\n  <div class=\"promotion-container\">\n    <div class=\"promotion-wrapper\">\n            <div class=\"title h2 mb-0\">\n        B\u00c9N\u00c9VOLES      <\/div>\n                  <div class=\"sub-title h3 mb-0\">\n        Rejoins la team !      <\/div>\n                  <div class=\"mt-2\">\n        Envie de t\u2019impliquer dans la culture, de faire plein de rencontres et de vivre un festival de l\u2019int\u00e9rieur ? D\u2019explorer la relation entre le cin\u00e9ma, la t\u00e9l\u00e9vision et les nouvelles formes de cr\u00e9ation digitale ?       <\/div>\n                  <div class=\"mt-2\"> <a href=\"https:\/\/www.giff.ch\/archives\/2022\/le-festival\/benevoles\/\" target=\"_blank\" class=\"btn btn-primary\">\n        Deviens b\u00e9n\u00e9vole !        <\/a> <\/div>\n          <\/div>\n    <div class=\"promotion-image\"><img decoding=\"async\" src=\"https:\/\/www.giff.ch\/archives\/2022\/wp-content\/themes\/giff\/medias\/images\/block-promotion\/giff-2.jpg\" alt=\"\"><\/div>\n  <\/div>\n<\/div>\n<div class=\"promotion p-4 giff mb-3\">\n  <div class=\"promotion-container\">\n    <div class=\"promotion-wrapper\">\n            <div class=\"title h2 mb-0\">\n        Pass GIFF      <\/div>\n                  <div class=\"sub-title h3 mb-0\">\n        Vivez le GIFF en illimit\u00e9 !      <\/div>\n                  <div class=\"mt-2\">\n        Le Pass GIFF donne acc\u00e8s \u00e0 l\u2019ensemble des programmes du Festival, y compris aux soir\u00e9es Nuit Blanches.      <\/div>\n                  <div class=\"mt-2\"> <a href=\"https:\/\/www.giff.ch\/archives\/2022\/billetterie\/\" target=\"\" class=\"btn btn-primary\">\n        Obtenir un pass        <\/a> <\/div>\n          <\/div>\n    <div class=\"promotion-image\"><img decoding=\"async\" src=\"https:\/\/www.giff.ch\/archives\/2022\/wp-content\/themes\/giff\/medias\/images\/block-promotion\/giff-1.jpg\" alt=\"\"><\/div>\n  <\/div>\n<\/div>\n<div class=\"promotion p-4 giff mb-3\">\n  <div class=\"promotion-container\">\n    <div class=\"promotion-wrapper\">\n            <div class=\"title h2 mb-0\">\n        Accr\u00e9ditations      <\/div>\n                  <div class=\"sub-title h3 mb-0\">\n        Les demandes sont ouvertes !      <\/div>\n                  <div class=\"mt-2\">\n        Les accr\u00e9ditations vous permettent un acc\u00e8s privil\u00e9gi\u00e9 \u00e0 l\u2019ensemble des programmes du GIFF ainsi qu\u2019\u00e0 ceux du Geneva Digital Market      <\/div>\n                  <div class=\"mt-2\"> <a href=\"https:\/\/www.giff.ch\/archives\/2022\/le-festival\/accreditation-2\/\" target=\"\" class=\"btn btn-primary\">\n        Obtenir une accr\u00e9ditation        <\/a> <\/div>\n          <\/div>\n    <div class=\"promotion-image\"><img decoding=\"async\" src=\"https:\/\/www.giff.ch\/archives\/2022\/wp-content\/themes\/giff\/medias\/images\/block-promotion\/giff-3.jpg\" alt=\"\"><\/div>\n  <\/div>\n<\/div>\n<div class=\"promotion p-4 gdm mb-3\">\n  <div class=\"promotion-container\">\n    <div class=\"promotion-wrapper\">\n            <div class=\"title h2 mb-0\">\n        Geneva Digital Market      <\/div>\n                  <div class=\"sub-title h3 mb-0\">\n        D\u00e9couvrez le programme du GDM      <\/div>\n                  <div class=\"mt-2\">\n        L&rsquo;unique rendez-vous de Suisse ax\u00e9 sur l\u2019innovation audiovisuelle est disponible \u00e0 distance avec une accr\u00e9ditation GDM\u00a0Online\u00a0!      <\/div>\n                  <div class=\"mt-2\"> <a href=\"https:\/\/www.giff.ch\/archives\/2022\/gdm\/\" target=\"_blank\" class=\"btn btn-primary\">\n        Programme du GDM        <\/a> <\/div>\n          <\/div>\n    <div class=\"promotion-image\"><img decoding=\"async\" src=\"https:\/\/www.giff.ch\/archives\/2022\/wp-content\/themes\/giff\/medias\/images\/block-promotion\/gdm-3.jpg\" alt=\"\"><\/div>\n  <\/div>\n<\/div>\n<\/div><\/div>\n\n\n<p><\/p>\n","protected":false},"excerpt":{"rendered":"","protected":false},"author":1,"featured_media":0,"parent":0,"menu_order":0,"comment_status":"closed","ping_status":"closed","template":"","meta":{"footnotes":""},"acf":[],"_links":{"self":[{"href":"https:\/\/www.giff.ch\/archives\/2022\/wp-json\/wp\/v2\/pages\/1830"}],"collection":[{"href":"https:\/\/www.giff.ch\/archives\/2022\/wp-json\/wp\/v2\/pages"}],"about":[{"href":"https:\/\/www.giff.ch\/archives\/2022\/wp-json\/wp\/v2\/types\/page"}],"author":[{"embeddable":true,"href":"https:\/\/www.giff.ch\/archives\/2022\/wp-json\/wp\/v2\/users\/1"}],"replies":[{"embeddable":true,"href":"https:\/\/www.giff.ch\/archives\/2022\/wp-json\/wp\/v2\/comments?post=1830"}],"version-history":[{"count":3,"href":"https:\/\/www.giff.ch\/archives\/2022\/wp-json\/wp\/v2\/pages\/1830\/revisions"}],"predecessor-version":[{"id":46204,"href":"https:\/\/www.giff.ch\/archives\/2022\/wp-json\/wp\/v2\/pages\/1830\/revisions\/46204"}],"wp:attachment":[{"href":"https:\/\/www.giff.ch\/archives\/2022\/wp-json\/wp\/v2\/media?parent=1830"}],"curies":[{"name":"wp","href":"https:\/\/api.w.org\/{rel}","templated":true}]}}