{"id":1890,"date":"2021-09-01T22:06:01","date_gmt":"2021-09-01T20:06:01","guid":{"rendered":"https:\/\/giff.daisybell.ch\/?page_id=1890"},"modified":"2022-11-23T16:02:27","modified_gmt":"2022-11-23T15:02:27","slug":"presse","status":"publish","type":"page","link":"https:\/\/www.giff.ch\/archives\/2022\/le-festival\/presse\/","title":{"rendered":"Presse"},"content":{"rendered":"\n<h3 class=\"wp-block-heading\">ESPACE PRESSE<\/h3>\n\n\n\n<p>L\u2019espace presse du site contient tous les documents \u00e0 destination des m\u00e9dias. Communiqu\u00e9s de presse, dossier de presse du Festival et dossiers de presse des films, images, affiche et visuels sont disponibles en t\u00e9l\u00e9chargement libre.<\/p>\n\n\n\n<h3 class=\"wp-block-heading\">screeners<\/h3>\n\n\n\n<p>Les screeners des films et s\u00e9ries peuvent \u00eatre au cas par cas demand\u00e9s aupr\u00e8s des distributeurs et ayants-droits. Les demandes peuvent \u00eatre d\u00e9pos\u00e9es par e-mail sur <a href=\"mailto:presse@giff.ch\">presse@giff.ch<\/a>. Les distributeurs proposent \u00e9galement parfois des visions de presse en salles avant ou durant l\u2019\u00e9v\u00e9nement. Il est recommand\u00e9 de consulter le planning des visions de presse parall\u00e8lement \u00e0 l\u2019\u00e9dition.<\/p>\n\n\n\n<h3 class=\"wp-block-heading\">Interviews<\/h3>\n\n\n\n<p>Le service de presse se tient \u00e0 votre disposition pour r\u00e9pondre \u00e0 vos questions, et concr\u00e9tiser dans la mesure du possible vos demandes d\u2019interviews. Une liste des pr\u00e9sences des invit\u00e9\u00b7es est r\u00e9guli\u00e8rement mise \u00e0 jour mise \u00e0 jour sur le site. Les demandes d\u2019interviews peuvent \u00eatre adress\u00e9es par e-mail \u00e0 <a href=\"mailto:presse@giff.ch\">presse@giff.ch<\/a> ! Les interviews sont accept\u00e9es \u00e0 la discr\u00e9tion des talents et distributeurs. Des embargos peuvent s\u2019appliquer.<\/p>\n\n\n\n<h3 class=\"wp-block-heading\">accr\u00e9ditations<\/h3>\n\n\n\n<p>Les accr\u00e9ditations sont ouvertes ! Elles sont r\u00e9serv\u00e9es aux journalistes et professionnel\u00b7les des m\u00e9dias qui couvrent l\u2019\u00e9dition. Pour d\u00e9poser une demande, veuillez remplir le formulaire sur le site.<\/p>\n\n\n\n<p>L\u2019accr\u00e9ditation Premium et Partenaires donne acc\u00e8s \u00e0 toutes les projections et s\u00e9ances du GIFF ainsi qu\u2019au Geneva Digital Market (GDM) en ligne ou sur place. L\u2019accr\u00e9ditation classique offre les m\u00eames acc\u00e8s, except\u00e9s aux installations Evolver, Les Aveugles et la s\u00e9ance Yacine x Marguet qui sont accessibles \u00e0 un tarif r\u00e9duit. La r\u00e9servation est obligatoire pour votre entr\u00e9e en salle. Le service de presse se r\u00e9serve le droit de refuser des accr\u00e9ditations.<\/p>\n\n\n\n<p>Besoin d\u2019une accr\u00e9ditation last minute ? Il est possible de d\u00e9poser votre demande pendant le Festival. Veuillez noter cependant que le service de presse peut ne pas \u00eatre en mesure de valider la demande imm\u00e9diatement. Il est vivement recommand\u00e9 de d\u00e9poser votre demande avant le 3 novembre.<\/p>\n\n\n\n<div style=\"height:40px\" aria-hidden=\"true\" class=\"wp-block-spacer\"><\/div>\n\n\n\n<h3 class=\"wp-block-heading\">MEDIAS KIT<\/h3>\n\n\n\n<p><a href=\"https:\/\/www.giff.ch\/archives\/2022\/wp-content\/uploads\/2022\/07\/Logos.zip\" target=\"_blank\" rel=\"noreferrer noopener\">T\u00e9l\u00e9charger les logos<\/a><\/p>\n\n\n\n<p><a href=\"https:\/\/www.giff.ch\/archives\/2022\/wp-content\/uploads\/2022\/07\/Affiches_2022.zip\" target=\"_blank\" rel=\"noreferrer noopener\">T\u00e9l\u00e9charger les affiches<\/a><\/p>\n\n\n\n<p><a href=\"https:\/\/www.giff.ch\/archives\/2022\/wp-content\/uploads\/2022\/10\/GIFF22_Dossier-de-presse_FR-1.pdf\" target=\"_blank\" rel=\"noreferrer noopener\">T\u00e9l\u00e9charger le dossier de presse<\/a><\/p>\n\n\n\n<p><a href=\"https:\/\/bit.ly\/Presspack_Selection_131022\" target=\"_blank\" rel=\"noreferrer noopener\">T\u00e9l\u00e9charger les images de l&rsquo;\u00e9dition<\/a><\/p>\n\n\n\n<div style=\"height:40px\" aria-hidden=\"true\" class=\"wp-block-spacer\"><\/div>\n\n\n\n<h2 class=\"wp-block-heading\">CONTACT<\/h2>\n\n\n\n<p>Bastien Bento<br>Attach\u00e9 de Presse<br>+41 22 809 69 26&nbsp;<br><a class=\"\" href=\"mailto:presse@giff.ch\">presse@giff.ch<\/a> <\/p>\n\n\n\n<div style=\"height:39px\" aria-hidden=\"true\" class=\"wp-block-spacer\"><\/div>\n\n\n\n<h3 class=\"wp-block-heading\">COMMUNIQU\u00c9S DE PRESSE<\/h3>\n\n\n\n<p><\/p>\n\n\n\n<p>13.10.2022<\/p>\n\n\n\n<p><a href=\"https:\/\/www.giff.ch\/archives\/2022\/wp-content\/uploads\/2022\/10\/CP_Programmation_131022.pdf\" target=\"_blank\" rel=\"noreferrer noopener\">28e&nbsp;GIFF &amp; 10e&nbsp;GDM: UN PROGRAMME QUI SONDE LA FICTION AUDIOVISUELLE CONTEMPORAINE<\/a><br><a href=\"https:\/\/www.giff.ch\/archives\/2022\/wp-content\/uploads\/2022\/10\/PR_Programmation_131022.pdf\" target=\"_blank\" rel=\"noreferrer noopener\">28th&nbsp;GIFF AND 10th&nbsp;GDM: A PROGRAM EXPLORING THE DEPTHS OF CONTEMPORARY AUDIOVISUAL FICTION<\/a><br><a href=\"https:\/\/www.giff.ch\/archives\/2022\/wp-content\/uploads\/2022\/10\/PM_Programmation_131022.pdf\" target=\"_blank\" rel=\"noreferrer noopener\">28. GIFF &amp; 10. GDM: EIN PROGRAMM, DAS NEUE SPIELFILME UND SERIEN SONDIERT<\/a><\/p>\n\n\n\n<p>06.10.2022<\/p>\n\n\n\n<p><a href=\"https:\/\/www.giff.ch\/archives\/2022\/wp-content\/uploads\/2022\/10\/CP_Series_061022.pdf\" target=\"_blank\" rel=\"noreferrer noopener\">28e&nbsp;GIFF: PLEINS FEUX SUR LES S\u00c9RIES PHARES DE L\u2019\u00c9DITION 2022<\/a><br><a href=\"https:\/\/www.giff.ch\/archives\/2022\/wp-content\/uploads\/2022\/10\/PR_Series_061022.pdf\" target=\"_blank\" rel=\"noreferrer noopener\">28TH GIFF: SPOTLIGHT ON THE 2022 EDITION&rsquo;S TOP SERIES<\/a><br><a href=\"https:\/\/www.giff.ch\/archives\/2022\/wp-content\/uploads\/2022\/10\/PM_Series_061022.pdf\" target=\"_blank\" rel=\"noreferrer noopener\">28. GIFF: SPOT AN F\u00dcR DIE TOP-SERIES DER AUSG\u00c4BE 2022<\/a><\/p>\n\n\n\n<p>29.09.2022<\/p>\n\n\n\n<p><a href=\"https:\/\/www.giff.ch\/archives\/2022\/wp-content\/uploads\/2022\/10\/CP_EvolverGDM_290922.pdf\">28e&nbsp;GIFF &amp; 10e&nbsp;GDM: PREMI\u00c8RE EUROP\u00c9ENNE DE L\u2019EXP\u00c9RIENCE VR&nbsp;<em>EVOLVER&nbsp;<\/em>ET PREMIERS RENDEZ-VOUS DU MARCH\u00c9<\/a><br><a href=\"https:\/\/www.giff.ch\/archives\/2022\/wp-content\/uploads\/2022\/10\/PR_EvolverGDM_290922_.pdf\">28th&nbsp;GIFF &amp; 10th&nbsp;GDM: EUROPEAN PREMIERE OF THE&nbsp;EVOLVER&nbsp;VR EXPERIENCE AND FIRST MARKET EVENTS<\/a><br><a href=\"https:\/\/www.giff.ch\/archives\/2022\/wp-content\/uploads\/2022\/10\/PM_EvolverGDM_290922.pdf\">28. GIFF &amp; 10. GDM: EUROPAPREMIERE DES ERLEBENS VR EVOLVER UND ERSTES BRANCHENTREFFEN<\/a><\/p>\n\n\n\n<p>15.09.22<\/p>\n\n\n\n<p><a href=\"https:\/\/www.giff.ch\/archives\/2022\/wp-content\/uploads\/2022\/09\/CP_Mondes-synthetiques_150922-1.pdf\" target=\"_blank\" rel=\"noreferrer noopener\">28e&nbsp;GIFF: LA R\u00c9TROSPECTIVE MONDES SYNTH\u00c9TIQUES EXPLORE LES UTOPIES ET CHIM\u00c8RES DU M\u00c9TAVERS<\/a><br><a href=\"https:\/\/www.giff.ch\/archives\/2022\/wp-content\/uploads\/2022\/09\/PR_Mondes-synthetiques_150922.pdf\" target=\"_blank\" rel=\"noreferrer noopener\">28th&nbsp;GIFF: THE SYNTHETIC WORLDS RETROSPECTIVE EXPLORES THE UTOPIAS AND ILLUSIONS OF THE METAVERSE<\/a><br><a href=\"https:\/\/www.giff.ch\/archives\/2022\/wp-content\/uploads\/2022\/09\/PM_Mondes-synthetiques_150922.pdf\" target=\"_blank\" rel=\"noreferrer noopener\">28. GIFF: DIE RETROSPEKTIVE SYNTHETISCHE WELTEN ERKUNDET DIE UTOPIEN UND TRAUMWELTEN DES METAVERSUMS<\/a><br><\/p>\n\n\n\n<p>7.09.22<\/p>\n\n\n\n<p><a href=\"https:\/\/www.giff.ch\/archives\/2022\/wp-content\/uploads\/2022\/09\/CP_GIFFUnlimited_070922.pdf\" target=\"_blank\" rel=\"noreferrer noopener\">GIFF UNLIMITED: LE GIFF FAIT SA RENTR\u00c9E AVEC DEUX \u00c9V\u00c9NEMENTS HORS MURS<\/a><br><a href=\"https:\/\/www.giff.ch\/archives\/2022\/wp-content\/uploads\/2022\/09\/PR_GIFFUnlimited_070922-1.pdf\" target=\"_blank\" rel=\"noreferrer noopener\">GIFF 22: THE GIFF MAKES ITS RETURN WITH TWO EXTERNAL EVENTS<\/a><br><a href=\"https:\/\/www.giff.ch\/archives\/2022\/wp-content\/uploads\/2022\/09\/PM_GIFFUnlimited_070922.pdf\" target=\"_blank\" rel=\"noreferrer noopener\">GIFF UNLIMITED: DAS GIFF STARTET MIT ZWEI RAHMENVERANSTALTUNGEN<\/a><\/p>\n\n\n\n<p>13.11<\/p>\n\n\n\n<p><a href=\"https:\/\/www.giff.ch\/archives\/2022\/wp-content\/uploads\/2022\/01\/CP_Palmares_131121.pdf\" target=\"_blank\" rel=\"noreferrer noopener\">GIFF 21 : LE GIFF AFFIRME SES FONDAMENTAUX ET OUVRE UN NOUVEAU CHAPITRE<\/a><br><a href=\"https:\/\/www.giff.ch\/archives\/2022\/wp-content\/uploads\/2022\/01\/PR_Awards_131121.pdf\" target=\"_blank\" rel=\"noreferrer noopener\">GIFF 21: GIFF REINFORCES ITS FUNDAMENTALS AND BEGINS A NEW CHAPTER<\/a><br><a href=\"https:\/\/www.giff.ch\/archives\/2022\/wp-content\/uploads\/2022\/01\/PM_Auszeichnungen_131121.pdf\" target=\"_blank\" rel=\"noreferrer noopener\">GIFF 21 : DAS GIFF BLEIBT SEINEN GRUNDS\u00c4TZEN TREU UND \u00d6FFNET GLEICHZEITIG NEUE T\u00dcREN<\/a><\/p>\n\n\n\n<p>03.11<br><a href=\"https:\/\/www.giff.ch\/archives\/2022\/wp-content\/uploads\/2021\/11\/CP_Ouverture_031121.pdf\" target=\"_blank\" rel=\"noreferrer noopener\">GIFF 21 : INAUGURATION DE LA 27E&nbsp;\u00c9DITION DANS L\u2019ANTRE DU PLAZA<\/a><br><a href=\"https:\/\/www.giff.ch\/archives\/2022\/wp-content\/uploads\/2021\/11\/PR_Opening_031121.pdf\">GIFF 21 : OPENING OF THE 27TH&nbsp;FESTIVAL AT LE PLAZA<\/a><br><a href=\"https:\/\/www.giff.ch\/archives\/2022\/wp-content\/uploads\/2021\/11\/PM_Eroffnung_031121.pdf\" target=\"_blank\" rel=\"noreferrer noopener\">GIFF 21 : ER\u00d6FFNUNG DER 27. AUSGABE IM KULTKINO LE PLAZA<\/a><\/p>\n\n\n\n<p><\/p>\n\n\n\n<p>14.10<br><a href=\"https:\/\/www.giff.ch\/archives\/2022\/wp-content\/uploads\/2021\/10\/CP_Programmation_141021.pdf\" target=\"_blank\" rel=\"noreferrer noopener\">GIFF 21 : UNE 27e&nbsp;\u00c9DITION QUI C\u00c9L\u00c8BRE L\u2019INNOVATION NARRATIVE<\/a><br><a href=\"https:\/\/www.giff.ch\/archives\/2022\/wp-content\/uploads\/2021\/10\/PR_Programmation_141021.pdf\" target=\"_blank\" rel=\"noreferrer noopener\">GIFF 21: A 27th&nbsp;FESTIVAL THAT CELEBRATES NARRATIVE INNOVATION<\/a><br><a href=\"https:\/\/www.giff.ch\/archives\/2022\/wp-content\/uploads\/2021\/10\/PM_Program_141021.pdf\" target=\"_blank\" rel=\"noreferrer noopener\">GIFF 21: BEI DER 27. AUSGABE STEHT INNOVATIVE NARRATION IM MITTELPUNKT<\/a><\/p>\n\n\n\n<p><\/p>\n\n\n\n<p>05.10.21<br><a href=\"https:\/\/www.giff.ch\/archives\/2022\/wp-content\/uploads\/2021\/10\/CP_051021.pdf\" target=\"_blank\" rel=\"noreferrer noopener\">GDM 21: UN OBSERVATOIRE UNIQUE SUR L&rsquo;INNOVATION ET LES NOUVELLES TECHNOLOGIES<\/a><br><a href=\"https:\/\/www.giff.ch\/archives\/2022\/wp-content\/uploads\/2021\/10\/PR_051021.pdf\" target=\"_blank\" rel=\"noreferrer noopener\">GDM 21: A UNIQUE OBSERVATORY ON INNOVATION AND NEW TECHNOLOGIES<br><\/a><a href=\"https:\/\/www.giff.ch\/archives\/2022\/wp-content\/uploads\/2021\/10\/PM_051021.pdf\" target=\"_blank\" rel=\"noreferrer noopener\">GDM 21: EINE EINZIGARTIGE BEOBACHTUNGSSTELLE F\u00dcR INNOVATIONEN UND NEUE TECHNOLOGIEN<\/a><\/p>\n\n\n\n<p>23.09.21<br><a href=\"https:\/\/www.giff.ch\/archives\/2022\/wp-content\/uploads\/2021\/10\/CP_230921.pdf\" target=\"_blank\" rel=\"noreferrer noopener\">GIFF 21 : LES S\u00c9RIES HELV\u00c9TIQUES IRRADIENT LA 27e \u00c9DITION<\/a><br><a href=\"https:\/\/www.giff.ch\/archives\/2022\/wp-content\/uploads\/2021\/10\/PR_230921.pdf\" target=\"_blank\" rel=\"noreferrer noopener\">GIFF 21: SWISS SERIES LIGHT UP THE 27th FESTIVAL<\/a><br><a href=\"https:\/\/www.giff.ch\/archives\/2022\/wp-content\/uploads\/2021\/10\/PM_230921.pdf\" target=\"_blank\" rel=\"noreferrer noopener\">GIFF 21: SCHWEIZER SERIEN ALS LICHTPUNKT DER 27. AUSGABE<\/a><\/p>\n\n\n\n<p>16.09.21<br><a href=\"https:\/\/www.giff.ch\/archives\/2022\/wp-content\/uploads\/2021\/09\/CP_160921.pdf\" target=\"_blank\" rel=\"noreferrer noopener\">GIFF 21: LA CIT\u00c9 DE CALVIN \u00c0 L&rsquo;HONNEUR DANS GEN\u00c8VE \u00c7A TOURNE &#8211; REDUX<\/a><br><a href=\"https:\/\/www.giff.ch\/archives\/2022\/wp-content\/uploads\/2021\/09\/PR_160921.pdf\" target=\"_blank\" rel=\"noreferrer noopener\">GIFF 21: GENEVA IN THE SPOTLIGHT IN GEN\u00c8VE \u00c7A TOURNE &#8211; REDUX<\/a><br><a href=\"https:\/\/www.giff.ch\/archives\/2022\/wp-content\/uploads\/2021\/09\/PM_160921.pdf\" target=\"_blank\" rel=\"noreferrer noopener\">GIFF 21: BEI GEN\u00c8VE \u00c7A TOURNE &#8211; REDUX SPIELT GENF DIE HAUPTROLLE<\/a><\/p>\n\n\n\n<p>31.08.21<br><a href=\"https:\/\/www.giff.ch\/archives\/2022\/wp-content\/uploads\/2021\/09\/CP_310821.pdf\" target=\"_blank\" rel=\"noreferrer noopener\">GIFF 21: DES JURYS PLUS INCLUSIFS ET TRANSVERSAUX POUR D\u00c9CERNER LES PRIX DE LA 27E \u00c9DITION<\/a><br><a href=\"https:\/\/www.giff.ch\/archives\/2022\/wp-content\/uploads\/2021\/09\/PR_310821.pdf\">GIFF 21: MORE INCLUSIVE AND TRANSDISCIPLINARY JURIES TO PRESENT THE AWARDS AT THE 27 EDITION<\/a><br><a href=\"https:\/\/www.giff.ch\/archives\/2022\/wp-content\/uploads\/2021\/09\/PM_310821.pdf\" target=\"_blank\" rel=\"noreferrer noopener\">GIFF 21: INTEGRATIVERE UND BEREICHS\u00dcBERGREIFENDERE JURYS ZUR PREISVERLEIHUNG ANL\u00c4SSLICH DER 27. AUSGABE<\/a><\/p>\n\n\n\n<p>27.07.21<br><a href=\"https:\/\/www.giff.ch\/archives\/2022\/wp-content\/uploads\/2021\/09\/CP_270721.pdf\" target=\"_blank\" rel=\"noreferrer noopener\">La 27\u00e8me \u00e9dition du Geneva International Film Festival (GIFF) \u2013 Par-del\u00e0 les genres, les formats&nbsp;: un programme qui brise les barri\u00e8res de l\u2019audiovisuel<\/a><br><a href=\"https:\/\/www.giff.ch\/archives\/2022\/wp-content\/uploads\/2021\/09\/PR_270721.pdf\" target=\"_blank\" rel=\"noreferrer noopener\">The 27th edition of the Geneva International Film Festival (GIFF): Beyond genres, formats : A program that breaks down audiovisual barriers<\/a><br><a href=\"https:\/\/www.giff.ch\/archives\/2022\/wp-content\/uploads\/2021\/09\/PM_270721.pdf\" target=\"_blank\" rel=\"noreferrer noopener\">Die 27. Ausgabe des Geneva International Film Festival (GIFF) : Jenseits von genren und formaten : ein programm, das die barrieren des audiovisuellen bricht<\/a><\/p>\n\n\n\n<p><a href=\"https:\/\/www.dropbox.com\/sh\/h4lbz5revqdcwah\/AADBlzl0BY9SxPjP8JFd5UbIa?dl=0\" target=\"_blank\" rel=\"noreferrer noopener\">T\u00e9l\u00e9chargements des visuels<\/a><\/p>\n\n\n\n<p>20.04.21<br><a href=\"https:\/\/www.giff.ch\/archives\/2022\/wp-content\/uploads\/2021\/09\/CP_200421.pdf\" target=\"_blank\" rel=\"noreferrer noopener\">Eurofest XR &#8211; FR<\/a><br><a href=\"https:\/\/www.giff.ch\/archives\/2022\/wp-content\/uploads\/2021\/09\/PR_200421.pdf\" target=\"_blank\" rel=\"noreferrer noopener\">Eurofest XR &#8211; EN<\/a><\/p>\n\n\n\n<p>15.11.20<br><a href=\"https:\/\/www.giff.ch\/archives\/2022\/wp-content\/uploads\/2021\/09\/CP_151120.pdf\" target=\"_blank\" rel=\"noreferrer noopener\">Cl\u00f4ture du Geneva Digital Market et du GIFF<\/a><br><a href=\"https:\/\/www.giff.ch\/archives\/2022\/wp-content\/uploads\/2021\/09\/PR_151120.pdf\" target=\"_blank\" rel=\"noreferrer noopener\">Closing of the Geneva Digital Market and GIFF<\/a><br><a href=\"https:\/\/www.giff.ch\/archives\/2022\/wp-content\/uploads\/2021\/09\/PM_151120.pdf\" target=\"_blank\" rel=\"noreferrer noopener\">Schliessung des Geneva Digital Market und des GIFF<\/a><\/p>\n\n\n\n<p>06.11.20<br><a href=\"https:\/\/www.giff.ch\/archives\/2022\/wp-content\/uploads\/2021\/09\/CP_061120.pdf\" target=\"_blank\" rel=\"noreferrer noopener\">Play Suisse X GIFF : Un voyage linguistique et temporel \u00e0 travers la Suisse<\/a><br><a href=\"https:\/\/www.giff.ch\/archives\/2022\/wp-content\/uploads\/2021\/09\/PR_061120.pdf\" target=\"_blank\" rel=\"noreferrer noopener\">Play Suisse X GIFF : A time and language trip through Switzerland <\/a><br><a href=\"https:\/\/www.giff.ch\/archives\/2022\/wp-content\/uploads\/2021\/09\/PM_061120.pdf\" target=\"_blank\" rel=\"noreferrer noopener\">Play Suisse X GIFF : Eine sprachliche und zeitliche Reise durch die Schweiz<\/a><\/p>\n\n\n\n<p>29.10.20<br><a href=\"https:\/\/www.giff.ch\/archives\/2022\/wp-content\/uploads\/2021\/09\/CP_291020.pdf\" target=\"_blank\" rel=\"noreferrer noopener\">La 26\u00e8me \u00e9dition du Geneva International Film Festival est annul\u00e9e<\/a><br><a href=\"https:\/\/www.giff.ch\/archives\/2022\/wp-content\/uploads\/2021\/09\/PR_291020.pdf\" target=\"_blank\" rel=\"noreferrer noopener\">The 26th edition of the Geneva International Film Festival is cancelled<\/a><br><a rel=\"noreferrer noopener\" href=\"https:\/\/www.giff.ch\/archives\/2022\/wp-content\/uploads\/2021\/09\/PM_291020.pdf\" target=\"_blank\">Die 26. Ausgabe des Geneva International Film Festival wird abgesagt<\/a><\/p>\n\n\n\n<p>28.10.20<br><a href=\"https:\/\/www.giff.ch\/archives\/2022\/wp-content\/uploads\/2021\/09\/CP_281020.pdf\" target=\"_blank\" rel=\"noreferrer noopener\">Luca Guadagnino, Carice van Houten et Viktoriya Isakova rejoignent les invit\u00e9\u00b7e\u00b7s du 26e Geneva International Film Festival<\/a><br><a href=\"https:\/\/www.giff.ch\/archives\/2022\/wp-content\/uploads\/2021\/09\/PR_281020.pdf\" target=\"_blank\" rel=\"noreferrer noopener\">Luca Guadagnino, Carice van Houten and Viktoriya Isakova join the guests of the 26th Geneva International Film Festival<\/a><\/p>\n\n\n\n<p>15.10.20<br><a href=\"https:\/\/www.giff.ch\/archives\/2022\/wp-content\/uploads\/2021\/09\/CP_151020.pdf\" target=\"_blank\" rel=\"noreferrer noopener\">Le programme de la 26\u00e8me \u00e9dition du Geneva International Film Festival est en ligne<\/a><br><a href=\"https:\/\/www.giff.ch\/archives\/2022\/wp-content\/uploads\/2021\/09\/PR_151020.pdf\" target=\"_blank\" rel=\"noreferrer noopener\">The program of the 26th edition of the Geneva International Film Festival is online<\/a><br><a href=\"https:\/\/www.giff.ch\/archives\/2022\/wp-content\/uploads\/2021\/09\/PM_151020.pdf\" target=\"_blank\" rel=\"noreferrer noopener\">Das Programm der 26, Ausgabe des Geneva International Film Festival ist online<\/a><\/p>\n\n\n\n<p>21.09.20<br><a href=\"https:\/\/www.giff.ch\/archives\/2022\/wp-content\/uploads\/2021\/09\/CP_210920.pdf\" target=\"_blank\" rel=\"noreferrer noopener\">Le Geneva Award 2020 attribu\u00e9 \u00e0 Mads Mikkelsen<\/a><br><a href=\"https:\/\/www.giff.ch\/archives\/2022\/wp-content\/uploads\/2021\/09\/PR_210920.pdf\" target=\"_blank\" rel=\"noreferrer noopener\">Geneva Award 2020 goes to Mads Mikkelsen<\/a><br><a href=\"https:\/\/www.giff.ch\/archives\/2022\/wp-content\/uploads\/2021\/09\/PM_210920.pdf\" target=\"_blank\" rel=\"noreferrer noopener\">Mads Mikkelsen ist Preistr\u00e4ger des Geneva Award 2020<\/a><\/p>\n\n\n\n<p>12.10.20<br><a href=\"https:\/\/www.giff.ch\/archives\/2022\/wp-content\/uploads\/2021\/09\/CP_121020.pdf\" target=\"_blank\" rel=\"noreferrer noopener\">26e GIFF; Woodkid, laur\u00e9at du Film &amp; Beyond Award<\/a><br><a href=\"https:\/\/www.giff.ch\/archives\/2022\/wp-content\/uploads\/2021\/09\/PR_121020.pdf\" target=\"_blank\" rel=\"noreferrer noopener\">26th GIFF: Woodkid, winner of the Film &amp; Beyond Award<\/a><br><a href=\"https:\/\/www.giff.ch\/archives\/2022\/wp-content\/uploads\/2021\/09\/PM_121020.pdf\" target=\"_blank\" rel=\"noreferrer noopener\">26.Ausgabe des GIFF: Woodkid, Preistr\u00e4ger des Film &amp; Beyond Award<\/a><\/p>\n\n\n\n<p>06.10.20<br><a href=\"https:\/\/www.giff.ch\/archives\/2022\/wp-content\/uploads\/2021\/09\/CP_061020.pdf\" target=\"_blank\" rel=\"noreferrer noopener\">Le GIFF et Stephan Eicher feront revivre Le Plaza<\/a><br><a href=\"https:\/\/www.giff.ch\/archives\/2022\/wp-content\/uploads\/2021\/09\/PR_061020.pdf\" target=\"_blank\" rel=\"noreferrer noopener\">GIFF and Stephan Eicher to bring the Plaza to life!<\/a><br><a href=\"https:\/\/www.giff.ch\/archives\/2022\/wp-content\/uploads\/2021\/09\/PM_061020.pdf\" target=\"_blank\" rel=\"noreferrer noopener\">Das GIFF und Stephan Eicher holen das Kino Plaza aus der Versenkung<\/a><\/p>\n\n\n\n<p>16.06.20<br><a href=\"https:\/\/www.giff.ch\/archives\/2022\/wp-content\/uploads\/2021\/09\/CP_160620.pdf\" target=\"_blank\" rel=\"noreferrer noopener\">Le GIFF accueille le European Script Award<\/a><br><a href=\"https:\/\/www.giff.ch\/archives\/2022\/wp-content\/uploads\/2021\/09\/PR_160620.pdf\" target=\"_blank\" rel=\"noreferrer noopener\">GIFF to host the European Script Award<\/a><br><a href=\"https:\/\/www.giff.ch\/archives\/2022\/wp-content\/uploads\/2021\/09\/PM_160620.pdf\" target=\"_blank\" rel=\"noreferrer noopener\">Das European Script Award am GIFF<\/a><\/p>\n\n\n\n<p>07.05.20<br><a href=\"https:\/\/www.giff.ch\/archives\/2022\/wp-content\/uploads\/2021\/09\/CP_070520.pdf\" target=\"_blank\" rel=\"noreferrer noopener\">Ana\u00efs Emery, nomm\u00e9e nouvelle Directrice g\u00e9n\u00e9rale et artistique du GIFF<\/a><br><a href=\"https:\/\/www.giff.ch\/archives\/2022\/wp-content\/uploads\/2021\/09\/PR_070520.pdf\" target=\"_blank\" rel=\"noreferrer noopener\">Ana\u00efs Emery appointed new General &amp; Artistic Director at GIFF<\/a><br><a href=\"https:\/\/www.giff.ch\/archives\/2022\/wp-content\/uploads\/2021\/09\/PM_070520.pdf\" target=\"_blank\" rel=\"noreferrer noopener\">Ana\u00efs Emery, eine neue Direktorin f\u00fcr das GIFF<\/a><\/p>\n","protected":false},"excerpt":{"rendered":"<p>ESPACE PRESSE L\u2019espace presse du site contient tous les documents \u00e0 destination des m\u00e9dias. Communiqu\u00e9s de presse, dossier de presse du Festival et dossiers de presse des films, images, affiche et visuels sont disponibles en t\u00e9l\u00e9chargement libre. screeners Les screeners des films et s\u00e9ries peuvent \u00eatre au cas par cas demand\u00e9s aupr\u00e8s des distributeurs et [&hellip;]<\/p>\n","protected":false},"author":1,"featured_media":0,"parent":36820,"menu_order":7,"comment_status":"closed","ping_status":"closed","template":"","meta":{"footnotes":""},"acf":[],"_links":{"self":[{"href":"https:\/\/www.giff.ch\/archives\/2022\/wp-json\/wp\/v2\/pages\/1890"}],"collection":[{"href":"https:\/\/www.giff.ch\/archives\/2022\/wp-json\/wp\/v2\/pages"}],"about":[{"href":"https:\/\/www.giff.ch\/archives\/2022\/wp-json\/wp\/v2\/types\/page"}],"author":[{"embeddable":true,"href":"https:\/\/www.giff.ch\/archives\/2022\/wp-json\/wp\/v2\/users\/1"}],"replies":[{"embeddable":true,"href":"https:\/\/www.giff.ch\/archives\/2022\/wp-json\/wp\/v2\/comments?post=1890"}],"version-history":[{"count":3,"href":"https:\/\/www.giff.ch\/archives\/2022\/wp-json\/wp\/v2\/pages\/1890\/revisions"}],"predecessor-version":[{"id":46319,"href":"https:\/\/www.giff.ch\/archives\/2022\/wp-json\/wp\/v2\/pages\/1890\/revisions\/46319"}],"up":[{"embeddable":true,"href":"https:\/\/www.giff.ch\/archives\/2022\/wp-json\/wp\/v2\/pages\/36820"}],"wp:attachment":[{"href":"https:\/\/www.giff.ch\/archives\/2022\/wp-json\/wp\/v2\/media?parent=1890"}],"curies":[{"name":"wp","href":"https:\/\/api.w.org\/{rel}","templated":true}]}}