{"id":36783,"date":"2022-01-05T10:19:36","date_gmt":"2022-01-05T09:19:36","guid":{"rendered":"https:\/\/www.giff.ch\/archives\/2022\/?page_id=36783"},"modified":"2022-11-23T15:30:27","modified_gmt":"2022-11-23T14:30:27","slug":"equipe-et-fondation","status":"publish","type":"page","link":"https:\/\/www.giff.ch\/archives\/2022\/le-festival\/equipe-et-fondation\/","title":{"rendered":"\u00c9QUIPE ET FONDATION"},"content":{"rendered":"\n<p><\/p>\n\n\n\n<h3 class=\"wp-block-heading\"><strong>CONSEIL DE FONDATION<\/strong><\/h3>\n\n\n\n<p>La Fondation GIFF a pour but de promouvoir la cr\u00e9ation cin\u00e9matographique, t\u00e9l\u00e9visuelle et num\u00e9rique en Suisse. \u00c0 cette fin, elle organise notamment le Geneva International Film Festival (GIFF) et le<a href=\"https:\/\/www.giff.ch\/archives\/2022\/gdm\/\"> Geneva Digital Market<\/a> (GDM), tous deux pendant la premi\u00e8re quinzaine de novembre ainsi que le programme <a href=\"https:\/\/www.giff.ch\/archives\/2022\/agenda\/giff-unlimited\/\">GIFF Unlimited<\/a>.<\/p>\n\n\n\n<p>Pr\u00e9sidente, Anja Wyden Guelpa, directrice de civicLab et ancienne Chanceli\u00e8re \u00e0 l\u2019\u00c9tat de Gen\u00e8ve<br>Vice-pr\u00e9sident, Guerric Canonica, partenaire dans l\u2019\u00e9tude Canonica Valticos de Preux + Associ\u00e9e<br>Secr\u00e9taire, Neal Hartman, directeur de CineGlobe FIlm Festival et ing\u00e9nieur au CERN<\/p>\n\n\n\n<div style=\"height:31px\" aria-hidden=\"true\" class=\"wp-block-spacer\"><\/div>\n\n\n\n<h3 class=\"wp-block-heading\">Membres du conseil de Fondation<\/h3>\n\n\n\n<p>Philippa de Roten, directrice du d\u00e9partement Soci\u00e9t\u00e9 et Culture \u00e0 la RTS<br>Maximilian Karli, producteur \u00e0 Rita Productions et Bandita Films<br>Yarom Ophir, pr\u00e9sident du conseil et cofondateur de Katana SA<\/p>\n\n\n\n<div style=\"height:31px\" aria-hidden=\"true\" class=\"wp-block-spacer\"><\/div>\n\n\n\n<h3 class=\"wp-block-heading\"><strong>Direction <\/strong><\/h3>\n\n\n\n<p>Ana\u00efs Emery &#8211; directrice g\u00e9n\u00e9rale et artistique<br>Tom Guex &#8211; directeur adjoint&nbsp;en charge&nbsp;des op\u00e9rations<\/p>\n\n\n\n<p><\/p>\n\n\n\n<div style=\"height:31px\" aria-hidden=\"true\" class=\"wp-block-spacer\"><\/div>\n\n\n\n<h3 class=\"wp-block-heading\"><strong>Programmation <\/strong><\/h3>\n\n\n\n<p>Maral Mohsenin&nbsp;&#8211; responsable&nbsp;des programmes<br>Mona Journo &#8211; assistante&nbsp;de programmation<br>Lydie Huarcaya Castaneda &#8211; stagiaire programmation<br>Paola Gazzani Marinelli &#8211; responsable&nbsp;des programmes&nbsp;num\u00e9riques&nbsp;et professionnels<br>Lucie Emch &#8211;&nbsp;assistante&nbsp;de la programmation&nbsp;immersive<br>Ana Castanosa &#8211; responsable&nbsp;op\u00e9rationnelle&nbsp;du GDM<br>Katie DeVore \u2013 assistante du GDM<br>Juliette Papalo\u00efzos &#8211; responsable de la&nbsp;m\u00e9diation culturelle<br>Gala&nbsp;Frecon &#8211;&nbsp;responsable&nbsp;hospitalit\u00e9<br>Sarah Quintric &#8211; coordinatrice accueil invit\u00e9s<br>Yael Golan &#8211; charg\u00e9e de protocole<br>Isotta Regazzoni &#8211; responsable du broadcast<br>Nathalie Gregoletto, Ga\u00eblle Vidalie, Anna Percival, Fran Gayo, Frank Braun &#8211; programmation cin\u00e9ma<br>Nathalie Gregoletto, Anna Percival &#8211; programmation s\u00e9ries<br>Sten Kristian Saluveer &#8211; programme professionnel (Geneva Digital Market )<\/p>\n\n\n\n<div style=\"height:31px\" aria-hidden=\"true\" class=\"wp-block-spacer\"><\/div>\n\n\n\n<h3 class=\"wp-block-heading\"><br><strong>Communication<\/strong><br><\/h3>\n\n\n\n<p>Rosalie Grobet &#8211; \u00a0responsable de communication<br>Marilou Jarry &#8211; responsable communication digitale<br>Justine Langlois &#8211; assistante communication<br>Bastien Bento &#8211; attach\u00e9 presse<br>L\u00e9a Eigenmann &#8211; assistante presse<br>Andrea Di Guardo &#8211; stagiaire presse<br>James Berclaz-Lewis &#8211; responsable documentation<br>Fabien Jupille &#8211; montage vid\u00e9o<br>DaisyBell &#8211; webmaster<br>Office for Typography &#8211; graphisme<br>Benjamin Muzzin &#8211; CGI<br><\/p>\n\n\n\n<p><\/p>\n\n\n\n<div style=\"height:31px\" aria-hidden=\"true\" class=\"wp-block-spacer\"><\/div>\n\n\n\n<h3 class=\"wp-block-heading\"><strong>Op\u00e9ration <\/strong><\/h3>\n\n\n\n<p>Joseph Chaumont &#8211; coordinateur administratif <br>Lydia Frost &#8211; responsable des partenariats&nbsp;<br>Alba Lage &#8211; responsable accueil des publics<br>Sarah Ciuclea &#8211; assistante accueil des publics<br>Estelle Lligona &#8211; responsable b\u00e9n\u00e9voles<br>Chlo\u00e9 Pellegrin\u2013 assistante b\u00e9n\u00e9voles<br>Alex Schuhmann \u2013 responsable technique VR<br>Sarah Menouer &#8211; responsable production<br>F\u00e9lix Tatzber &#8211; coordinateur production<br>Carl Ahnebrink \u2013 responsable des accr\u00e9ditations<br>Samir Fenazi \u2013 responsable billetterie<br>L\u00e9o Marti &#8211; coordination Nuits Blanches<br>Adrien Boulanger \u2013 responsable technique<br>Laurent Marti \u2013 informatique<\/p>\n\n\n\n<div style=\"height:31px\" aria-hidden=\"true\" class=\"wp-block-spacer\"><\/div>\n\n\n\n<p><strong>MERCI&nbsp;!<br>Nous remercions tr\u00e8s chaleureusement l\u2019ensemble <\/strong><br><strong>des stagiaires et b\u00e9n\u00e9voles qui font vivre ce Festival !<\/strong><\/p>\n\n\n\n<div style=\"height:31px\" aria-hidden=\"true\" class=\"wp-block-spacer\"><\/div>\n\n\n\n<p><\/p>\n","protected":false},"excerpt":{"rendered":"<p>CONSEIL DE FONDATION La Fondation GIFF a pour but de promouvoir la cr\u00e9ation cin\u00e9matographique, t\u00e9l\u00e9visuelle et num\u00e9rique en Suisse. \u00c0 cette fin, elle organise notamment le Geneva International Film Festival (GIFF) et le Geneva Digital Market (GDM), tous deux pendant la premi\u00e8re quinzaine de novembre ainsi que le programme GIFF Unlimited. Pr\u00e9sidente, Anja Wyden Guelpa, [&hellip;]<\/p>\n","protected":false},"author":1,"featured_media":0,"parent":36820,"menu_order":0,"comment_status":"closed","ping_status":"closed","template":"","meta":{"footnotes":""},"acf":[],"_links":{"self":[{"href":"https:\/\/www.giff.ch\/archives\/2022\/wp-json\/wp\/v2\/pages\/36783"}],"collection":[{"href":"https:\/\/www.giff.ch\/archives\/2022\/wp-json\/wp\/v2\/pages"}],"about":[{"href":"https:\/\/www.giff.ch\/archives\/2022\/wp-json\/wp\/v2\/types\/page"}],"author":[{"embeddable":true,"href":"https:\/\/www.giff.ch\/archives\/2022\/wp-json\/wp\/v2\/users\/1"}],"replies":[{"embeddable":true,"href":"https:\/\/www.giff.ch\/archives\/2022\/wp-json\/wp\/v2\/comments?post=36783"}],"version-history":[{"count":3,"href":"https:\/\/www.giff.ch\/archives\/2022\/wp-json\/wp\/v2\/pages\/36783\/revisions"}],"predecessor-version":[{"id":46312,"href":"https:\/\/www.giff.ch\/archives\/2022\/wp-json\/wp\/v2\/pages\/36783\/revisions\/46312"}],"up":[{"embeddable":true,"href":"https:\/\/www.giff.ch\/archives\/2022\/wp-json\/wp\/v2\/pages\/36820"}],"wp:attachment":[{"href":"https:\/\/www.giff.ch\/archives\/2022\/wp-json\/wp\/v2\/media?parent=36783"}],"curies":[{"name":"wp","href":"https:\/\/api.w.org\/{rel}","templated":true}]}}