{"id":36908,"date":"2022-01-05T16:28:53","date_gmt":"2022-01-05T15:28:53","guid":{"rendered":"https:\/\/www.giff.ch\/archives\/2022\/?page_id=36908"},"modified":"2022-11-23T16:31:43","modified_gmt":"2022-11-23T15:31:43","slug":"scolaire","status":"publish","type":"page","link":"https:\/\/www.giff.ch\/archives\/2022\/le-festival\/mediation\/scolaire\/","title":{"rendered":"SCOLAIRES"},"content":{"rendered":"\n<p><\/p>\n\n\n\n<h2 class=\"wp-block-heading\">LES SCOLAIRES DU GIFF<\/h2>\n\n\n\n<p>Pour sa 29<sup>e<\/sup>\u00a0\u00e9dition, le Geneva International Film Festival (GIFF) revient avec de nouvelles propositions con\u00e7ues pour les scolaires. Depuis 1995, le Festival pr\u00e9sente au public des r\u00e9cits aux formats multiples. Que ce soit sous formes de s\u00e9ries, de films ou, plus r\u00e9cemment, d\u2019\u0153uvres immersives en r\u00e9alit\u00e9 virtuelle, mixte ou augment\u00e9e (XR), la programmation du GIFF cherche \u00e0 explorer les territoires infinis du digital. Le Festival invite ainsi son public \u00e0 exp\u00e9rimenter des \u0153uvres num\u00e9riques destin\u00e9es \u00e0 renouveler notre regard sur le cin\u00e9ma et les nouvelles technologies.<\/p>\n\n\n\n<p>Chaque ann\u00e9e, le GIFF propose des ateliers en classes et des initiatives programmatiques en faveur de l\u2019\u00e9ducation \u00e0 l\u2019image ou de sensibilisation \u00e0 la cr\u00e9ation digitale. Le Festival propose ainsi d\u2019\u00e9largir nos perspectives gr\u00e2ce au num\u00e9rique, tout en apportant des outils ad\u00e9quats pour exercer un regard critique et constructif sur les m\u00e9dias.<\/p>\n\n\n\n<p>Les inscriptions pour les programmes scolaires pour l\u2019\u00e9dition 2023 seront ouvertes d\u00e8s le mois d&rsquo;ao\u00fbt\u00a0! Vous trouverez toutes les propositions dans le\u00a0<a href=\"https:\/\/www.giff.ch\/archives\/2022\/wp-content\/uploads\/2022\/10\/Dossier-pedagogique_GIFF2022_SI.pdf\" target=\"_blank\" rel=\"noreferrer noopener\"><strong><u>dossier Secondaire I<\/u><\/strong>\u00a0<\/a>et\u00a0<a href=\"https:\/\/www.giff.ch\/archives\/2022\/wp-content\/uploads\/2022\/10\/Dossier-pedagogique_GIFF2022_SII.pdf\" target=\"_blank\" rel=\"noreferrer noopener\"><strong><u>le dossier Secondaire 2<\/u><\/strong>.\u00a0<\/a><\/p>\n\n\n<img loading=\"lazy\" decoding=\"async\" width=\"640\" height=\"427\" src=\"https:\/\/www.giff.ch\/archives\/2022\/wp-content\/uploads\/2022\/01\/GIFF_09_11_2021_Scolaires_Pitoeff_mathieu_geser-18-1013x675.jpg\" class=\"img-fluid pb-3\" alt=\"GIFF 2022\" srcset=\"https:\/\/www.giff.ch\/archives\/2022\/wp-content\/uploads\/2022\/01\/GIFF_09_11_2021_Scolaires_Pitoeff_mathieu_geser-18-1013x675.jpg 1013w, https:\/\/www.giff.ch\/archives\/2022\/wp-content\/uploads\/2022\/01\/GIFF_09_11_2021_Scolaires_Pitoeff_mathieu_geser-18-309x206.jpg 309w, https:\/\/www.giff.ch\/archives\/2022\/wp-content\/uploads\/2022\/01\/GIFF_09_11_2021_Scolaires_Pitoeff_mathieu_geser-18-462x308.jpg 462w, https:\/\/www.giff.ch\/archives\/2022\/wp-content\/uploads\/2022\/01\/GIFF_09_11_2021_Scolaires_Pitoeff_mathieu_geser-18-1283x855.jpg 1283w, https:\/\/www.giff.ch\/archives\/2022\/wp-content\/uploads\/2022\/01\/GIFF_09_11_2021_Scolaires_Pitoeff_mathieu_geser-18-1539x1026.jpg 1539w, https:\/\/www.giff.ch\/archives\/2022\/wp-content\/uploads\/2022\/01\/GIFF_09_11_2021_Scolaires_Pitoeff_mathieu_geser-18-2025x1350.jpg 2025w\" sizes=\"(max-width: 640px) 100vw, 640px\" \/>\n\n\n<div style=\"height:39px\" aria-hidden=\"true\" class=\"wp-block-spacer\"><\/div>\n\n\n\n<h2 class=\"wp-block-heading\"><strong>29<sup>e<\/sup>\u00a0EDITION \u2013 DU 3 AU 12 NOVEMBRE 202<\/strong>3<\/h2>\n\n\n\n<h3 class=\"wp-block-heading\"><\/h3>\n\n\n\n<p><\/p>\n\n\n\n<h2 class=\"wp-block-heading\"><strong>D\u00c8S JANVIER 2023<\/strong><\/h2>\n\n\n\n<h3 class=\"wp-block-heading\">ATELIERS EN CLASSE&nbsp;\u00ab&nbsp;SOMMES-NOUS TOUTES DES STARS&nbsp;?&nbsp;\u00bb<\/h3>\n\n\n\n<p>Avec l\u2019apparition d\u2019internet, des r\u00e9seaux sociaux, de la connexion sans fil, du streaming, des t\u00e9l\u00e9phones portables, les possibilit\u00e9s m\u00e9diatiques sont de plus en plus nombreuses et incontournables. De l\u2019omnipr\u00e9sence des c\u00e9l\u00e9brit\u00e9s, du \u201cself-branding\u201d \u00e0 la repr\u00e9sentation en ligne imm\u00e9diate de soi et des autres, il est parfois difficile de faire la distinction parmi toutes ces informations \u00e0 mi-chemin entre r\u00e9alit\u00e9 et fiction et de comprendre leurs constructions. Lorsque nous utilisons les r\u00e9seaux sociaux pour \u201cpartager\u201d des morceaux de nos vies, qui regardent ? Pour quelles raisons ? Est-ce que cela fait de nous des stars d\u2019un \u00e9pisode de t\u00e9l\u00e9-r\u00e9alit\u00e9&nbsp;?<\/p>\n\n\n<img loading=\"lazy\" decoding=\"async\" width=\"640\" height=\"480\" src=\"https:\/\/www.giff.ch\/archives\/2022\/wp-content\/uploads\/2022\/01\/Giff_11_11_2021_ATELIER_MEDIATION_fan_bovet_HD_29-1-900x675.jpg\" class=\"img-fluid pb-3\" alt=\"GIFF 2022\" srcset=\"https:\/\/www.giff.ch\/archives\/2022\/wp-content\/uploads\/2022\/01\/Giff_11_11_2021_ATELIER_MEDIATION_fan_bovet_HD_29-1-900x675.jpg 900w, https:\/\/www.giff.ch\/archives\/2022\/wp-content\/uploads\/2022\/01\/Giff_11_11_2021_ATELIER_MEDIATION_fan_bovet_HD_29-1-275x206.jpg 275w, https:\/\/www.giff.ch\/archives\/2022\/wp-content\/uploads\/2022\/01\/Giff_11_11_2021_ATELIER_MEDIATION_fan_bovet_HD_29-1-411x308.jpg 411w, https:\/\/www.giff.ch\/archives\/2022\/wp-content\/uploads\/2022\/01\/Giff_11_11_2021_ATELIER_MEDIATION_fan_bovet_HD_29-1-1140x855.jpg 1140w, https:\/\/www.giff.ch\/archives\/2022\/wp-content\/uploads\/2022\/01\/Giff_11_11_2021_ATELIER_MEDIATION_fan_bovet_HD_29-1-1368x1026.jpg 1368w, https:\/\/www.giff.ch\/archives\/2022\/wp-content\/uploads\/2022\/01\/Giff_11_11_2021_ATELIER_MEDIATION_fan_bovet_HD_29-1-1800x1350.jpg 1800w\" sizes=\"(max-width: 640px) 100vw, 640px\" \/>\n\n\n<hr class=\"wp-block-separator has-alpha-channel-opacity\"\/>\n\n\n\n<h4 class=\"wp-block-heading\">Contact:<br>Juliette Papalo\u00efzos<br>Responsable m\u00e9diation<br><a href=\"mailto:juliette.papaloizos@giff.ch\">juliette.papaloizos@giff.ch<\/a><\/h4>\n","protected":false},"excerpt":{"rendered":"<p>LES SCOLAIRES DU GIFF Pour sa 29e\u00a0\u00e9dition, le Geneva International Film Festival (GIFF) revient avec de nouvelles propositions con\u00e7ues pour les scolaires. Depuis 1995, le Festival pr\u00e9sente au public des r\u00e9cits aux formats multiples. Que ce soit sous formes de s\u00e9ries, de films ou, plus r\u00e9cemment, d\u2019\u0153uvres immersives en r\u00e9alit\u00e9 virtuelle, mixte ou augment\u00e9e (XR), [&hellip;]<\/p>\n","protected":false},"author":1,"featured_media":0,"parent":29701,"menu_order":0,"comment_status":"closed","ping_status":"closed","template":"","meta":{"footnotes":""},"acf":[],"_links":{"self":[{"href":"https:\/\/www.giff.ch\/archives\/2022\/wp-json\/wp\/v2\/pages\/36908"}],"collection":[{"href":"https:\/\/www.giff.ch\/archives\/2022\/wp-json\/wp\/v2\/pages"}],"about":[{"href":"https:\/\/www.giff.ch\/archives\/2022\/wp-json\/wp\/v2\/types\/page"}],"author":[{"embeddable":true,"href":"https:\/\/www.giff.ch\/archives\/2022\/wp-json\/wp\/v2\/users\/1"}],"replies":[{"embeddable":true,"href":"https:\/\/www.giff.ch\/archives\/2022\/wp-json\/wp\/v2\/comments?post=36908"}],"version-history":[{"count":2,"href":"https:\/\/www.giff.ch\/archives\/2022\/wp-json\/wp\/v2\/pages\/36908\/revisions"}],"predecessor-version":[{"id":46331,"href":"https:\/\/www.giff.ch\/archives\/2022\/wp-json\/wp\/v2\/pages\/36908\/revisions\/46331"}],"up":[{"embeddable":true,"href":"https:\/\/www.giff.ch\/archives\/2022\/wp-json\/wp\/v2\/pages\/29701"}],"wp:attachment":[{"href":"https:\/\/www.giff.ch\/archives\/2022\/wp-json\/wp\/v2\/media?parent=36908"}],"curies":[{"name":"wp","href":"https:\/\/api.w.org\/{rel}","templated":true}]}}