{"id":37297,"date":"2022-01-13T11:10:37","date_gmt":"2022-01-13T10:10:37","guid":{"rendered":"https:\/\/www.giff.ch\/archives\/2022\/accreditation-2\/"},"modified":"2022-09-30T10:52:17","modified_gmt":"2022-09-30T08:52:17","slug":"accreditation-2","status":"publish","type":"page","link":"https:\/\/www.giff.ch\/archives\/2022\/le-festival\/accreditation-2\/","title":{"rendered":"ACCR\u00e9DITATIONS"},"content":{"rendered":"\n<h2 class=\"wp-block-heading\">Accr\u00e9ditations<\/h2>\n\n\n\n<p>Les accr\u00e9ditations sont r\u00e9serv\u00e9es aux cin\u00e9astes, cr\u00e9ateur\u00b7trice\u00b7s, repr\u00e9sentant\u00b7e\u00b7s de l\u2019industrie du cin\u00e9ma, du num\u00e9rique et d\u2019autres festivals, journalistes, professionnel\u00b7le\u00b7s des m\u00e9dias et aux \u00e9tudiant\u00b7e\u00b7s en cin\u00e9ma et audiovisuel. Le Festival se r\u00e9serve le droit de refuser une demande d\u2019accr\u00e9ditation.<\/p>\n\n\n\n<p>Les accr\u00e9ditations Industrie, \u00c9tudiant\u00b7e et Presse&nbsp;permettent un acc\u00e8s privil\u00e9gi\u00e9 \u00e0 l\u2019ensemble des programmes du GIFF ainsi qu\u2019\u00e0 ceux du Geneva Digital Market (GDM), sur r\u00e9servation (dans la limite des places disponibles).&nbsp;<\/p>\n\n\n\n<p>L\u2019accr\u00e9ditation Geneva Digital Market Online vous permet d\u2019acc\u00e9der \u00e0 distance aux conf\u00e9rences,&nbsp;pr\u00e9sentations de projets en ligne et \u00e0 la plateforme de matchmaking.<\/p>\n\n\n\n<h3 class=\"wp-block-heading\">Pour faire une demande d\u2019accr\u00e9ditation<\/h3>\n\n\n\n<p>1. Cr\u00e9ez un compte sur <a href=\"https:\/\/vp.eventival.com\/giff\/2022\" target=\"_blank\" rel=\"noreferrer noopener\">notre plateforme<\/a> (vous devez cr\u00e9er ou avoir un acc\u00e8s eventival)&nbsp;<\/p>\n\n\n\n<p>2. Une fois connect\u00e9\u00b7e, cliquez sur \u00ab Demande d\u2019accr\u00e9ditation \u00bb, choisissez la cat\u00e9gorie vous correspondant, renseignez le formulaire et suivez les instructions.<\/p>\n\n\n\n<p>Contactez-nous :&nbsp;<a href=\"mailto:accreditation@giff.ch\" target=\"_blank\" rel=\"noreferrer noopener\">accreditation@giff.ch<\/a><\/p>\n","protected":false},"excerpt":{"rendered":"<p>Accr\u00e9ditations Les accr\u00e9ditations sont r\u00e9serv\u00e9es aux cin\u00e9astes, cr\u00e9ateur\u00b7trice\u00b7s, repr\u00e9sentant\u00b7e\u00b7s de l\u2019industrie du cin\u00e9ma, du num\u00e9rique et d\u2019autres festivals, journalistes, professionnel\u00b7le\u00b7s des m\u00e9dias et aux \u00e9tudiant\u00b7e\u00b7s en cin\u00e9ma et audiovisuel. Le Festival se r\u00e9serve le droit de refuser une demande d\u2019accr\u00e9ditation. Les accr\u00e9ditations Industrie, \u00c9tudiant\u00b7e et Presse&nbsp;permettent un acc\u00e8s privil\u00e9gi\u00e9 \u00e0 l\u2019ensemble des programmes du GIFF [&hellip;]<\/p>\n","protected":false},"author":1,"featured_media":0,"parent":36820,"menu_order":0,"comment_status":"closed","ping_status":"closed","template":"","meta":{"footnotes":""},"acf":[],"_links":{"self":[{"href":"https:\/\/www.giff.ch\/archives\/2022\/wp-json\/wp\/v2\/pages\/37297"}],"collection":[{"href":"https:\/\/www.giff.ch\/archives\/2022\/wp-json\/wp\/v2\/pages"}],"about":[{"href":"https:\/\/www.giff.ch\/archives\/2022\/wp-json\/wp\/v2\/types\/page"}],"author":[{"embeddable":true,"href":"https:\/\/www.giff.ch\/archives\/2022\/wp-json\/wp\/v2\/users\/1"}],"replies":[{"embeddable":true,"href":"https:\/\/www.giff.ch\/archives\/2022\/wp-json\/wp\/v2\/comments?post=37297"}],"version-history":[{"count":3,"href":"https:\/\/www.giff.ch\/archives\/2022\/wp-json\/wp\/v2\/pages\/37297\/revisions"}],"predecessor-version":[{"id":40276,"href":"https:\/\/www.giff.ch\/archives\/2022\/wp-json\/wp\/v2\/pages\/37297\/revisions\/40276"}],"up":[{"embeddable":true,"href":"https:\/\/www.giff.ch\/archives\/2022\/wp-json\/wp\/v2\/pages\/36820"}],"wp:attachment":[{"href":"https:\/\/www.giff.ch\/archives\/2022\/wp-json\/wp\/v2\/media?parent=37297"}],"curies":[{"name":"wp","href":"https:\/\/api.w.org\/{rel}","templated":true}]}}