{"id":5400,"date":"2021-09-25T08:26:10","date_gmt":"2021-09-25T06:26:10","guid":{"rendered":"https:\/\/giff.daisybell.ch\/?page_id=5400"},"modified":"2025-12-11T23:37:11","modified_gmt":"2025-12-11T22:37:11","slug":"gdm","status":"publish","type":"page","link":"https:\/\/www.giff.ch\/archives\/2022\/gdm\/","title":{"rendered":"Market"},"content":{"rendered":"<div class='row '><div class='col col-12 col-md-8'><div class='row '><div class='col col-12 '>\n<figure class=\"wp-block-video ratio-16x9\"><video autoplay loop muted preload=\"auto\" src=\"https:\/\/www.giff.ch\/archives\/2022\/wp-content\/uploads\/2022\/10\/gdm-loop.mp4\"><\/video><\/figure>\n<div class=\"news-card-2022 d-md-none mb-4\">\n    <div class=\"news-card-2022-container\">\n    <div class=\"news-card-2022-wrapper py-3\">\n                  <div class=\"h3 mb-2 px-4 title\">\n        Bienvenu\u00b7e sur notre programme professionnel !      <\/div>\n                        <div class=\"text-black px-4 mt-2\">\n        Nich\u00e9 au c\u0153ur du GIFF, le Geneva Digital Market (GDM) est l\u2019unique rendez-vous de Suisse ax\u00e9 sur l\u2019innovation audiovisuelle. Plateforme de diffusion et de coproduction pour les industries cr\u00e9atives, il rassemble chaque ann\u00e9e depuis 2013 les professionnel\u00b7le\u00b7s internationaux\u00b7ales actif\u00b7ve\u00b7s dans les domaines de la technologie, l\u2019art et l\u2019\u00e9conomie. Lieu de r\u00e9flexion, d\u2019\u00e9changes et de r\u00e9seautage, il organise durant 5 jours, des tables rondes, des sessions de pitching et de networking durant lesquelles les producteur\u00b7trice\u00b7s, cr\u00e9ateur\u00b7rice\u00b7s num\u00e9riques et acteur\u00b7trice\u00b7s-cl\u00e9s du march\u00e9 fa\u00e7onnent l\u2019univers audiovisuel d\u2019aujourd\u2019hui et de demain.      <\/div>\n          <\/div>\n    <div class=\"news-card-2022-border\"><\/div>\n  <\/div>\n  <\/div>\n<div class='row '><div class='col col-12 col-md-6 '><div class=\"news-card-2022 mb-4\">\n    <a href=\"https:\/\/www.giff.ch\/archives\/2022\/gdm\/agenda\/talks\/\" target=\"\">\n    <div class=\"news-card-2022-container\">\n    <div class=\"news-card-2022-wrapper py-3\">\n            <div class=\"mb-1 text-uppercase px-4 sup-title\">\n        Activit\u00e9      <\/div>\n                  <div class=\"h3 mb-2 px-4 title\">\n        TALKS      <\/div>\n                  <div class=\"ratio ratio-16x9\">\n        <img loading=\"lazy\" decoding=\"async\" width=\"800\" height=\"600\" src=\"https:\/\/www.giff.ch\/archives\/2022\/wp-content\/uploads\/2022\/09\/Premiers-talks-GDM-2.png\" class=\"attachment-md size-md\" alt=\"\" srcset=\"https:\/\/www.giff.ch\/archives\/2022\/wp-content\/uploads\/2022\/09\/Premiers-talks-GDM-2.png 800w, https:\/\/www.giff.ch\/archives\/2022\/wp-content\/uploads\/2022\/09\/Premiers-talks-GDM-2-275x206.png 275w, https:\/\/www.giff.ch\/archives\/2022\/wp-content\/uploads\/2022\/09\/Premiers-talks-GDM-2-411x308.png 411w\" sizes=\"(max-width: 800px) 100vw, 800px\" \/>      <\/div>\n                  <div class=\"text-black px-4 mt-2\">\n        Masterclass, tables rondes, discussions : des plateformes num\u00e9riques aux derni\u00e8res innovations digitales pour le secteur audiovisuel en passant par l&rsquo;impact \u00e9cologique de l&rsquo;utilisation du num\u00e9rique. Venez \u00e9changer et d\u00e9battre sur les enjeux actuels qui touchent le domaine de l&rsquo;innovation audiovisuelle.      <\/div>\n          <\/div>\n    <div class=\"news-card-2022-border\"><\/div>\n  <\/div>\n    <\/a>\n  <\/div>\n<div class=\"news-card-2022 mb-4\">\n    <a href=\"https:\/\/www.giff.ch\/archives\/2022\/gdm\/agenda\/networking\/\" target=\"\">\n    <div class=\"news-card-2022-container\">\n    <div class=\"news-card-2022-wrapper py-3\">\n            <div class=\"mb-1 text-uppercase px-4 sup-title\">\n        Activit\u00e9      <\/div>\n                  <div class=\"h3 mb-2 px-4 title\">\n        NETWORKING      <\/div>\n                  <div class=\"ratio ratio-16x9\">\n        <img loading=\"lazy\" decoding=\"async\" width=\"1013\" height=\"675\" src=\"https:\/\/www.giff.ch\/archives\/2022\/wp-content\/uploads\/2022\/01\/GIFF_10_11_2021__Ambiance_Nuit_Numerique_mathieu_geser-8-1013x675.jpg\" class=\"attachment-md size-md\" alt=\"\" srcset=\"https:\/\/www.giff.ch\/archives\/2022\/wp-content\/uploads\/2022\/01\/GIFF_10_11_2021__Ambiance_Nuit_Numerique_mathieu_geser-8-1013x675.jpg 1013w, https:\/\/www.giff.ch\/archives\/2022\/wp-content\/uploads\/2022\/01\/GIFF_10_11_2021__Ambiance_Nuit_Numerique_mathieu_geser-8-309x206.jpg 309w, https:\/\/www.giff.ch\/archives\/2022\/wp-content\/uploads\/2022\/01\/GIFF_10_11_2021__Ambiance_Nuit_Numerique_mathieu_geser-8-462x308.jpg 462w, https:\/\/www.giff.ch\/archives\/2022\/wp-content\/uploads\/2022\/01\/GIFF_10_11_2021__Ambiance_Nuit_Numerique_mathieu_geser-8-1283x855.jpg 1283w, https:\/\/www.giff.ch\/archives\/2022\/wp-content\/uploads\/2022\/01\/GIFF_10_11_2021__Ambiance_Nuit_Numerique_mathieu_geser-8-1539x1026.jpg 1539w, https:\/\/www.giff.ch\/archives\/2022\/wp-content\/uploads\/2022\/01\/GIFF_10_11_2021__Ambiance_Nuit_Numerique_mathieu_geser-8-2025x1350.jpg 2025w\" sizes=\"(max-width: 1013px) 100vw, 1013px\" \/>      <\/div>\n                  <div class=\"text-black px-4 mt-2\">\n        Rencontrer et se connecter aux acteur\u00b7rice\u00b7s internationaux\u00b7ales de l\u2019audiovisuel dans des espaces in\u00e9dits, cr\u00e9\u00e9s sur mesure, que ce soit sur des plateformes en ligne ou dans des salles prestigieuses.       <\/div>\n          <\/div>\n    <div class=\"news-card-2022-border\"><\/div>\n  <\/div>\n    <\/a>\n  <\/div>\n<\/div><div class='col col-12 col-md-6 '><div class=\"news-card-2022 mb-4\">\n    <a href=\"https:\/\/www.giff.ch\/archives\/2022\/gdm\/agenda\/market\/\" target=\"\">\n    <div class=\"news-card-2022-container\">\n    <div class=\"news-card-2022-wrapper py-3\">\n            <div class=\"mb-1 text-uppercase px-4 sup-title\">\n        Activit\u00e9      <\/div>\n                  <div class=\"h3 mb-2 px-4 title\">\n        MARKET      <\/div>\n                  <div class=\"ratio ratio-16x9\">\n        <img loading=\"lazy\" decoding=\"async\" width=\"900\" height=\"675\" src=\"https:\/\/www.giff.ch\/archives\/2022\/wp-content\/uploads\/2022\/10\/Giff_12_11_2021_GDM_XRCOPRODUCTION__fan_bovet_01-900x675.jpg\" class=\"attachment-md size-md\" alt=\"\" srcset=\"https:\/\/www.giff.ch\/archives\/2022\/wp-content\/uploads\/2022\/10\/Giff_12_11_2021_GDM_XRCOPRODUCTION__fan_bovet_01-900x675.jpg 900w, https:\/\/www.giff.ch\/archives\/2022\/wp-content\/uploads\/2022\/10\/Giff_12_11_2021_GDM_XRCOPRODUCTION__fan_bovet_01-275x206.jpg 275w, https:\/\/www.giff.ch\/archives\/2022\/wp-content\/uploads\/2022\/10\/Giff_12_11_2021_GDM_XRCOPRODUCTION__fan_bovet_01-411x308.jpg 411w, https:\/\/www.giff.ch\/archives\/2022\/wp-content\/uploads\/2022\/10\/Giff_12_11_2021_GDM_XRCOPRODUCTION__fan_bovet_01-1140x855.jpg 1140w, https:\/\/www.giff.ch\/archives\/2022\/wp-content\/uploads\/2022\/10\/Giff_12_11_2021_GDM_XRCOPRODUCTION__fan_bovet_01-1368x1026.jpg 1368w, https:\/\/www.giff.ch\/archives\/2022\/wp-content\/uploads\/2022\/10\/Giff_12_11_2021_GDM_XRCOPRODUCTION__fan_bovet_01.jpg 1800w\" sizes=\"(max-width: 900px) 100vw, 900px\" \/>      <\/div>\n                  <div class=\"text-black px-4 mt-2\">\n        Rencontrer et se connecter aux acteur\u00b7rice\u00b7s internationaux\u00b7ales de l\u2019audiovisuel dans des espaces in\u00e9dits, cr\u00e9\u00e9s sur mesure, que ce soit sur des plateformes en ligne ou dans des salles prestigieuses.       <\/div>\n          <\/div>\n    <div class=\"news-card-2022-border\"><\/div>\n  <\/div>\n    <\/a>\n  <\/div>\n<div class=\"news-card-2022 mb-4\">\n    <div class=\"news-card-2022-container\">\n    <div class=\"news-card-2022-wrapper py-3\">\n            <div class=\"mb-1 text-uppercase px-4 sup-title\">\n        Service      <\/div>\n                  <div class=\"h3 mb-2 px-4 title\">\n        Who&rsquo;s Who      <\/div>\n                  <div class=\"ratio ratio-16x9\">\n        <img loading=\"lazy\" decoding=\"async\" width=\"1200\" height=\"675\" src=\"https:\/\/www.giff.ch\/archives\/2022\/wp-content\/uploads\/2022\/10\/BLOB10-1200x675.png\" class=\"attachment-md size-md\" alt=\"\" srcset=\"https:\/\/www.giff.ch\/archives\/2022\/wp-content\/uploads\/2022\/10\/BLOB10-1200x675.png 1200w, https:\/\/www.giff.ch\/archives\/2022\/wp-content\/uploads\/2022\/10\/BLOB10-366x206.png 366w, https:\/\/www.giff.ch\/archives\/2022\/wp-content\/uploads\/2022\/10\/BLOB10-548x308.png 548w, https:\/\/www.giff.ch\/archives\/2022\/wp-content\/uploads\/2022\/10\/BLOB10-1520x855.png 1520w, https:\/\/www.giff.ch\/archives\/2022\/wp-content\/uploads\/2022\/10\/BLOB10-1824x1026.png 1824w, https:\/\/www.giff.ch\/archives\/2022\/wp-content\/uploads\/2022\/10\/BLOB10.png 1920w\" sizes=\"(max-width: 1200px) 100vw, 1200px\" \/>      <\/div>\n                  <div class=\"text-black px-4 mt-2\">\n        Consultez le Who Is Who pour d\u00e9couvrir les professionnel\u00b7les qui participent, sur place et en ligne, \u00e0 la 10e \u00e9dition du Geneva Digital Market.       <\/div>\n          <\/div>\n    <div class=\"news-card-2022-border\"><\/div>\n  <\/div>\n  <\/div>\n<\/div><\/div><\/div><\/div><div class=\"news-card-2022 mb-4\">\n    <a href=\"https:\/\/www.giff.ch\/archives\/2022\/giff-tv\/sis-2022\/\" target=\"_blank\">\n    <div class=\"news-card-2022-container\">\n    <div class=\"news-card-2022-wrapper py-3\">\n            <div class=\"mb-1 text-uppercase px-4 sup-title\">\n        MARKET      <\/div>\n                  <div class=\"h3 mb-2 px-4 title\">\n        D\u00e9couvrez les vid\u00e9os des Swiss Interactive Sessions !      <\/div>\n                  <div class=\"ratio ratio-16x9\">\n        <img loading=\"lazy\" decoding=\"async\" width=\"1200\" height=\"655\" src=\"https:\/\/www.giff.ch\/archives\/2022\/wp-content\/uploads\/2022\/10\/331E7DB4-10D3-4814-9754-91C745E74A1A-1200x655.png\" class=\"attachment-md size-md\" alt=\"\" srcset=\"https:\/\/www.giff.ch\/archives\/2022\/wp-content\/uploads\/2022\/10\/331E7DB4-10D3-4814-9754-91C745E74A1A-1200x655.png 1200w, https:\/\/www.giff.ch\/archives\/2022\/wp-content\/uploads\/2022\/10\/331E7DB4-10D3-4814-9754-91C745E74A1A-377x206.png 377w, https:\/\/www.giff.ch\/archives\/2022\/wp-content\/uploads\/2022\/10\/331E7DB4-10D3-4814-9754-91C745E74A1A-564x308.png 564w, https:\/\/www.giff.ch\/archives\/2022\/wp-content\/uploads\/2022\/10\/331E7DB4-10D3-4814-9754-91C745E74A1A-1520x829.png 1520w, https:\/\/www.giff.ch\/archives\/2022\/wp-content\/uploads\/2022\/10\/331E7DB4-10D3-4814-9754-91C745E74A1A-1824x995.png 1824w\" sizes=\"(max-width: 1200px) 100vw, 1200px\" \/>      <\/div>\n                  <div class=\"text-black px-4 mt-2\">\n        Une s\u00e9rie de dix projets interactifs suisses dans le domaine du media design, des arts vivants, plastiques ou visuels \u00e0 un parterre de programmateur\u00b7trices et curateur\u00b7trices internationaux\u00b7nales de premier plan.       <\/div>\n          <\/div>\n    <div class=\"news-card-2022-border\"><\/div>\n  <\/div>\n    <\/a>\n  <\/div>\n<\/div><div class='col col-12 col-md-4'><div class=\"news-card-2022 d-none d-md-block mb-4\">\n    <div class=\"news-card-2022-container\">\n    <div class=\"news-card-2022-wrapper py-3\">\n                  <div class=\"h3 mb-2 px-4 title\">\n        Bienvenu\u00b7e sur notre programme professionnel !      <\/div>\n                        <div class=\"text-black px-4 mt-2\">\n        Nich\u00e9 au c\u0153ur du GIFF, le Geneva Digital Market (GDM) est l\u2019unique rendez-vous de Suisse ax\u00e9 sur l\u2019innovation audiovisuelle. Plateforme de diffusion et de coproduction pour les industries cr\u00e9atives, il rassemble chaque ann\u00e9e depuis 2013 les professionnel\u00b7le\u00b7s internationaux\u00b7ales actif\u00b7ve\u00b7s dans les domaines de la technologie, l\u2019art et l\u2019\u00e9conomie. Lieu de r\u00e9flexion, d\u2019\u00e9changes et de r\u00e9seautage, il organise durant 5 jours, des tables rondes, des sessions de pitching et de networking durant lesquelles les producteur\u00b7trice\u00b7s, cr\u00e9ateur\u00b7rice\u00b7s num\u00e9riques et acteur\u00b7trice\u00b7s-cl\u00e9s du march\u00e9 fa\u00e7onnent l\u2019univers audiovisuel d\u2019aujourd\u2019hui et de demain.      <\/div>\n          <\/div>\n    <div class=\"news-card-2022-border\"><\/div>\n  <\/div>\n  <\/div>\n<div class=\"promotion p-4 gdm mb-3\">\n  <div class=\"promotion-container\">\n    <div class=\"promotion-wrapper\">\n            <div class=\"title h2 mb-0\">\n        Comment participer ?      <\/div>\n                        <div class=\"mt-2\">\n        Plusieurs options de participation sont pr\u00e9vues, \u00e0 vous de choisir celle qui correspond le mieux \u00e0 vos besoins !      <\/div>\n                  <div class=\"mt-2\"> <a href=\"https:\/\/www.giff.ch\/archives\/2022\/44002\/\" target=\"_blank\" class=\"btn btn-primary\">\n        Je veux en savoir plus !        <\/a> <\/div>\n          <\/div>\n    <div class=\"promotion-image\"><img decoding=\"async\" src=\"https:\/\/www.giff.ch\/archives\/2022\/wp-content\/themes\/giff\/medias\/images\/block-promotion\/gdm-1.jpg\" alt=\"\"><\/div>\n  <\/div>\n<\/div>\n<div class=\"promotion p-4 gdm mb-3\">\n  <div class=\"promotion-container\">\n    <div class=\"promotion-wrapper\">\n            <div class=\"title h2 mb-0\">\n        S&rsquo;accr\u00e9diter      <\/div>\n                        <div class=\"mt-2\">\n        Pour acc\u00e9der aux activit\u00e9s du Geneva Digital Market (GDM), sur place et en ligne, nous vous invitons \u00e0 vous accr\u00e9diter.      <\/div>\n                  <div class=\"mt-2\"> <a href=\"https:\/\/www.giff.ch\/archives\/2022\/saccrediter\/\" target=\"\" class=\"btn btn-primary\">\n        S&rsquo;ACCR\u00e9DITER        <\/a> <\/div>\n          <\/div>\n    <div class=\"promotion-image\"><img decoding=\"async\" src=\"https:\/\/www.giff.ch\/archives\/2022\/wp-content\/themes\/giff\/medias\/images\/block-promotion\/gdm-2.jpg\" alt=\"\"><\/div>\n  <\/div>\n<\/div>\n<div class=\"promotion p-4 gdm mb-3\">\n  <div class=\"promotion-container\">\n    <div class=\"promotion-wrapper\">\n            <div class=\"title h2 mb-0\">\n        Accr\u00e9ditationS online      <\/div>\n                        <div class=\"mt-2\">\n        Vous ne pouvez pas vous rendre \u00e0 Gen\u00e8ve pendant le Geneva Digital Market (GDM) ?L&rsquo;accr\u00e9ditation Online vous permet d&rsquo;acc\u00e9der \u00e0 toutes les activit\u00e9s \u00e0 distance !      <\/div>\n                  <div class=\"mt-2\"> <a href=\"https:\/\/www.giff.ch\/archives\/2022\/saccrediter\/\" target=\"\" class=\"btn btn-primary\">\n        S&rsquo;ACCR\u00e9DITER        <\/a> <\/div>\n          <\/div>\n    <div class=\"promotion-image\"><img decoding=\"async\" src=\"https:\/\/www.giff.ch\/archives\/2022\/wp-content\/themes\/giff\/medias\/images\/block-promotion\/gdm-3.jpg\" alt=\"\"><\/div>\n  <\/div>\n<\/div>\n<\/div><\/div>","protected":false},"excerpt":{"rendered":"","protected":false},"author":1,"featured_media":0,"parent":0,"menu_order":2,"comment_status":"closed","ping_status":"closed","template":"template-gdm.php","meta":{"footnotes":""},"acf":[],"_links":{"self":[{"href":"https:\/\/www.giff.ch\/archives\/2022\/wp-json\/wp\/v2\/pages\/5400"}],"collection":[{"href":"https:\/\/www.giff.ch\/archives\/2022\/wp-json\/wp\/v2\/pages"}],"about":[{"href":"https:\/\/www.giff.ch\/archives\/2022\/wp-json\/wp\/v2\/types\/page"}],"author":[{"embeddable":true,"href":"https:\/\/www.giff.ch\/archives\/2022\/wp-json\/wp\/v2\/users\/1"}],"replies":[{"embeddable":true,"href":"https:\/\/www.giff.ch\/archives\/2022\/wp-json\/wp\/v2\/comments?post=5400"}],"version-history":[{"count":3,"href":"https:\/\/www.giff.ch\/archives\/2022\/wp-json\/wp\/v2\/pages\/5400\/revisions"}],"predecessor-version":[{"id":46372,"href":"https:\/\/www.giff.ch\/archives\/2022\/wp-json\/wp\/v2\/pages\/5400\/revisions\/46372"}],"wp:attachment":[{"href":"https:\/\/www.giff.ch\/archives\/2022\/wp-json\/wp\/v2\/media?parent=5400"}],"curies":[{"name":"wp","href":"https:\/\/api.w.org\/{rel}","templated":true}]}}