{"id":580,"date":"2021-08-27T00:36:34","date_gmt":"2021-08-26T22:36:34","guid":{"rendered":"https:\/\/giff.daisybell.ch\/?page_id=580"},"modified":"2022-10-08T15:28:41","modified_gmt":"2022-10-08T13:28:41","slug":"conditions-de-vente","status":"publish","type":"page","link":"https:\/\/www.giff.ch\/archives\/2022\/billetterie\/conditions-de-vente\/","title":{"rendered":"Conditions de vente"},"content":{"rendered":"\n<h4 class=\"wp-block-heading\">ARTICLE 1 \u2013 RELATIONS CONTRACTUELLES<\/h4>\n\n\n\n<p>La responsabilit\u00e9 du\u00b7de la fournisseur\u00b7se (\u201cTicketack\u201d) vis-\u00e0-vis de l\u2019acheteur\u00b7se se limite exclusivement \u00e0 un r\u00f4le de prestataire de service. Le fournisseur\u00b7se ne pourra \u00eatre tenu responsable de toute modification d\u00e9cid\u00e9e par l\u2019organisateur\u00b7rice (Fondation GIFF).<\/p>\n\n\n\n<h4 class=\"wp-block-heading\">ARTICLE 2 \u2013 VALIDATION DE LA COMMANDE<\/h4>\n\n\n\n<p>Quand vous cochez la case \u201cJ\u2019ai lu, compris et accepte ces conditions g\u00e9n\u00e9rales, je veux payer maintenant\u201d lors du choix du mode de paiement, vous d\u00e9clarez accepter ces conditions sans r\u00e9serve. Les donn\u00e9es enregistr\u00e9es par la billetterie font foi et constituent la preuve de l\u2019ensemble des transactions pass\u00e9es.<\/p>\n\n\n\n<h4 class=\"wp-block-heading\">ARTICLE 3 \u2013 E-TICKET ET IMPRESSION<\/h4>\n\n\n\n<p>3.1 \u2013 L\u2019organisateur\u00b7rice garantit la r\u00e9servation sur pr\u00e9sentation au personnel d\u2019accueil du billet pr\u00e9alablement imprim\u00e9, jusqu\u2019\u00e0 cinq minutes avant l\u2019heure de la s\u00e9ance. Pass\u00e9 cet horaire, le\u00b7la spectateur\u00b7rice perdra la garantie de sa r\u00e9servation. L\u2019acc\u00e8s \u00e0 la salle d\u00e9pendra alors de la disponibilit\u00e9 des si\u00e8ges dans la salle.<\/p>\n\n\n\n<p>3.2 \u2013 La pr\u00e9sentation du billet pr\u00e9alablement imprim\u00e9 chez soi, au personnel d\u2019accueil du festival est imp\u00e9rative. En cas d\u2019oubli, de perte ou de vol de ce billet, l\u2019acc\u00e8s \u00e0 la salle d\u00e9pendra de la disponibilit\u00e9 des si\u00e8ges dans la salle. Il ne sera pas possible de faire r\u00e9imprimer sa r\u00e9servation sur place.<\/p>\n\n\n\n<p>3.3 \u2013 Le e-ticket est uniquement valable s\u2019il est imprim\u00e9 sur du papier A4 blanc, vierge recto et verso. L\u2019entr\u00e9e \u00e0 l\u2019\u00e9v\u00e9nement est soumise au contr\u00f4le de la validit\u00e9 de votre e-ticket via le QR-Code imprim\u00e9 ou sur votre portable. <\/p>\n\n\n\n<p>3.4 \u2013 Une bonne qualit\u00e9 d\u2019impression est n\u00e9cessaire. Les e-tickets partiellement imprim\u00e9s, souill\u00e9s, endommag\u00e9s ou illisibles ne seront pas accept\u00e9s et seront consid\u00e9r\u00e9s comme non valables. En cas d\u2019incident ou de mauvaise qualit\u00e9 d\u2019impression, vous devez imprimer \u00e0 nouveau votre fichier PDF. Pour v\u00e9rifier la bonne qualit\u00e9 de l\u2019impression, assurez-vous que les informations \u00e9crites sur le e-ticket, ainsi que le code barre soient bien lisibles.<\/p>\n\n\n\n<h4 class=\"wp-block-heading\">ARTICLE 4 \u2013 INFOS COMPL\u00c9MENTAIRES ET R\u00c8GLEMENT<\/h4>\n\n\n\n<p>4.1 \u2013 En r\u00e8gle g\u00e9n\u00e9rale, nous vous conseillons vivement d\u2019arriver au plus tard 20 minutes avant le d\u00e9but de l\u2019\u00e9v\u00e9nement.<\/p>\n\n\n\n<p>4.2 \u2013 Au cours de l\u2019\u00e9v\u00e9nement, les client\u00b7e\u00b7s s\u2019engagent \u00e0 respecter les r\u00e8gles de bonne conduite et de s\u00e9curit\u00e9 fix\u00e9es par l\u2019organisateur\u00b7rice. D\u2019autre part, l\u2019acquisition de ce e-ticket implique l\u2019adh\u00e9sion au r\u00e8glement int\u00e9rieur du lieu de l\u2019\u00e9v\u00e9nement.<\/p>\n\n\n\n<p>4.3 \u2013 Toute autre information particuli\u00e8re relative \u00e0 l\u2019acc\u00e8s aux salles de spectacles (essentiellement en cas d\u2019annulation) pourra \u00eatre transmise au\u00b7\u00e0 la preneur\u00b7se de r\u00e9servation au moyen de l\u2019adresse e-mail renseign\u00e9e dans le formulaire de r\u00e9servation.<\/p>\n\n\n\n<h4 class=\"wp-block-heading\">ARTICLE 5 \u2013 RESPONSABILIT\u00c9<\/h4>\n\n\n\n<p>5.1 \u2013 Les billets ne sont ni repris, ni \u00e9chang\u00e9s, ni rembours\u00e9s.<\/p>\n\n\n\n<p>5.2 \u2013&nbsp;Dans le cas&nbsp;o\u00f9 l\u2019\u00e9v\u00e8nement est annul\u00e9 par l\u2019organisateur\u00b7rice,&nbsp;les billets seront rembours\u00e9s par&nbsp;la Fondation GIFF. Les \u00e9ventuels co\u00fbts suppl\u00e9mentaires pay\u00e9s par un tiers pour se rendre au Geneva International Film Festival \/\/ GIFF ne seront pas rembours\u00e9s.<\/p>\n\n\n\n<p>5.3 \u2013 Dans l\u2019\u00e9ventualit\u00e9 o\u00f9 la Fondation GIFF ne peut pas, d\u00fb \u00e0 des circonstances extraordinaires, remplir tout ou partie de ses obligations envers un tiers, cet engagement sera annul\u00e9 et aucune des parties ne pourra invoquer un droit de d\u00e9dommagement.<\/p>\n\n\n\n<h4 class=\"wp-block-heading\">ARTICLE 6 \u2013 DROIT DE PROPRI\u00c9T\u00c9<\/h4>\n\n\n\n<p>Toute reproduction ou distribution non autoris\u00e9e de tout ou partie des \u00e9l\u00e9ments et informations de ce site est interdite.<\/p>\n\n\n\n<p>La version fran\u00e7aise des Conditions G\u00e9n\u00e9rales de Vente de la Fondation GIFF fait foi.&nbsp; Merci de votre compr\u00e9hension&nbsp;!<\/p>\n","protected":false},"excerpt":{"rendered":"<p>ARTICLE 1 \u2013 RELATIONS CONTRACTUELLES La responsabilit\u00e9 du\u00b7de la fournisseur\u00b7se (\u201cTicketack\u201d) vis-\u00e0-vis de l\u2019acheteur\u00b7se se limite exclusivement \u00e0 un r\u00f4le de prestataire de service. Le fournisseur\u00b7se ne pourra \u00eatre tenu responsable de toute modification d\u00e9cid\u00e9e par l\u2019organisateur\u00b7rice (Fondation GIFF). ARTICLE 2 \u2013 VALIDATION DE LA COMMANDE Quand vous cochez la case \u201cJ\u2019ai lu, compris et [&hellip;]<\/p>\n","protected":false},"author":1,"featured_media":0,"parent":3106,"menu_order":99,"comment_status":"closed","ping_status":"closed","template":"","meta":{"footnotes":""},"acf":[],"_links":{"self":[{"href":"https:\/\/www.giff.ch\/archives\/2022\/wp-json\/wp\/v2\/pages\/580"}],"collection":[{"href":"https:\/\/www.giff.ch\/archives\/2022\/wp-json\/wp\/v2\/pages"}],"about":[{"href":"https:\/\/www.giff.ch\/archives\/2022\/wp-json\/wp\/v2\/types\/page"}],"author":[{"embeddable":true,"href":"https:\/\/www.giff.ch\/archives\/2022\/wp-json\/wp\/v2\/users\/1"}],"replies":[{"embeddable":true,"href":"https:\/\/www.giff.ch\/archives\/2022\/wp-json\/wp\/v2\/comments?post=580"}],"version-history":[{"count":3,"href":"https:\/\/www.giff.ch\/archives\/2022\/wp-json\/wp\/v2\/pages\/580\/revisions"}],"predecessor-version":[{"id":42414,"href":"https:\/\/www.giff.ch\/archives\/2022\/wp-json\/wp\/v2\/pages\/580\/revisions\/42414"}],"up":[{"embeddable":true,"href":"https:\/\/www.giff.ch\/archives\/2022\/wp-json\/wp\/v2\/pages\/3106"}],"wp:attachment":[{"href":"https:\/\/www.giff.ch\/archives\/2022\/wp-json\/wp\/v2\/media?parent=580"}],"curies":[{"name":"wp","href":"https:\/\/api.w.org\/{rel}","templated":true}]}}