{"id":36789,"date":"2022-01-05T10:19:36","date_gmt":"2022-01-05T09:19:36","guid":{"rendered":"https:\/\/2023.giff.ch\/?page_id=36789"},"modified":"2023-11-02T13:39:58","modified_gmt":"2023-11-02T12:39:58","slug":"equipe-et-fondation","status":"publish","type":"page","link":"https:\/\/www.giff.ch\/archives\/2023\/en\/le-festival\/equipe-et-fondation\/","title":{"rendered":"TEAM AND FOUNDATION"},"content":{"rendered":"<div class='row '><div class='col col-12 '>\n<p><\/p>\n\n<h3 class=\"wp-block-heading\"><strong>FOUNDATION BOARD<\/strong><\/h3>\n\n<p>The GIFF Foundation aims to promote film, television and digital creation in Switzerland. To this end, it organizes the Geneva International Film Festival (GIFF) and the <a href=\"http:\/\/giff.ch\/en\/gdm\/\" target=\"_blank\" rel=\"noreferrer noopener\">Geneva Digital Market<\/a> (GDM), both during the first two weeks of November, as well as the <a href=\"https:\/\/www.giff.ch\/archives\/2023\/en\/agenda\/giff-unlimited\/\" target=\"_blank\" rel=\"noreferrer noopener\">GIFF Unlimited<\/a>.<\/p>\n\n<p><br>Guerric Canonica, president, partner in the firm Canonica Valticos de Preux + Associate<br>Neal Hartman, secretary, director of CineGlobe Film Festival and engineer at CERN<\/p>\n\n<div style=\"height:32px\" aria-hidden=\"true\" class=\"wp-block-spacer\"><\/div>\n\n<h3 class=\"wp-block-heading\">Members of the Foundation Board<\/h3>\n\n<p>Philippa de Roten, director of the Society and Culture Department at RTS<br>Max Karli, producer at Rita Productions and Bandita Films<br>Yarom Ophir, president of the Board and co-founder of Katana SA<br>Sylvie Buhagiar, lawyer<br>Nathalie Pichard, director of Arttech Foundation<\/p>\n\n<div style=\"height:31px\" aria-hidden=\"true\" class=\"wp-block-spacer\"><\/div>\n\n<h3 class=\"wp-block-heading\"><strong>Direction <\/strong><\/h3>\n\n<p>Ana\u00efs Emery &#8211; executive and artistic director<br>Tom Guex &#8211; director of operations<\/p>\n\n<p><\/p>\n\n<div style=\"height:31px\" aria-hidden=\"true\" class=\"wp-block-spacer\"><\/div>\n\n<h3 class=\"wp-block-heading\"><strong>Programmation <\/strong><\/h3>\n\n<p>Maral Mohsenin\u00a0&#8211; head of programs<br>Casper Andersen \u2013 head of digital program<br>Mathieu Gayet &#8211; head of industry<br>Sarah Quintric &#8211; GDM operational manager<br>Simon Coderey \u2013 GDM assistant<br>Sarah Studer &#8211; head of cultural outreach &amp; GIFF unlimited coordinator<br>Lucie Emch &#8211; programs coordinator<br>Justine Roh\u2013 programming intern<br>Louise Rinaldi \u2013 hospitality manager<br>Sarah Ciuclea \u2013 hospitality coordinator<br>Emmanuelle Maryam Esma\u00efl-Zavieh &#8211; print traffic coordinator<br>Oc\u00e9ane Wannaz \u2013 responsible for documentation<br>Ga\u00eblle Vidalie, Fran Gayo &#8211; cinema programs<br>Benjamin Magnin, Julia Schubiger &#8211; series programs<br>Frank Braun, Anna Percival &#8211;\u00a0programs consultant<br>Sten-Kristian Saluveer &#8211; professional program consultant (Geneva Digital Market)<br>James Berclaz-Lewis, Justine Roh, Ga\u00eblle Vidalie, Mathieu Gayet &#8211; r\u00e9daction synopsis<\/p>\n\n<h3 class=\"wp-block-heading\"><br><strong>Communication<\/strong><br><\/h3>\n\n<p>Rosalie Grobet &#8211; &nbsp;head of communication<br>Zahra Badoui &#8211; head of communication<br>Bastien Bento &#8211; head of press<br>L\u00e9a Eigenmann \u2013 press officer<br>Alissa Sadiki &#8211; communication and press assistant<br>Fabien Jupille \u2013 video editing<br>DaisyBell \u2013 webmaster<br>Benjamin Muzzin &#8211; CGI<br>Polomarco &#8211; graphic design<br>Office for Typography &#8211; visual identity <\/p>\n\n<p><\/p>\n\n<div style=\"height:31px\" aria-hidden=\"true\" class=\"wp-block-spacer\"><\/div>\n\n<h3 class=\"wp-block-heading\"><strong>OpEration <\/strong><\/h3>\n\n<p>Joseph Chaumont \u2013 administrative coordinator<br>Andrea Wagenknecht \u2013 direction assistant<br>Lydia Frost \u2013 head of fundraising and partnerships<br>Yael Golan \u2013 protocol officer and F&amp;B<br>Alex Schuhmann dos santos\u2013 operational and technical manager of the digital program<br>Sarah Menouer \u2013 head of production<br>F\u00e9lix Tatzber \u2013 production coordinator<br>Alba Lage &#8211; accreditations manager &amp; public reception<br>Tha\u00efs Juillerat &#8211; accreditations coordinator<br>Jos\u00e9phine Vuigner &#8211; ticketing coordinator<br>Ana\u00efs Deville \u2013 volunteer manager<br>Melchior Deville &#8211; volunteer assistant&nbsp;<br>Adrien Boulanger \u2013 infrastructure manager<br>Laurent Marti \u2013 IT<\/p>\n\n<div style=\"height:31px\" aria-hidden=\"true\" class=\"wp-block-spacer\"><\/div>\n<\/div><\/div>\n\n\n<p><\/p>\n","protected":false},"excerpt":{"rendered":"<p>FOUNDATION BOARD The GIFF Foundation aims to promote film, television and digital creation in Switzerland. To this end, it organizes the Geneva International Film Festival (GIFF) and the Geneva Digital Market (GDM), both during the first two weeks of November, as well as the GIFF Unlimited. Guerric Canonica, president, partner in the firm Canonica Valticos [&hellip;]<\/p>\n","protected":false},"author":1,"featured_media":0,"parent":36828,"menu_order":0,"comment_status":"closed","ping_status":"closed","template":"","meta":{"footnotes":""},"acf":[],"_links":{"self":[{"href":"https:\/\/www.giff.ch\/archives\/2023\/en\/wp-json\/wp\/v2\/pages\/36789"}],"collection":[{"href":"https:\/\/www.giff.ch\/archives\/2023\/en\/wp-json\/wp\/v2\/pages"}],"about":[{"href":"https:\/\/www.giff.ch\/archives\/2023\/en\/wp-json\/wp\/v2\/types\/page"}],"author":[{"embeddable":true,"href":"https:\/\/www.giff.ch\/archives\/2023\/en\/wp-json\/wp\/v2\/users\/1"}],"replies":[{"embeddable":true,"href":"https:\/\/www.giff.ch\/archives\/2023\/en\/wp-json\/wp\/v2\/comments?post=36789"}],"version-history":[{"count":3,"href":"https:\/\/www.giff.ch\/archives\/2023\/en\/wp-json\/wp\/v2\/pages\/36789\/revisions"}],"predecessor-version":[{"id":58934,"href":"https:\/\/www.giff.ch\/archives\/2023\/en\/wp-json\/wp\/v2\/pages\/36789\/revisions\/58934"}],"up":[{"embeddable":true,"href":"https:\/\/www.giff.ch\/archives\/2023\/en\/wp-json\/wp\/v2\/pages\/36828"}],"wp:attachment":[{"href":"https:\/\/www.giff.ch\/archives\/2023\/en\/wp-json\/wp\/v2\/media?parent=36789"}],"curies":[{"name":"wp","href":"https:\/\/api.w.org\/{rel}","templated":true}]}}