{"id":1830,"date":"2021-09-01T10:50:52","date_gmt":"2021-09-01T08:50:52","guid":{"rendered":"https:\/\/giff.daisybell.ch\/?page_id=1830"},"modified":"2023-12-04T12:14:14","modified_gmt":"2023-12-04T11:14:14","slug":"accueil","status":"publish","type":"page","link":"https:\/\/www.giff.ch\/archives\/2023\/","title":{"rendered":"ACCUEIL"},"content":{"rendered":"<div class='row '><div class='col col-12 col-md-8'><a href='https:\/\/www.giff.ch\/archives\/2023\/palmares-2\/' rel='' target=''><img loading=\"lazy\" decoding=\"async\" width=\"1171\" height=\"675\" src=\"https:\/\/www.giff.ch\/archives\/2023\/wp-content\/uploads\/2023\/11\/palmares-1-1171x675.jpg\" class=\"img-fluid pb-3\" alt=\"GIFF - Geneva International Film Festival\" srcset=\"https:\/\/www.giff.ch\/archives\/2023\/wp-content\/uploads\/2023\/11\/palmares-1-1171x675.jpg 1171w, https:\/\/www.giff.ch\/archives\/2023\/wp-content\/uploads\/2023\/11\/palmares-1-357x206.jpg 357w, https:\/\/www.giff.ch\/archives\/2023\/wp-content\/uploads\/2023\/11\/palmares-1-534x308.jpg 534w, https:\/\/www.giff.ch\/archives\/2023\/wp-content\/uploads\/2023\/11\/palmares-1-1483x855.jpg 1483w, https:\/\/www.giff.ch\/archives\/2023\/wp-content\/uploads\/2023\/11\/palmares-1-1780x1026.jpg 1780w, https:\/\/www.giff.ch\/archives\/2023\/wp-content\/uploads\/2023\/11\/palmares-1.jpg 1920w\" sizes=\"(max-width: 1171px) 100vw, 1171px\" \/><\/a><div class='row '><div class='col col-12 col-md-6 '><div class=\"news-card-2022 mb-4\">\n    <a href=\"https:\/\/www.giff.ch\/archives\/2023\/programme\/virtualterritories\/\" target=\"\">\n    <div class=\"news-card-2022-container\">\n    <div class=\"news-card-2022-wrapper py-3\">\n            <div class=\"mb-1 text-uppercase px-4 sup-title\">\n        IMMERSIF      <\/div>\n                  <div class=\"h3 mb-2 px-4 title\">\n        TERRITOIRES VIRTUELS      <\/div>\n                  <div class=\"ratio ratio-16x9\">\n        <img loading=\"lazy\" decoding=\"async\" width=\"1200\" height=\"675\" src=\"https:\/\/www.giff.ch\/archives\/2023\/wp-content\/uploads\/2023\/10\/465-1200x675.jpeg\" class=\"attachment-md size-md\" alt=\"VIRTUAL TERRITORIES I : TULPAMANCER, GIFF 2021\" srcset=\"https:\/\/www.giff.ch\/archives\/2023\/wp-content\/uploads\/2023\/10\/465-1200x675.jpeg 1200w, https:\/\/www.giff.ch\/archives\/2023\/wp-content\/uploads\/2023\/10\/465-366x206.jpeg 366w, https:\/\/www.giff.ch\/archives\/2023\/wp-content\/uploads\/2023\/10\/465-548x308.jpeg 548w, https:\/\/www.giff.ch\/archives\/2023\/wp-content\/uploads\/2023\/10\/465-1520x855.jpeg 1520w, https:\/\/www.giff.ch\/archives\/2023\/wp-content\/uploads\/2023\/10\/465-1824x1026.jpeg 1824w\" sizes=\"(max-width: 1200px) 100vw, 1200px\" \/>      <\/div>\n                  <div class=\"text-black px-4 mt-2\">\n        Comme chaque ann\u00e9e, les Territoires virtuels investissent la Maison communale de Plainpalais en proposant quatre programmes vari\u00e9s pour faire d\u00e9couvrir le meilleur de la cr\u00e9ation immersive internationale et de Suisse.      <\/div>\n          <\/div>\n    <div class=\"news-card-2022-border\"><\/div>\n  <\/div>\n    <\/a>\n  <\/div>\n<\/div><div class='col col-12 col-md-6 '><div class=\"news-card-2022 gdm mb-4\">\n    <a href=\"https:\/\/www.giff.ch\/archives\/2023\/gdm\/agenda\/\" target=\"\">\n    <div class=\"news-card-2022-container\">\n    <div class=\"news-card-2022-wrapper py-3\">\n            <div class=\"mb-1 text-uppercase px-4 sup-title\">\n        GENEVA DIGITAL MARKET      <\/div>\n                  <div class=\"h3 mb-2 px-4 title\">\n        LE PROGRAMME DU GDM!      <\/div>\n                  <div class=\"ratio ratio-16x9\">\n        <img loading=\"lazy\" decoding=\"async\" width=\"1200\" height=\"675\" src=\"https:\/\/www.giff.ch\/archives\/2023\/wp-content\/uploads\/2023\/10\/2023-GDM-PosterPaysage-1200x675.jpg\" class=\"attachment-md size-md\" alt=\"\" srcset=\"https:\/\/www.giff.ch\/archives\/2023\/wp-content\/uploads\/2023\/10\/2023-GDM-PosterPaysage-1200x675.jpg 1200w, https:\/\/www.giff.ch\/archives\/2023\/wp-content\/uploads\/2023\/10\/2023-GDM-PosterPaysage-366x206.jpg 366w, https:\/\/www.giff.ch\/archives\/2023\/wp-content\/uploads\/2023\/10\/2023-GDM-PosterPaysage-548x308.jpg 548w, https:\/\/www.giff.ch\/archives\/2023\/wp-content\/uploads\/2023\/10\/2023-GDM-PosterPaysage-1520x855.jpg 1520w, https:\/\/www.giff.ch\/archives\/2023\/wp-content\/uploads\/2023\/10\/2023-GDM-PosterPaysage-1824x1026.jpg 1824w, https:\/\/www.giff.ch\/archives\/2023\/wp-content\/uploads\/2023\/10\/2023-GDM-PosterPaysage.jpg 1920w\" sizes=\"(max-width: 1200px) 100vw, 1200px\" \/>      <\/div>\n                  <div class=\"text-black px-4 mt-2\">\n        L\u2019unique rendez-vous de Suisse ax\u00e9 sur l\u2019innovation audiovisuelle est disponible \u00e0 distance avec une accr\u00e9ditation GDM Online !      <\/div>\n          <\/div>\n    <div class=\"news-card-2022-border\"><\/div>\n  <\/div>\n    <\/a>\n  <\/div>\n<\/div><\/div><div class='row '><div class='col col-12 col-md-6 '><div class=\"news-card-2022 mb-4\">\n    <a href=\"https:\/\/www.giff.ch\/archives\/2023\/film\/the-eye-and-i\/\" target=\"\">\n    <div class=\"news-card-2022-container\">\n    <div class=\"news-card-2022-wrapper py-3\">\n            <div class=\"mb-1 text-uppercase px-4 sup-title\">\n        IMMERSIVE      <\/div>\n                  <div class=\"h3 mb-2 px-4 title\">\n        THE EYE AND I      <\/div>\n                  <div class=\"ratio ratio-16x9\">\n        <img loading=\"lazy\" decoding=\"async\" width=\"1200\" height=\"675\" src=\"https:\/\/www.giff.ch\/archives\/2023\/wp-content\/uploads\/2023\/10\/1382321-1200x675.jpg\" class=\"attachment-md size-md\" alt=\"The Eye And I, GIFF 2021\" srcset=\"https:\/\/www.giff.ch\/archives\/2023\/wp-content\/uploads\/2023\/10\/1382321-1200x675.jpg 1200w, https:\/\/www.giff.ch\/archives\/2023\/wp-content\/uploads\/2023\/10\/1382321-366x206.jpg 366w, https:\/\/www.giff.ch\/archives\/2023\/wp-content\/uploads\/2023\/10\/1382321-548x308.jpg 548w, https:\/\/www.giff.ch\/archives\/2023\/wp-content\/uploads\/2023\/10\/1382321-1520x855.jpg 1520w, https:\/\/www.giff.ch\/archives\/2023\/wp-content\/uploads\/2023\/10\/1382321-1824x1026.jpg 1824w, https:\/\/www.giff.ch\/archives\/2023\/wp-content\/uploads\/2023\/10\/1382321.jpg 1920w\" sizes=\"(max-width: 1200px) 100vw, 1200px\" \/>      <\/div>\n                  <div class=\"text-black px-4 mt-2\">\n        Une odyss\u00e9e \u00e9nigmatique o\u00f9, nous enfermant dans un syst\u00e8me carc\u00e9ral d\u00e9structur\u00e9 et num\u00e9rique, Jean-Michel Jarre et Hsin-Chien Huang interrogent notre libre arbitre.      <\/div>\n          <\/div>\n    <div class=\"news-card-2022-border\"><\/div>\n  <\/div>\n    <\/a>\n  <\/div>\n<\/div><div class='col col-12 col-md-6 '><div class=\"news-card-2022 mb-4\">\n    <a href=\"https:\/\/www.giff.ch\/archives\/2023\/film\/in-pursuit-of-repetitive-beats\/\" target=\"\">\n    <div class=\"news-card-2022-container\">\n    <div class=\"news-card-2022-wrapper py-3\">\n            <div class=\"mb-1 text-uppercase px-4 sup-title\">\n        IMMERSIVE      <\/div>\n                  <div class=\"h3 mb-2 px-4 title\">\n        IN PURSUIT OF REPETITIVE BEATS      <\/div>\n                  <div class=\"ratio ratio-16x9\">\n        <img loading=\"lazy\" decoding=\"async\" width=\"1200\" height=\"656\" src=\"https:\/\/www.giff.ch\/archives\/2023\/wp-content\/uploads\/2023\/08\/BANNER_SITE_BEATS-1200x656.jpg\" class=\"attachment-md size-md\" alt=\"\" srcset=\"https:\/\/www.giff.ch\/archives\/2023\/wp-content\/uploads\/2023\/08\/BANNER_SITE_BEATS-1200x656.jpg 1200w, https:\/\/www.giff.ch\/archives\/2023\/wp-content\/uploads\/2023\/08\/BANNER_SITE_BEATS-377x206.jpg 377w, https:\/\/www.giff.ch\/archives\/2023\/wp-content\/uploads\/2023\/08\/BANNER_SITE_BEATS-563x308.jpg 563w, https:\/\/www.giff.ch\/archives\/2023\/wp-content\/uploads\/2023\/08\/BANNER_SITE_BEATS-1520x831.jpg 1520w, https:\/\/www.giff.ch\/archives\/2023\/wp-content\/uploads\/2023\/08\/BANNER_SITE_BEATS.jpg 1600w\" sizes=\"(max-width: 1200px) 100vw, 1200px\" \/>      <\/div>\n                  <div class=\"text-black px-4 mt-2\">\n        Participez \u00e0 l\u2019\u00e9mergence de la musique \u00e9lectronique et des premi\u00e8res rave party. Une plong\u00e9e dans l\u2019Angleterre underground de la fin des ann\u00e9es 1980 entre vir\u00e9es nocturnes et enqu\u00eate polici\u00e8re.      <\/div>\n          <\/div>\n    <div class=\"news-card-2022-border\"><\/div>\n  <\/div>\n    <\/a>\n  <\/div>\n<\/div><\/div><div class='row '><div class='col col-12 col-md-6 '><div class=\"news-card-2022 mb-4\">\n    <a href=\"https:\/\/www.giff.ch\/archives\/2023\/programme\/integrales\/\" target=\"\">\n    <div class=\"news-card-2022-container\">\n    <div class=\"news-card-2022-wrapper py-3\">\n            <div class=\"mb-1 text-uppercase px-4 sup-title\">\n        S\u00e9ries      <\/div>\n                  <div class=\"h3 mb-2 px-4 title\">\n        D\u00e9couvrez toutes nos s\u00e9ries diffus\u00e9es en int\u00e9grale !      <\/div>\n                  <div class=\"ratio ratio-16x9\">\n        <img loading=\"lazy\" decoding=\"async\" width=\"1200\" height=\"675\" src=\"https:\/\/www.giff.ch\/archives\/2023\/wp-content\/uploads\/2023\/10\/1379426-1-1200x675.jpg\" class=\"attachment-md size-md\" alt=\"Deep Fake Neighbour Wars, GIFF 2021\" srcset=\"https:\/\/www.giff.ch\/archives\/2023\/wp-content\/uploads\/2023\/10\/1379426-1-1200x675.jpg 1200w, https:\/\/www.giff.ch\/archives\/2023\/wp-content\/uploads\/2023\/10\/1379426-1-366x206.jpg 366w, https:\/\/www.giff.ch\/archives\/2023\/wp-content\/uploads\/2023\/10\/1379426-1-548x308.jpg 548w, https:\/\/www.giff.ch\/archives\/2023\/wp-content\/uploads\/2023\/10\/1379426-1-1520x855.jpg 1520w, https:\/\/www.giff.ch\/archives\/2023\/wp-content\/uploads\/2023\/10\/1379426-1-1824x1026.jpg 1824w\" sizes=\"(max-width: 1200px) 100vw, 1200px\" \/>      <\/div>\n                  <div class=\"text-black px-4 mt-2\">\n         Les s\u00e9ries indiqu\u00e9es sont pr\u00e9sent\u00e9es dans leur int\u00e9gralit\u00e9 au GIFF. Pour certaines, toute la saison sera pr\u00e9sent\u00e9e en salle. Pour les autres, les premiers \u00e9pisodes sont projet\u00e9s en salle, et les \u00e9pisodes suivants sont rendus disponibles gr\u00e2ce \u00e0 des codes d\u2019acc\u00e8s personnels sur play.giff.ch.      <\/div>\n          <\/div>\n    <div class=\"news-card-2022-border\"><\/div>\n  <\/div>\n    <\/a>\n  <\/div>\n<\/div><div class='col col-12 col-md-6 '><div class=\"news-card-2022 mb-4\">\n    <a href=\"https:\/\/www.giff.ch\/archives\/2023\/programme\/highlights\/\" target=\"\">\n    <div class=\"news-card-2022-container\">\n    <div class=\"news-card-2022-wrapper py-3\">\n            <div class=\"mb-1 text-uppercase px-4 sup-title\">\n        HIGHLIGHTS      <\/div>\n                  <div class=\"h3 mb-2 px-4 title\">\n        D\u00e9couvrez les \u00e9v\u00e8nements majeurs du festival      <\/div>\n                  <div class=\"ratio ratio-16x9\">\n        <img loading=\"lazy\" decoding=\"async\" width=\"970\" height=\"647\" src=\"https:\/\/www.giff.ch\/archives\/2023\/wp-content\/uploads\/2023\/10\/1382886.jpg\" class=\"attachment-md size-md\" alt=\"The Promised Land, GIFF 2021\" srcset=\"https:\/\/www.giff.ch\/archives\/2023\/wp-content\/uploads\/2023\/10\/1382886.jpg 970w, https:\/\/www.giff.ch\/archives\/2023\/wp-content\/uploads\/2023\/10\/1382886-309x206.jpg 309w, https:\/\/www.giff.ch\/archives\/2023\/wp-content\/uploads\/2023\/10\/1382886-462x308.jpg 462w\" sizes=\"(max-width: 970px) 100vw, 970px\" \/>      <\/div>\n                  <div class=\"text-black px-4 mt-2\">\n        La section de tous les \u00e9v\u00e9nements majeurs du Festival : avant-premi\u00e8res de films parmi les titres les plus attendus de l\u2019ann\u00e9e, s\u00e9ries d\u2019auteur\u00b7e\u00b7s prestigieux\u00b7euse\u00b7s, Premi\u00e8res mondiales de s\u00e9ries suisses, installa\u00adtions num\u00e9riques de pointe et exp\u00e9riences immersives uniques en leur genre.      <\/div>\n          <\/div>\n    <div class=\"news-card-2022-border\"><\/div>\n  <\/div>\n    <\/a>\n  <\/div>\n<\/div><\/div><div class='row '><div class='col col-12 col-md-6 '><div class=\"news-card-2022 mb-4\">\n    <a href=\"https:\/\/www.giff.ch\/archives\/2023\/programme\/film_beyond\/\" target=\"\">\n    <div class=\"news-card-2022-container\">\n    <div class=\"news-card-2022-wrapper py-3\">\n            <div class=\"mb-1 text-uppercase px-4 sup-title\">\n        FILM &#038; BEYOND      <\/div>\n                  <div class=\"h3 mb-2 px-4 title\">\n        JEAN-MICHEL JARRE SERA \u00c0 L\u2019HONNEUR LORS pour la 29\u00e8me \u00c9DITION !      <\/div>\n                  <div class=\"ratio ratio-16x9\">\n        <img loading=\"lazy\" decoding=\"async\" width=\"1200\" height=\"656\" src=\"https:\/\/www.giff.ch\/archives\/2023\/wp-content\/uploads\/2023\/09\/BANNER_SITE_JEANMICHELJARRE_FR-1200x656.jpg\" class=\"attachment-md size-md\" alt=\"\" srcset=\"https:\/\/www.giff.ch\/archives\/2023\/wp-content\/uploads\/2023\/09\/BANNER_SITE_JEANMICHELJARRE_FR-1200x656.jpg 1200w, https:\/\/www.giff.ch\/archives\/2023\/wp-content\/uploads\/2023\/09\/BANNER_SITE_JEANMICHELJARRE_FR-377x206.jpg 377w, https:\/\/www.giff.ch\/archives\/2023\/wp-content\/uploads\/2023\/09\/BANNER_SITE_JEANMICHELJARRE_FR-563x308.jpg 563w, https:\/\/www.giff.ch\/archives\/2023\/wp-content\/uploads\/2023\/09\/BANNER_SITE_JEANMICHELJARRE_FR-1520x831.jpg 1520w, https:\/\/www.giff.ch\/archives\/2023\/wp-content\/uploads\/2023\/09\/BANNER_SITE_JEANMICHELJARRE_FR.jpg 1600w\" sizes=\"(max-width: 1200px) 100vw, 1200px\" \/>      <\/div>\n                  <div class=\"text-black px-4 mt-2\">\n        Chaque ann\u00e9e, le prix Film &#038; Beyond r\u00e9compense en personne un\u00b7e artiste interdisciplinaire pour l\u2019ensemble de sa carri\u00e8re pr\u00e9sent\u00e9e sous la forme de r\u00e9trospective.      <\/div>\n          <\/div>\n    <div class=\"news-card-2022-border\"><\/div>\n  <\/div>\n    <\/a>\n  <\/div>\n<\/div><div class='col col-12 col-md-6 '><div class=\"news-card-2022 mb-4\">\n    <a href=\"https:\/\/www.giff.ch\/archives\/2023\/programme\/geneva\/\" target=\"_blank\">\n    <div class=\"news-card-2022-container\">\n    <div class=\"news-card-2022-wrapper py-3\">\n            <div class=\"mb-1 text-uppercase px-4 sup-title\">\n        GENEVA AWARD      <\/div>\n                  <div class=\"h3 mb-2 px-4 title\">\n        Le l\u00e9gendaire collectif Kourtrajm\u00e9 au giff      <\/div>\n                  <div class=\"ratio ratio-16x9\">\n        <img loading=\"lazy\" decoding=\"async\" width=\"1200\" height=\"675\" src=\"https:\/\/www.giff.ch\/archives\/2023\/wp-content\/uploads\/2023\/10\/Kourtrajme-1200x675.jpg\" class=\"attachment-md size-md\" alt=\"\" srcset=\"https:\/\/www.giff.ch\/archives\/2023\/wp-content\/uploads\/2023\/10\/Kourtrajme-1200x675.jpg 1200w, https:\/\/www.giff.ch\/archives\/2023\/wp-content\/uploads\/2023\/10\/Kourtrajme-366x206.jpg 366w, https:\/\/www.giff.ch\/archives\/2023\/wp-content\/uploads\/2023\/10\/Kourtrajme-548x308.jpg 548w, https:\/\/www.giff.ch\/archives\/2023\/wp-content\/uploads\/2023\/10\/Kourtrajme-1520x855.jpg 1520w, https:\/\/www.giff.ch\/archives\/2023\/wp-content\/uploads\/2023\/10\/Kourtrajme-1824x1026.jpg 1824w, https:\/\/www.giff.ch\/archives\/2023\/wp-content\/uploads\/2023\/10\/Kourtrajme.jpg 1920w\" sizes=\"(max-width: 1200px) 100vw, 1200px\" \/>      <\/div>\n                  <div class=\"text-black px-4 mt-2\">\n        Ce prix r\u00e9cent r\u00e9compense la carri\u00e8re de personnalit\u00e9s, invit\u00e9\u00b7e\u00b7s d\u2019honneur du Festival, qui ont su par leurs choix artistiques et le courage de leurs opinions inspirer leurs contemporains et contemporaines.       <\/div>\n          <\/div>\n    <div class=\"news-card-2022-border\"><\/div>\n  <\/div>\n    <\/a>\n  <\/div>\n<\/div><\/div><\/div><div class='col col-12 col-md-4'><div class=\"promotion p-4 gdm mb-3\">\n  <div class=\"promotion-container\">\n    <div class=\"promotion-wrapper pe-5\">\n            <div class=\"title h2 mb-0\">\n        Geneva Digital Market      <\/div>\n                        <div class=\"mt-2\">\n        <p>Masterclass, tables rondes, discussions\u2026 Des plateformes num\u00e9riques aux derni\u00e8res innovations digitales pour le secteur audiovisuel, en passant par l\u2019impact \u00e9cologique global de ces nouveaux outils, tour d\u2019horizon d\u2019une ann\u00e9e 2023 particuli\u00e8rement active.<\/p>\n      <\/div>\n                  <div class=\"mt-2\">\n                        <a href=\"https:\/\/www.giff.ch\/archives\/2023\/gdm\/agenda\/talks\/\" target=\"\" class=\"btn btn-primary mb-2\">\n        Talks        <\/a>\n                      <\/div>\n                <\/div>\n    <div class=\"promotion-image\"><img decoding=\"async\" src=\"https:\/\/www.giff.ch\/archives\/2023\/wp-content\/themes\/giff\/medias\/images\/block-promotion\/2023\/gdm-2.jpg\" alt=\"\"><\/div>\n  <\/div>\n<\/div>\n<div class=\"promotion p-4 giff mb-3\">\n  <div class=\"promotion-container\">\n    <div class=\"promotion-wrapper pe-5\">\n            <div class=\"title h2 mb-0\">\n        GUESTS &#038; JURYS      <\/div>\n                        <div class=\"mt-2\">\n        <p>D\u00e9couvrez notre liste d&rsquo;invit\u00e9s et de jury de la 29e \u00e9dition !<\/p>\n      <\/div>\n                  <div class=\"mt-2\">\n                        <a href=\"https:\/\/www.giff.ch\/archives\/2023\/guests-jurys\/\" target=\"\" class=\"btn btn-primary mb-2\">\n        EN SAVOIR PLUS        <\/a>\n                      <\/div>\n                <\/div>\n    <div class=\"promotion-image\"><img decoding=\"async\" src=\"https:\/\/www.giff.ch\/archives\/2023\/wp-content\/themes\/giff\/medias\/images\/block-promotion\/2023\/giff-1.jpg\" alt=\"\"><\/div>\n  <\/div>\n<\/div>\n<\/div><\/div>\n\n\n<p><\/p>\n\n\n\n<p><\/p>\n\n\n\n<p><\/p>\n\n\n\n<p><\/p>\n","protected":false},"excerpt":{"rendered":"","protected":false},"author":1,"featured_media":0,"parent":0,"menu_order":0,"comment_status":"closed","ping_status":"closed","template":"","meta":{"footnotes":""},"acf":[],"_links":{"self":[{"href":"https:\/\/www.giff.ch\/archives\/2023\/wp-json\/wp\/v2\/pages\/1830"}],"collection":[{"href":"https:\/\/www.giff.ch\/archives\/2023\/wp-json\/wp\/v2\/pages"}],"about":[{"href":"https:\/\/www.giff.ch\/archives\/2023\/wp-json\/wp\/v2\/types\/page"}],"author":[{"embeddable":true,"href":"https:\/\/www.giff.ch\/archives\/2023\/wp-json\/wp\/v2\/users\/1"}],"replies":[{"embeddable":true,"href":"https:\/\/www.giff.ch\/archives\/2023\/wp-json\/wp\/v2\/comments?post=1830"}],"version-history":[{"count":3,"href":"https:\/\/www.giff.ch\/archives\/2023\/wp-json\/wp\/v2\/pages\/1830\/revisions"}],"predecessor-version":[{"id":59973,"href":"https:\/\/www.giff.ch\/archives\/2023\/wp-json\/wp\/v2\/pages\/1830\/revisions\/59973"}],"wp:attachment":[{"href":"https:\/\/www.giff.ch\/archives\/2023\/wp-json\/wp\/v2\/media?parent=1830"}],"curies":[{"name":"wp","href":"https:\/\/api.w.org\/{rel}","templated":true}]}}