{"id":1884,"date":"2021-09-01T22:05:17","date_gmt":"2021-09-01T20:05:17","guid":{"rendered":"https:\/\/giff.daisybell.ch\/?page_id=1884"},"modified":"2023-09-06T10:46:10","modified_gmt":"2023-09-06T08:46:10","slug":"benevoles","status":"publish","type":"page","link":"https:\/\/www.giff.ch\/archives\/2023\/le-festival\/benevoles\/","title":{"rendered":"B\u00e9n\u00e9voles"},"content":{"rendered":"\n<p><\/p>\n\n\n\n<p>Le GIFF sera de retour pour t\u2019en mettre plein les yeux du 3 au 12 novembre 2023 ! \u2728&nbsp;<\/p>\n\n\n\n<p>Envie de t\u2019impliquer dans la culture, de faire plein de rencontres et de vivre un festival de l\u2019int\u00e9rieur ? D\u2019explorer la relation entre le cin\u00e9ma, la t\u00e9l\u00e9vision et les nouvelles formes de cr\u00e9ation digitale ?&nbsp;<\/p>\n\n\n\n<p>Envie de prendre part \u00e0 une aventure exceptionnelle ?&nbsp;<\/p>\n\n\n\n<p>REJOINS LA TEAM ! \ud83e\udd0d<\/p>\n\n\n\n<h4 class=\"wp-block-heading\"><a href=\"https:\/\/volunteo.com\/fr\/r\/giff-2023\" target=\"_blank\" rel=\"noreferrer noopener\">JE M&rsquo;INSCRIS !<\/a><\/h4>\n\n\n\n<hr class=\"wp-block-separator has-alpha-channel-opacity\"\/>\n\n\n\n<p>Le GIFF est le plus ancien festival genevois d\u00e9di\u00e9 au cin\u00e9ma, et l\u2019un des premiers au monde \u00e0 avoir int\u00e9gr\u00e9 la t\u00e9l\u00e9vision dans ses programmes. Le GIFF d\u00e9fend la place des auteurs dans le processus artistique, tous formats audiovisuels confondus.<\/p>\n\n\n\n<p>\u00c0 la crois\u00e9e des genres et des disciplines, le GIFF est un lieu d\u2019exp\u00e9rimentation, de rencontre et de f\u00eate.<\/p>\n\n\n\n<p>Durant dix jours, du 3 au 12 novembre 2023, le GIFF propose des films, des s\u00e9ries, des installations interactives, et des \u0153uvres en r\u00e9alit\u00e9 virtuelle (VR) \u00e0 quelque 35&rsquo;000 spectatrices et spectateurs. C\u2019est le plus grand espace vou\u00e9 aux arts immersifs sur le territoire helv\u00e9tique.<\/p>\n\n\n\n<p><br>Pendant la manifestation, se tient le Geneva Digital Market, un rendez-vous unique en Suisse consacr\u00e9 \u00e0 l\u2019innovation audiovisuelle. Les sp\u00e9cialistes de l\u2019image du monde entier s\u2019y rencontrent, d\u00e9battent et \u00e9changent sur l\u2019univers audiovisuel d\u2019aujourd\u2019hui et de demain.<\/p>\n\n\n\n<p>Pour mener \u00e0 bien son projet ambitieux, le GIFF a besoin d\u2019une \u00e9quipe de b\u00e9n\u00e9voles enthousiastes et motiv\u00e9s. Alors rejoins notre \u00e9quipe et PARLES-EN AUTOUR DE TOI, implique ton r\u00e9seau pour la cause.<\/p>\n\n\n\n<p>Ta participation te donne droit \u00e0 une accr\u00e9ditation (badge b\u00e9n\u00e9vole), et de nombreux avantages. Le badge te permet notamment d\u2019acc\u00e9der \u00e0 la plupart des films et soir\u00e9es gratuitement. C\u2019est d\u00e9j\u00e0 une belle contrepartie, mais le GIFF g\u00e2te ses b\u00e9n\u00e9voles, et se d\u00e9marque d\u2019autres festivals, avec le fameux portemonnaie \u00e9lectronique li\u00e9 au badge. \u00c0 chaque mission, nous cr\u00e9ditons ton portemonnaie, plus tu as de missions, plus ton portemonnaie se remplit. Le portemonnaie peut \u00eatre utilis\u00e9 au bar et au restaurant du festival.<\/p>\n","protected":false},"excerpt":{"rendered":"<p>Le GIFF sera de retour pour t\u2019en mettre plein les yeux du 3 au 12 novembre 2023 ! \u2728&nbsp; Envie de t\u2019impliquer dans la culture, de faire plein de rencontres et de vivre un festival de l\u2019int\u00e9rieur ? D\u2019explorer la relation entre le cin\u00e9ma, la t\u00e9l\u00e9vision et les nouvelles formes de cr\u00e9ation digitale ?&nbsp; Envie [&hellip;]<\/p>\n","protected":false},"author":1,"featured_media":0,"parent":36820,"menu_order":3,"comment_status":"closed","ping_status":"closed","template":"","meta":{"footnotes":""},"acf":[],"_links":{"self":[{"href":"https:\/\/www.giff.ch\/archives\/2023\/wp-json\/wp\/v2\/pages\/1884"}],"collection":[{"href":"https:\/\/www.giff.ch\/archives\/2023\/wp-json\/wp\/v2\/pages"}],"about":[{"href":"https:\/\/www.giff.ch\/archives\/2023\/wp-json\/wp\/v2\/types\/page"}],"author":[{"embeddable":true,"href":"https:\/\/www.giff.ch\/archives\/2023\/wp-json\/wp\/v2\/users\/1"}],"replies":[{"embeddable":true,"href":"https:\/\/www.giff.ch\/archives\/2023\/wp-json\/wp\/v2\/comments?post=1884"}],"version-history":[{"count":3,"href":"https:\/\/www.giff.ch\/archives\/2023\/wp-json\/wp\/v2\/pages\/1884\/revisions"}],"predecessor-version":[{"id":48812,"href":"https:\/\/www.giff.ch\/archives\/2023\/wp-json\/wp\/v2\/pages\/1884\/revisions\/48812"}],"up":[{"embeddable":true,"href":"https:\/\/www.giff.ch\/archives\/2023\/wp-json\/wp\/v2\/pages\/36820"}],"wp:attachment":[{"href":"https:\/\/www.giff.ch\/archives\/2023\/wp-json\/wp\/v2\/media?parent=1884"}],"curies":[{"name":"wp","href":"https:\/\/api.w.org\/{rel}","templated":true}]}}