{"id":36783,"date":"2022-01-05T10:19:36","date_gmt":"2022-01-05T09:19:36","guid":{"rendered":"https:\/\/2023.giff.ch\/?page_id=36783"},"modified":"2023-11-02T13:42:04","modified_gmt":"2023-11-02T12:42:04","slug":"equipe-et-fondation","status":"publish","type":"page","link":"https:\/\/www.giff.ch\/archives\/2023\/le-festival\/equipe-et-fondation\/","title":{"rendered":"\u00c9QUIPE ET FONDATION"},"content":{"rendered":"\n<p><\/p>\n\n\n\n<h3 class=\"wp-block-heading\"><strong>CONSEIL DE FONDATION<\/strong><\/h3>\n\n\n\n<p>La Fondation GIFF a pour but de promouvoir la cr\u00e9ation cin\u00e9matographique, t\u00e9l\u00e9visuelle et num\u00e9rique en Suisse. \u00c0 cette fin, elle organise notamment le Geneva International Film Festival (GIFF) et le<a href=\"https:\/\/www.giff.ch\/archives\/2023\/gdm\/\"> Geneva Digital Market<\/a> (GDM), tous deux pendant la premi\u00e8re quinzaine de novembre ainsi que le programme <a href=\"https:\/\/www.giff.ch\/archives\/2023\/agenda\/giff-unlimited\/\">GIFF Unlimited<\/a>.<\/p>\n\n\n\n<p>Pr\u00e9sident, Guerric Canonica, partenaire dans l\u2019\u00e9tude Canonica Valticos de Preux + Associ\u00e9e<br>Secr\u00e9taire, Neal Hartman, directeur de CineGlobe Film Festival et ing\u00e9nieur au CERN<\/p>\n\n\n\n<div style=\"height:31px\" aria-hidden=\"true\" class=\"wp-block-spacer\"><\/div>\n\n\n\n<h3 class=\"wp-block-heading\">Membres du conseil de Fondation<\/h3>\n\n\n\n<p>Philippa De Roten &#8211; directrice du d\u00e9partement Soci\u00e9t\u00e9 et Culture \u00e0 la RTS<br>Max Karli &#8211; producteur \u00e0 Rita Productions et Bandita Films<br>Yarom Ophir &#8211; pr\u00e9sident du conseil et cofondateur de Katana SA<br>Sylvie Buhagiar &#8211; avocate<br>Nathalie Pichard &#8211; directrice de la Fondation ArtTech<\/p>\n\n\n\n<div style=\"height:31px\" aria-hidden=\"true\" class=\"wp-block-spacer\"><\/div>\n\n\n\n<h3 class=\"wp-block-heading\"><strong>Direction <\/strong><\/h3>\n\n\n\n<p>Ana\u00efs Emery &#8211; directrice g\u00e9n\u00e9rale et artistique<br>Tom Guex &#8211; directeur op\u00e9rationnel<\/p>\n\n\n\n<p><\/p>\n\n\n\n<div style=\"height:31px\" aria-hidden=\"true\" class=\"wp-block-spacer\"><\/div>\n\n\n\n<h3 class=\"wp-block-heading\"><strong>Programmation <\/strong><\/h3>\n\n\n\n<p>Maral Mohsenin\u00a0&#8211; responsable\u00a0des programmes<br>Casper Andersen &#8211; responsable des programmes num\u00e9riques<br>Sarah Quintric &#8211; responsable\u00a0op\u00e9rationnelle\u00a0du GDM<br>Simon Coderey &#8211; assistant du GDM<br>Mathieu Gayet &#8211; responsable industry<br>Sarah Studer &#8211; responsable m\u00e9diation culturelle &amp; coordination GIFF UNLIMITED<br>Lucie Emch &#8211; coordinatrice des programmes<br>Louise Rinaldi &#8211; responsable\u00a0hospitalit\u00e9<br>Sarah Ciuclea &#8211; charg\u00e9e de l&rsquo;hospitalit\u00e9<br>Emmanuelle Maryam Esma\u00efl-Zavieh &#8211; coordinatrice des copies<br>Oc\u00e9ane Wannaz &#8211; charg\u00e9e de documentation<br>Justine Roh\u2013 stagiaire programmation<br>Ga\u00eblle Vidalie, Fran Gayo &#8211; programmation cin\u00e9ma<br>Benjamin Magnin, Julia Schubiger &#8211; programmation s\u00e9ries<br>Frank Braun, Anna Percival &#8211;\u00a0consultant.es\u00a0programmation<br>Sten-Kristian Saluveer &#8211; consultant programme professionnel (Geneva Digital Market)<br>Andrea Di Guardo &#8211; assistant programmation<br>Maud Ahmadnia &#8211; coordinatrice anges gardiens<br>James Berclaz-Lewis, Justine Roh, Ga\u00eblle Vidalie, Mathieu Gayet &#8211; r\u00e9daction synopsis<\/p>\n\n\n\n<div style=\"height:31px\" aria-hidden=\"true\" class=\"wp-block-spacer\"><\/div>\n\n\n\n<h3 class=\"wp-block-heading\"><strong>Communication<\/strong><\/h3>\n\n\n\n<p>Rosalie Grobet &#8211;&nbsp;responsable communication<br>Zahra Badoui &#8211; responsable communication<br>Bastien Bento &#8211; responsable presse<br>L\u00e9a Eigenmann &#8211; attach\u00e9e de presse <br>Alissa Sadiki &#8211; assistante communication et presse<br>Fabien Jupille \u2013 montage vid\u00e9o<br>DaisyBell &#8211; webmaster<br>Benjamin Muzzin &#8211; CGI<br>Polomarco &#8211; graphisme <br>Office for Typography &#8211; identit\u00e9 visuelle <\/p>\n\n\n\n<p><\/p>\n\n\n\n<p><\/p>\n\n\n\n<div style=\"height:31px\" aria-hidden=\"true\" class=\"wp-block-spacer\"><\/div>\n\n\n\n<h3 class=\"wp-block-heading\"><strong>Op\u00e9ration <\/strong><\/h3>\n\n\n\n<p><\/p>\n\n\n\n<p><\/p>\n\n\n\n<p>Lydia Frost &#8211; responsable recherche de fonds et partenariats<br>Joseph Chaumont &#8211; coordinateur administratif <br>Andrea Wagenknecht &#8211; assistante de direction<br>Yael Golan \u2013 charg\u00e9e de protocole et du F&amp;B<br>Alex Schuhmann dos Santos\u2013 responsable op\u00e9rationnel et technique des programmes num\u00e9riques<br>Sarah Menouer &#8211; responsable production<br>F\u00e9lix Tatzber \u2013 coordinateur production<br>Alba Lage &#8211; responsable accr\u00e9ditations &amp; accueil des publics<br>Tha\u00efs Juillerat &#8211; charg\u00e9e des accr\u00e9ditations<br>Jos\u00e9phine Vuigner &#8211; charg\u00e9e de billetterie<br>Ana\u00efs Deville &#8211; responsable b\u00e9n\u00e9voles<br>Melchior Deville &#8211; charg\u00e9 b\u00e9n\u00e9voles&nbsp;<br>Adrien Boulanger \u2013 responsable infrastructure<br>Laurent Marti \u2013 informatique<br>L\u00e9o Marti &#8211; coordination Nuits Blanches<br>Cl\u00e9mentine Eggs &#8211; stagiaire administration<br>Mike Pfenninger &#8211; responsable technique projections<br>Eloise Boursier &#8211; charg\u00e9e technique des programmes num\u00e9riques<br>Ludovic Cachin &#8211; responsable exploitation bar<br>Yacin Boualouchen &#8211; cattering staff<\/p>\n\n\n\n<div style=\"height:31px\" aria-hidden=\"true\" class=\"wp-block-spacer\"><\/div>\n\n\n\n<p><strong>MERCI&nbsp;!<br>Nous remercions tr\u00e8s chaleureusement l\u2019ensemble <\/strong><br><strong>des stagiaires et b\u00e9n\u00e9voles qui font vivre ce Festival !<\/strong><\/p>\n\n\n\n<div style=\"height:31px\" aria-hidden=\"true\" class=\"wp-block-spacer\"><\/div>\n\n\n\n<p><\/p>\n","protected":false},"excerpt":{"rendered":"<p>CONSEIL DE FONDATION La Fondation GIFF a pour but de promouvoir la cr\u00e9ation cin\u00e9matographique, t\u00e9l\u00e9visuelle et num\u00e9rique en Suisse. \u00c0 cette fin, elle organise notamment le Geneva International Film Festival (GIFF) et le Geneva Digital Market (GDM), tous deux pendant la premi\u00e8re quinzaine de novembre ainsi que le programme GIFF Unlimited. Pr\u00e9sident, Guerric Canonica, partenaire [&hellip;]<\/p>\n","protected":false},"author":1,"featured_media":0,"parent":36820,"menu_order":0,"comment_status":"closed","ping_status":"closed","template":"","meta":{"footnotes":""},"acf":[],"_links":{"self":[{"href":"https:\/\/www.giff.ch\/archives\/2023\/wp-json\/wp\/v2\/pages\/36783"}],"collection":[{"href":"https:\/\/www.giff.ch\/archives\/2023\/wp-json\/wp\/v2\/pages"}],"about":[{"href":"https:\/\/www.giff.ch\/archives\/2023\/wp-json\/wp\/v2\/types\/page"}],"author":[{"embeddable":true,"href":"https:\/\/www.giff.ch\/archives\/2023\/wp-json\/wp\/v2\/users\/1"}],"replies":[{"embeddable":true,"href":"https:\/\/www.giff.ch\/archives\/2023\/wp-json\/wp\/v2\/comments?post=36783"}],"version-history":[{"count":3,"href":"https:\/\/www.giff.ch\/archives\/2023\/wp-json\/wp\/v2\/pages\/36783\/revisions"}],"predecessor-version":[{"id":58935,"href":"https:\/\/www.giff.ch\/archives\/2023\/wp-json\/wp\/v2\/pages\/36783\/revisions\/58935"}],"up":[{"embeddable":true,"href":"https:\/\/www.giff.ch\/archives\/2023\/wp-json\/wp\/v2\/pages\/36820"}],"wp:attachment":[{"href":"https:\/\/www.giff.ch\/archives\/2023\/wp-json\/wp\/v2\/media?parent=36783"}],"curies":[{"name":"wp","href":"https:\/\/api.w.org\/{rel}","templated":true}]}}