{"id":36830,"date":"2022-01-05T13:49:06","date_gmt":"2022-01-05T12:49:06","guid":{"rendered":"https:\/\/2023.giff.ch\/?page_id=36830"},"modified":"2025-12-11T23:45:41","modified_gmt":"2025-12-11T22:45:41","slug":"gdm","status":"publish","type":"page","link":"https:\/\/www.giff.ch\/archives\/2023\/gdm\/","title":{"rendered":"MARKET"},"content":{"rendered":"<div class='row '><div class='col col-12 col-md-8'><img loading=\"lazy\" decoding=\"async\" width=\"1200\" height=\"675\" src=\"https:\/\/www.giff.ch\/archives\/2023\/wp-content\/uploads\/2023\/10\/2023-GDM-PosterPaysage-1200x675.jpg\" class=\"img-fluid pb-3\" alt=\"GIFF - Geneva International Film Festival\" srcset=\"https:\/\/www.giff.ch\/archives\/2023\/wp-content\/uploads\/2023\/10\/2023-GDM-PosterPaysage-1200x675.jpg 1200w, https:\/\/www.giff.ch\/archives\/2023\/wp-content\/uploads\/2023\/10\/2023-GDM-PosterPaysage-366x206.jpg 366w, https:\/\/www.giff.ch\/archives\/2023\/wp-content\/uploads\/2023\/10\/2023-GDM-PosterPaysage-548x308.jpg 548w, https:\/\/www.giff.ch\/archives\/2023\/wp-content\/uploads\/2023\/10\/2023-GDM-PosterPaysage-1520x855.jpg 1520w, https:\/\/www.giff.ch\/archives\/2023\/wp-content\/uploads\/2023\/10\/2023-GDM-PosterPaysage-1824x1026.jpg 1824w, https:\/\/www.giff.ch\/archives\/2023\/wp-content\/uploads\/2023\/10\/2023-GDM-PosterPaysage.jpg 1920w\" sizes=\"(max-width: 1200px) 100vw, 1200px\" \/><div class='row '><div class='col col-12 col-md-6 '><div class=\"news-card-2022 gdm mb-4\">\n    <a href=\"https:\/\/www.giff.ch\/archives\/2023\/gdm\/agenda\/talks\/\" target=\"\">\n    <div class=\"news-card-2022-container\">\n    <div class=\"news-card-2022-wrapper py-3\">\n            <div class=\"mb-1 text-uppercase px-4 sup-title\">\n        ACTIVIt\u00e9      <\/div>\n                  <div class=\"h3 mb-2 px-4 title\">\n        TALKS      <\/div>\n                  <div class=\"ratio ratio-16x9\">\n        <img loading=\"lazy\" decoding=\"async\" width=\"1200\" height=\"554\" src=\"https:\/\/www.giff.ch\/archives\/2023\/wp-content\/uploads\/2023\/10\/5312-1200x554.jpg\" class=\"attachment-md size-md\" alt=\"Data marketing, the key to success for producers, GIFF 2021\" srcset=\"https:\/\/www.giff.ch\/archives\/2023\/wp-content\/uploads\/2023\/10\/5312-1200x554.jpg 1200w, https:\/\/www.giff.ch\/archives\/2023\/wp-content\/uploads\/2023\/10\/5312-446x206.jpg 446w, https:\/\/www.giff.ch\/archives\/2023\/wp-content\/uploads\/2023\/10\/5312-667x308.jpg 667w, https:\/\/www.giff.ch\/archives\/2023\/wp-content\/uploads\/2023\/10\/5312-1520x702.jpg 1520w, https:\/\/www.giff.ch\/archives\/2023\/wp-content\/uploads\/2023\/10\/5312-1824x842.jpg 1824w\" sizes=\"(max-width: 1200px) 100vw, 1200px\" \/>      <\/div>\n                  <div class=\"text-black px-4 mt-2\">\n        Masterclass, tables rondes, discussions\u2026 Des plateformes num\u00e9riques aux derni\u00e8res innovations digitales pour le secteur audiovisuel, en passant par l\u2019impact \u00e9cologique global de ces nouveaux outils, tour d\u2019horizon d\u2019une ann\u00e9e 2023 particuli\u00e8rement active.      <\/div>\n          <\/div>\n    <div class=\"news-card-2022-border\"><\/div>\n  <\/div>\n    <\/a>\n  <\/div>\n<div class=\"news-card-2022 gdm mb-4\">\n    <a href=\"https:\/\/www.giff.ch\/archives\/2023\/gdm\/agenda\/networking\/\" target=\"\">\n    <div class=\"news-card-2022-container\">\n    <div class=\"news-card-2022-wrapper py-3\">\n            <div class=\"mb-1 text-uppercase px-4 sup-title\">\n        Activit\u00e9      <\/div>\n                  <div class=\"h3 mb-2 px-4 title\">\n        NETWORKING      <\/div>\n                  <div class=\"ratio ratio-16x9\">\n        <img loading=\"lazy\" decoding=\"async\" width=\"1013\" height=\"675\" src=\"https:\/\/www.giff.ch\/archives\/2023\/wp-content\/uploads\/2023\/10\/cocktailRestoPaysage_1.32.1-1013x675.jpg\" class=\"attachment-md size-md\" alt=\"\" srcset=\"https:\/\/www.giff.ch\/archives\/2023\/wp-content\/uploads\/2023\/10\/cocktailRestoPaysage_1.32.1-1013x675.jpg 1013w, https:\/\/www.giff.ch\/archives\/2023\/wp-content\/uploads\/2023\/10\/cocktailRestoPaysage_1.32.1-309x206.jpg 309w, https:\/\/www.giff.ch\/archives\/2023\/wp-content\/uploads\/2023\/10\/cocktailRestoPaysage_1.32.1-462x308.jpg 462w, https:\/\/www.giff.ch\/archives\/2023\/wp-content\/uploads\/2023\/10\/cocktailRestoPaysage_1.32.1-1283x855.jpg 1283w, https:\/\/www.giff.ch\/archives\/2023\/wp-content\/uploads\/2023\/10\/cocktailRestoPaysage_1.32.1-1539x1026.jpg 1539w, https:\/\/www.giff.ch\/archives\/2023\/wp-content\/uploads\/2023\/10\/cocktailRestoPaysage_1.32.1-2025x1350.jpg 2025w\" sizes=\"(max-width: 1013px) 100vw, 1013px\" \/>      <\/div>\n                  <div class=\"text-black px-4 mt-2\">\n        Rencontrer et se connecter aux acteur\u00b7rice\u00b7s internationaux\u00b7ales de l\u2019audiovisuel dans des espaces in\u00e9dits, cr\u00e9\u00e9s sur mesure, que ce soit sur des plateformes en ligne ou dans des salles prestigieuses.      <\/div>\n          <\/div>\n    <div class=\"news-card-2022-border\"><\/div>\n  <\/div>\n    <\/a>\n  <\/div>\n<\/div><div class='col col-12 col-md-6 '><div class=\"news-card-2022 gdm mb-4\">\n    <a href=\"https:\/\/www.giff.ch\/archives\/2023\/gdm\/agenda\/market\/\" target=\"\">\n    <div class=\"news-card-2022-container\">\n    <div class=\"news-card-2022-wrapper py-3\">\n            <div class=\"mb-1 text-uppercase px-4 sup-title\">\n        ACTIVIt\u00e9      <\/div>\n                  <div class=\"h3 mb-2 px-4 title\">\n        MARKET      <\/div>\n                  <div class=\"ratio ratio-16x9\">\n        <img loading=\"lazy\" decoding=\"async\" width=\"1012\" height=\"675\" src=\"https:\/\/www.giff.ch\/archives\/2023\/wp-content\/uploads\/2023\/04\/1109_GIFF_GDM_SwissSessions_KenzaWadimoff-10-1012x675.jpg\" class=\"attachment-md size-md\" alt=\"\" srcset=\"https:\/\/www.giff.ch\/archives\/2023\/wp-content\/uploads\/2023\/04\/1109_GIFF_GDM_SwissSessions_KenzaWadimoff-10-1012x675.jpg 1012w, https:\/\/www.giff.ch\/archives\/2023\/wp-content\/uploads\/2023\/04\/1109_GIFF_GDM_SwissSessions_KenzaWadimoff-10-309x206.jpg 309w, https:\/\/www.giff.ch\/archives\/2023\/wp-content\/uploads\/2023\/04\/1109_GIFF_GDM_SwissSessions_KenzaWadimoff-10-462x308.jpg 462w, https:\/\/www.giff.ch\/archives\/2023\/wp-content\/uploads\/2023\/04\/1109_GIFF_GDM_SwissSessions_KenzaWadimoff-10-1282x855.jpg 1282w, https:\/\/www.giff.ch\/archives\/2023\/wp-content\/uploads\/2023\/04\/1109_GIFF_GDM_SwissSessions_KenzaWadimoff-10-1538x1026.jpg 1538w, https:\/\/www.giff.ch\/archives\/2023\/wp-content\/uploads\/2023\/04\/1109_GIFF_GDM_SwissSessions_KenzaWadimoff-10-2024x1350.jpg 2024w\" sizes=\"(max-width: 1012px) 100vw, 1012px\" \/>      <\/div>\n                  <div class=\"text-black px-4 mt-2\">\n        Le march\u00e9 est l\u2019espace o\u00f9 cr\u00e9ateur\u00b7trice\u00b7s et producteur\u00b7trice\u00b7s peuvent pr\u00e9senter leurs \u0153uvres et trouver les meilleurs partenaires, et o\u00f9 les d\u00e9cideur\u00b7euse\u00b7s de l\u2019industrie audiovisuelle et num\u00e9rique peuvent d\u00e9couvrir, s\u2019inspirer et s\u2019impliquer dans les projets num\u00e9riques les plus innovants.      <\/div>\n          <\/div>\n    <div class=\"news-card-2022-border\"><\/div>\n  <\/div>\n    <\/a>\n  <\/div>\n<div class=\"news-card-2022 mb-4\">\n    <div class=\"news-card-2022-container\">\n    <div class=\"news-card-2022-wrapper py-3\">\n            <div class=\"mb-1 text-uppercase px-4 sup-title\">\n        SERVICE      <\/div>\n                  <div class=\"h3 mb-2 px-4 title\">\n        WHO&rsquo;S WHO      <\/div>\n                  <div class=\"ratio ratio-16x9\">\n        <img loading=\"lazy\" decoding=\"async\" width=\"1011\" height=\"675\" src=\"https:\/\/www.giff.ch\/archives\/2023\/wp-content\/uploads\/2023\/10\/robynne-hu-HOrhCnQsxnQ-unsplash-1011x675.jpg\" class=\"attachment-md size-md\" alt=\"\" srcset=\"https:\/\/www.giff.ch\/archives\/2023\/wp-content\/uploads\/2023\/10\/robynne-hu-HOrhCnQsxnQ-unsplash-1011x675.jpg 1011w, https:\/\/www.giff.ch\/archives\/2023\/wp-content\/uploads\/2023\/10\/robynne-hu-HOrhCnQsxnQ-unsplash-309x206.jpg 309w, https:\/\/www.giff.ch\/archives\/2023\/wp-content\/uploads\/2023\/10\/robynne-hu-HOrhCnQsxnQ-unsplash-462x308.jpg 462w, https:\/\/www.giff.ch\/archives\/2023\/wp-content\/uploads\/2023\/10\/robynne-hu-HOrhCnQsxnQ-unsplash-1281x855.jpg 1281w, https:\/\/www.giff.ch\/archives\/2023\/wp-content\/uploads\/2023\/10\/robynne-hu-HOrhCnQsxnQ-unsplash-1537x1026.jpg 1537w, https:\/\/www.giff.ch\/archives\/2023\/wp-content\/uploads\/2023\/10\/robynne-hu-HOrhCnQsxnQ-unsplash-2023x1350.jpg 2023w\" sizes=\"(max-width: 1011px) 100vw, 1011px\" \/>      <\/div>\n                  <div class=\"text-black px-4 mt-2\">\n        Consultez le Who&rsquo;s who pour d\u00e9couvrir les professionnel\u00b7les qui participent, sur place et en ligne, \u00e0 la 11\u00e8me \u00e9dition du Geneva Digital Market.      <\/div>\n          <\/div>\n    <div class=\"news-card-2022-border\"><\/div>\n  <\/div>\n  <\/div>\n<\/div><\/div><\/div><div class='col col-12 col-md-4'>\n<h3 class=\"wp-block-heading\" id=\"7-1-feb-2022\"><br><\/h3>\n<div class=\"promotion p-4 giff mb-3\">\n  <div class=\"promotion-container\">\n    <div class=\"promotion-wrapper pe-5\">\n            <div class=\"title h2 mb-0\">\n        Geneva digital market      <\/div>\n                        <div class=\"mt-2\">\n        <p>Nich\u00e9 au c\u0153ur du GIFF, le Geneva Digital Market (GDM) est l\u2019unique rendez-vous en Suisse ax\u00e9 sur l\u2019innovation audiovisuelle. Plateforme de diffusion et de coproduction pour les industries cr\u00e9atives, il rassemble chaque ann\u00e9e depuis 2013 les professionnel\u00b7le\u00b7s internationaux\u00b7ales actif\u00b7ve\u00b7s dans les domaines de la technologie, l\u2019art et l\u2019\u00e9conomie. Lieu de r\u00e9flexion, d\u2019\u00e9changes et de r\u00e9seautage, il propose durant 5 jours, des tables rondes, des sessions de pitching et de networking durant lesquelles producteur\u00b7rice\u00b7s, cr\u00e9ateur\u00b7rice\u00b7s num\u00e9riques et acteur\u00b7rice\u00b7s-cl\u00e9s du march\u00e9 fa\u00e7onnent l\u2019univers audiovisuel d\u2019aujourd\u2019hui et de demain.<\/p>\n      <\/div>\n                      <\/div>\n    <div class=\"promotion-image\"><img decoding=\"async\" src=\"https:\/\/www.giff.ch\/archives\/2023\/wp-content\/themes\/giff\/medias\/images\/block-promotion\/2023\/giff-1.jpg\" alt=\"\"><\/div>\n  <\/div>\n<\/div>\n<div class=\"promotion p-4 giff mb-3\">\n  <div class=\"promotion-container\">\n    <div class=\"promotion-wrapper pe-5\">\n            <div class=\"title h2 mb-0\">\n        PROCHAINE \u00c9DITION      <\/div>\n                        <div class=\"mt-2\">\n        <p>4 &#8211; 9 NOV 2024<\/p>\n      <\/div>\n                      <\/div>\n    <div class=\"promotion-image\"><img decoding=\"async\" src=\"https:\/\/www.giff.ch\/archives\/2023\/wp-content\/themes\/giff\/medias\/images\/block-promotion\/2023\/giff-3.jpg\" alt=\"\"><\/div>\n  <\/div>\n<\/div>\n<div class=\"promotion p-4 gdm mb-3\">\n  <div class=\"promotion-container\">\n    <div class=\"promotion-wrapper pe-5\">\n            <div class=\"title h2 mb-0\">\n        ACCR\u00e9DITATIONS      <\/div>\n                        <div class=\"mt-2\">\n        <p>Pour acc\u00e9der aux activit\u00e9s du Geneva Digital Market (GDM), sur place et en ligne, nous vous invitons \u00e0 vous accr\u00e9diter.<\/p>\n      <\/div>\n                  <div class=\"mt-2\">\n                        <a href=\"https:\/\/www.giff.ch\/archives\/2023\/le-festival\/accreditation\/\" target=\"\" class=\"btn btn-primary mb-2\">\n        FAire une demande        <\/a>\n                      <\/div>\n                <\/div>\n    <div class=\"promotion-image\"><img decoding=\"async\" src=\"https:\/\/www.giff.ch\/archives\/2023\/wp-content\/themes\/giff\/medias\/images\/block-promotion\/2023\/gdm-1.jpg\" alt=\"\"><\/div>\n  <\/div>\n<\/div>\n<\/div><\/div>","protected":false},"excerpt":{"rendered":"","protected":false},"author":1,"featured_media":0,"parent":0,"menu_order":0,"comment_status":"closed","ping_status":"closed","template":"template-gdm.php","meta":{"footnotes":""},"acf":[],"_links":{"self":[{"href":"https:\/\/www.giff.ch\/archives\/2023\/wp-json\/wp\/v2\/pages\/36830"}],"collection":[{"href":"https:\/\/www.giff.ch\/archives\/2023\/wp-json\/wp\/v2\/pages"}],"about":[{"href":"https:\/\/www.giff.ch\/archives\/2023\/wp-json\/wp\/v2\/types\/page"}],"author":[{"embeddable":true,"href":"https:\/\/www.giff.ch\/archives\/2023\/wp-json\/wp\/v2\/users\/1"}],"replies":[{"embeddable":true,"href":"https:\/\/www.giff.ch\/archives\/2023\/wp-json\/wp\/v2\/comments?post=36830"}],"version-history":[{"count":3,"href":"https:\/\/www.giff.ch\/archives\/2023\/wp-json\/wp\/v2\/pages\/36830\/revisions"}],"predecessor-version":[{"id":59991,"href":"https:\/\/www.giff.ch\/archives\/2023\/wp-json\/wp\/v2\/pages\/36830\/revisions\/59991"}],"wp:attachment":[{"href":"https:\/\/www.giff.ch\/archives\/2023\/wp-json\/wp\/v2\/media?parent=36830"}],"curies":[{"name":"wp","href":"https:\/\/api.w.org\/{rel}","templated":true}]}}