{"id":36908,"date":"2022-01-05T16:28:53","date_gmt":"2022-01-05T15:28:53","guid":{"rendered":"https:\/\/2023.giff.ch\/?page_id=36908"},"modified":"2023-09-11T09:27:03","modified_gmt":"2023-09-11T07:27:03","slug":"scolaire","status":"publish","type":"page","link":"https:\/\/www.giff.ch\/archives\/2023\/agenda\/scolaire\/","title":{"rendered":"SCOLAIRES"},"content":{"rendered":"\n<p><\/p>\n\n\n\n<h2 class=\"wp-block-heading\">LES SCOLAIRES DU GIFF<\/h2>\n\n\n\n<p>Pour sa 29<sup>e<\/sup>&nbsp;\u00e9dition, le Geneva International Film Festival (GIFF) revient avec de nouvelles propositions con\u00e7ues pour les scolaires. Depuis 1995, le Festival pr\u00e9sente au public des r\u00e9cits aux formats multiples. Que ce soit sous formes de s\u00e9ries, de films ou, plus r\u00e9cemment, d\u2019\u0153uvres immersives en r\u00e9alit\u00e9 virtuelle, mixte ou augment\u00e9e (XR), la programmation du GIFF cherche \u00e0 explorer les territoires infinis du digital. Le Festival invite ainsi son public \u00e0 exp\u00e9rimenter des \u0153uvres num\u00e9riques destin\u00e9es \u00e0 renouveler notre regard sur le cin\u00e9ma et les nouvelles technologies.<\/p>\n\n\n\n<p>Chaque ann\u00e9e, le GIFF propose des ateliers en classes et des initiatives programmatiques en faveur de l\u2019\u00e9ducation \u00e0 l\u2019image ou de sensibilisation \u00e0 la cr\u00e9ation digitale. Le Festival propose ainsi d\u2019\u00e9largir nos perspectives gr\u00e2ce au num\u00e9rique, tout en apportant des outils ad\u00e9quats pour exercer un regard critique et constructif sur les m\u00e9dias.<\/p>\n\n\n\n<p>Les inscriptions pour les programmes scolaires pour l\u2019\u00e9dition 2023 seront ouvertes d\u00e8s le mois d&rsquo;ao\u00fbt\u00a0!<\/p>\n\n\n<img loading=\"lazy\" decoding=\"async\" width=\"640\" height=\"427\" src=\"https:\/\/www.giff.ch\/archives\/2023\/wp-content\/uploads\/2022\/01\/GIFF_09_11_2021_Scolaires_Pitoeff_mathieu_geser-18-1013x675.jpg\" class=\"img-fluid pb-3\" alt=\"GIFF - Geneva International Film Festival\" srcset=\"https:\/\/www.giff.ch\/archives\/2023\/wp-content\/uploads\/2022\/01\/GIFF_09_11_2021_Scolaires_Pitoeff_mathieu_geser-18-1013x675.jpg 1013w, https:\/\/www.giff.ch\/archives\/2023\/wp-content\/uploads\/2022\/01\/GIFF_09_11_2021_Scolaires_Pitoeff_mathieu_geser-18-309x206.jpg 309w, https:\/\/www.giff.ch\/archives\/2023\/wp-content\/uploads\/2022\/01\/GIFF_09_11_2021_Scolaires_Pitoeff_mathieu_geser-18-462x308.jpg 462w, https:\/\/www.giff.ch\/archives\/2023\/wp-content\/uploads\/2022\/01\/GIFF_09_11_2021_Scolaires_Pitoeff_mathieu_geser-18-1283x855.jpg 1283w, https:\/\/www.giff.ch\/archives\/2023\/wp-content\/uploads\/2022\/01\/GIFF_09_11_2021_Scolaires_Pitoeff_mathieu_geser-18-1539x1026.jpg 1539w, https:\/\/www.giff.ch\/archives\/2023\/wp-content\/uploads\/2022\/01\/GIFF_09_11_2021_Scolaires_Pitoeff_mathieu_geser-18-2025x1350.jpg 2025w\" sizes=\"(max-width: 640px) 100vw, 640px\" \/>\n\n\n<div style=\"height:39px\" aria-hidden=\"true\" class=\"wp-block-spacer\"><\/div>\n\n\n\n<h2 class=\"wp-block-heading\"><strong>29<sup>e<\/sup>&nbsp;EDITION \u2013 DU 3 AU 12 NOVEMBRE 202<\/strong>3<\/h2>\n\n\n\n<h3 class=\"wp-block-heading\"><strong class=\"\">D\u00c8S L\u2019AUTOMNE 2023<\/strong><\/h3>\n\n\n\n<p><\/p>\n\n\n\n<blockquote class=\"wp-block-quote is-layout-flow wp-block-quote-is-layout-flow\">\n<h3 class=\"wp-block-heading\"><strong class=\"\">LE GIFF XR ROADSHOW : UNE R\u00c9SIDENCE CONSACR\u00c9E \u00c0 LA R\u00c9ALIT\u00c9 VIRTUELLE<\/strong><\/h3>\n\n\n\n<h2 class=\"wp-block-heading\"><\/h2>\n<\/blockquote>\n\n\n\n<blockquote class=\"wp-block-quote is-layout-flow wp-block-quote-is-layout-flow\">\n<p>Dans une soci\u00e9t\u00e9 o\u00f9 nous sommes de plus en plus expos\u00e9\u00b7es \u00e0 des r\u00e9cits num\u00e9riques format\u00e9s, l\u2019acc\u00e8s \u00e0 la diversit\u00e9 des univers virtuels devient un enjeu majeur.&nbsp;Afin de favoriser cet acc\u00e8s,&nbsp; le GIFF a am\u00e9nag\u00e9 une caravane permettant d\u2019offrir&nbsp;une exp\u00e9rience immersive de r\u00e9alit\u00e9 virtuelle \u00e0 de petits groupes dans des conditions optimales. Cette caravane part en tourn\u00e9e \u00e0 partir de l\u2019automne 2023 et les \u00e9tablissements genevois du secondaire I et II peuvent s\u2019inscrire d\u00e8s maintenant pour l\u2019accueillir. Lors d\u2019une r\u00e9sidence GIFF XR Roadshow, l\u2019\u00e9quipe de m\u00e9diation du GIFF propose&nbsp;des ateliers d\u2019exp\u00e9rimentation permettant aux classes d\u2019appr\u00e9hender les enjeux contemporains de la r\u00e9alit\u00e9 virtuelle et augment\u00e9e tout en questionnant la place du num\u00e9rique dans notre soci\u00e9t\u00e9.<\/p>\n\n\n<img loading=\"lazy\" decoding=\"async\" width=\"667\" height=\"364\" src=\"https:\/\/www.giff.ch\/archives\/2023\/wp-content\/uploads\/2023\/07\/XR_ROADSHOW_2-1200x656.jpg\" class=\"img-fluid pb-3\" alt=\"GIFF - Geneva International Film Festival\" srcset=\"https:\/\/www.giff.ch\/archives\/2023\/wp-content\/uploads\/2023\/07\/XR_ROADSHOW_2-1200x656.jpg 1200w, https:\/\/www.giff.ch\/archives\/2023\/wp-content\/uploads\/2023\/07\/XR_ROADSHOW_2-377x206.jpg 377w, https:\/\/www.giff.ch\/archives\/2023\/wp-content\/uploads\/2023\/07\/XR_ROADSHOW_2-563x308.jpg 563w, https:\/\/www.giff.ch\/archives\/2023\/wp-content\/uploads\/2023\/07\/XR_ROADSHOW_2.jpg 1280w\" sizes=\"(max-width: 667px) 100vw, 667px\" \/><\/blockquote>\n\n\n\n<hr class=\"wp-block-separator has-alpha-channel-opacity\"\/>\n\n\n\n<h4 class=\"wp-block-heading\">Contact:<br>SARAH STUDER<br>RESPONSABLE M\u00c9DIATION CULTURELLE &amp; COORDINATION GIFF UNLIMITED<br><a href=\"mailto:sarah.studer@giff.ch\">SARAH.STUDER<\/a><a href=\"Sarah.studer@giff.ch\">@GIFF.CH<\/a><\/h4>\n","protected":false},"excerpt":{"rendered":"<p>LES SCOLAIRES DU GIFF Pour sa 29e&nbsp;\u00e9dition, le Geneva International Film Festival (GIFF) revient avec de nouvelles propositions con\u00e7ues pour les scolaires. Depuis 1995, le Festival pr\u00e9sente au public des r\u00e9cits aux formats multiples. Que ce soit sous formes de s\u00e9ries, de films ou, plus r\u00e9cemment, d\u2019\u0153uvres immersives en r\u00e9alit\u00e9 virtuelle, mixte ou augment\u00e9e (XR), [&hellip;]<\/p>\n","protected":false},"author":1,"featured_media":0,"parent":46370,"menu_order":0,"comment_status":"closed","ping_status":"closed","template":"","meta":{"footnotes":""},"acf":[],"_links":{"self":[{"href":"https:\/\/www.giff.ch\/archives\/2023\/wp-json\/wp\/v2\/pages\/36908"}],"collection":[{"href":"https:\/\/www.giff.ch\/archives\/2023\/wp-json\/wp\/v2\/pages"}],"about":[{"href":"https:\/\/www.giff.ch\/archives\/2023\/wp-json\/wp\/v2\/types\/page"}],"author":[{"embeddable":true,"href":"https:\/\/www.giff.ch\/archives\/2023\/wp-json\/wp\/v2\/users\/1"}],"replies":[{"embeddable":true,"href":"https:\/\/www.giff.ch\/archives\/2023\/wp-json\/wp\/v2\/comments?post=36908"}],"version-history":[{"count":3,"href":"https:\/\/www.giff.ch\/archives\/2023\/wp-json\/wp\/v2\/pages\/36908\/revisions"}],"predecessor-version":[{"id":48836,"href":"https:\/\/www.giff.ch\/archives\/2023\/wp-json\/wp\/v2\/pages\/36908\/revisions\/48836"}],"up":[{"embeddable":true,"href":"https:\/\/www.giff.ch\/archives\/2023\/wp-json\/wp\/v2\/pages\/46370"}],"wp:attachment":[{"href":"https:\/\/www.giff.ch\/archives\/2023\/wp-json\/wp\/v2\/media?parent=36908"}],"curies":[{"name":"wp","href":"https:\/\/api.w.org\/{rel}","templated":true}]}}