{"id":4215,"date":"2021-09-20T15:52:25","date_gmt":"2021-09-20T13:52:25","guid":{"rendered":"https:\/\/giff.daisybell.ch\/?page_id=4215"},"modified":"2023-02-02T13:51:40","modified_gmt":"2023-02-02T12:51:40","slug":"contacts","status":"publish","type":"page","link":"https:\/\/www.giff.ch\/archives\/2023\/le-festival\/contacts\/","title":{"rendered":"Contacts"},"content":{"rendered":"\n<p><strong>Geneva International Film Festival (GIFF)<\/strong><br>Rue de Chantepoulet 1<br>CH \u2013 1201 Gen\u00e8ve<\/p>\n\n\n\n<p>G\u00e9n\u00e9ral :<strong>&nbsp;+41 (0)22 809 69 20<\/strong><\/p>\n\n\n\n<p><a href=\"mailto:info@giff.ch\" target=\"_blank\" rel=\"noreferrer noopener\">Contact pour demande g\u00e9n\u00e9rale (e-mail)<\/a><\/p>\n\n\n\n<p>Contact pour demande sp\u00e9cifique:<\/p>\n\n\n\n<p class=\"has-text-align-left\"><a href=\"mailto:tom.guex@giff.ch\">Administration<\/a><br><a href=\"mailto:maral.mohsenin@giff.ch\">Programmation<\/a><br><a href=\"mailto:communication@giff.ch\">Communication<\/a><br><a href=\"mailto:lydia.frost@giff.ch\">Partenariat<\/a><br><a href=\"mailto:presse@giff.ch\">Press<\/a><a href=\"mailto:lydia.frost@giff.ch\">e<\/a><\/p>\n","protected":false},"excerpt":{"rendered":"<p>Geneva International Film Festival (GIFF)Rue de Chantepoulet 1CH \u2013 1201 Gen\u00e8ve G\u00e9n\u00e9ral :&nbsp;+41 (0)22 809 69 20 Contact pour demande g\u00e9n\u00e9rale (e-mail) Contact pour demande sp\u00e9cifique: AdministrationProgrammationCommunicationPartenariatPresse<\/p>\n","protected":false},"author":1,"featured_media":0,"parent":36820,"menu_order":3,"comment_status":"closed","ping_status":"closed","template":"","meta":{"footnotes":""},"acf":[],"_links":{"self":[{"href":"https:\/\/www.giff.ch\/archives\/2023\/wp-json\/wp\/v2\/pages\/4215"}],"collection":[{"href":"https:\/\/www.giff.ch\/archives\/2023\/wp-json\/wp\/v2\/pages"}],"about":[{"href":"https:\/\/www.giff.ch\/archives\/2023\/wp-json\/wp\/v2\/types\/page"}],"author":[{"embeddable":true,"href":"https:\/\/www.giff.ch\/archives\/2023\/wp-json\/wp\/v2\/users\/1"}],"replies":[{"embeddable":true,"href":"https:\/\/www.giff.ch\/archives\/2023\/wp-json\/wp\/v2\/comments?post=4215"}],"version-history":[{"count":3,"href":"https:\/\/www.giff.ch\/archives\/2023\/wp-json\/wp\/v2\/pages\/4215\/revisions"}],"predecessor-version":[{"id":46714,"href":"https:\/\/www.giff.ch\/archives\/2023\/wp-json\/wp\/v2\/pages\/4215\/revisions\/46714"}],"up":[{"embeddable":true,"href":"https:\/\/www.giff.ch\/archives\/2023\/wp-json\/wp\/v2\/pages\/36820"}],"wp:attachment":[{"href":"https:\/\/www.giff.ch\/archives\/2023\/wp-json\/wp\/v2\/media?parent=4215"}],"curies":[{"name":"wp","href":"https:\/\/api.w.org\/{rel}","templated":true}]}}