{"id":46112,"date":"2022-11-15T10:42:16","date_gmt":"2022-11-15T09:42:16","guid":{"rendered":"https:\/\/2023.giff.ch\/?page_id=46112"},"modified":"2023-11-11T19:50:57","modified_gmt":"2023-11-11T18:50:57","slug":"palmares-2","status":"publish","type":"page","link":"https:\/\/www.giff.ch\/archives\/2023\/palmares-2\/","title":{"rendered":"PALMAR\u00c8S"},"content":{"rendered":"\n<p><\/p>\n\n\n\n<p><\/p>\n\n\n\n<h2 class=\"wp-block-heading\">REFLET D&rsquo;OR DU MEILLEUR LONG M\u00c9TRAGE 2023<\/h2>\n\n\n\n<h3 class=\"wp-block-heading\"><em>Vampire humaniste cherche suicidaire consentant<\/em> de Ariane Louis-Seize (CA)<\/h3>\n\n\n<img loading=\"lazy\" decoding=\"async\" width=\"1200\" height=\"524\" src=\"https:\/\/www.giff.ch\/archives\/2023\/wp-content\/uploads\/2023\/11\/FILM-1200x524.jpg\" class=\"img-fluid pb-3\" alt=\"GIFF - Geneva International Film Festival\" srcset=\"https:\/\/www.giff.ch\/archives\/2023\/wp-content\/uploads\/2023\/11\/FILM-1200x524.jpg 1200w, https:\/\/www.giff.ch\/archives\/2023\/wp-content\/uploads\/2023\/11\/FILM-472x206.jpg 472w, https:\/\/www.giff.ch\/archives\/2023\/wp-content\/uploads\/2023\/11\/FILM-706x308.jpg 706w, https:\/\/www.giff.ch\/archives\/2023\/wp-content\/uploads\/2023\/11\/FILM-1520x663.jpg 1520w, https:\/\/www.giff.ch\/archives\/2023\/wp-content\/uploads\/2023\/11\/FILM-1824x796.jpg 1824w, https:\/\/www.giff.ch\/archives\/2023\/wp-content\/uploads\/2023\/11\/FILM.jpg 1920w\" sizes=\"(max-width: 1200px) 100vw, 1200px\" \/>\n\n\n<p>Offert par la Ville et le Canton de Gen\u00e8ve (10&rsquo;000 CHF)<\/p>\n\n\n\n<p>D\u00e9cern\u00e9 par un Jury compos\u00e9e de la r\u00e9alisatrice et sc\u00e9nariste St\u00e9phanie Chuat, pr\u00e9sidente du jury (CH) et de 4 \u00e9tudiant\u00b7es en \u00e9coles de cin\u00e9ma suisses : Gabriel Grosclaude (ZHDK, CH), Anna Joos (ECAL\/HEAD CH), Timon Musy (UNIL, CH), Sofia Pasotti (USI, CH)<\/p>\n\n\n\n<div style=\"height:30px\" aria-hidden=\"true\" class=\"wp-block-spacer\"><\/div>\n\n\n\n<h2 class=\"wp-block-heading\">REFLET D&rsquo;OR DE LA MEILLEURE S\u00c9RIE 2023<\/h2>\n\n\n\n<h3 class=\"wp-block-heading\"><strong><em>The Club<\/em><\/strong> de Leander Verdievel et Zita Theunynck (BE)<\/h3>\n\n\n<img loading=\"lazy\" decoding=\"async\" width=\"1200\" height=\"524\" src=\"https:\/\/www.giff.ch\/archives\/2023\/wp-content\/uploads\/2023\/11\/serie-1200x524.jpg\" class=\"img-fluid pb-3\" alt=\"GIFF - Geneva International Film Festival\" srcset=\"https:\/\/www.giff.ch\/archives\/2023\/wp-content\/uploads\/2023\/11\/serie-1200x524.jpg 1200w, https:\/\/www.giff.ch\/archives\/2023\/wp-content\/uploads\/2023\/11\/serie-472x206.jpg 472w, https:\/\/www.giff.ch\/archives\/2023\/wp-content\/uploads\/2023\/11\/serie-706x308.jpg 706w, https:\/\/www.giff.ch\/archives\/2023\/wp-content\/uploads\/2023\/11\/serie-1520x663.jpg 1520w, https:\/\/www.giff.ch\/archives\/2023\/wp-content\/uploads\/2023\/11\/serie-1824x796.jpg 1824w, https:\/\/www.giff.ch\/archives\/2023\/wp-content\/uploads\/2023\/11\/serie.jpg 1920w\" sizes=\"(max-width: 1200px) 100vw, 1200px\" \/>\n\n\n<p>Offert par la Ville et le Canton de Gen\u00e8ve (10&rsquo;000 CHF)<\/p>\n\n\n\n<p>D\u00e9cern\u00e9 par un Jury&nbsp;inclu\u00adsif compos\u00e9 de trois festivalier\u00b7\u00e8re\u00b7s&nbsp;(retenu\u00b7es sur concours) : Justine Langlois (CH), Damien Molineaux (CH), Mathieu Roux (CH)<\/p>\n\n\n\n<div style=\"height:30px\" aria-hidden=\"true\" class=\"wp-block-spacer\"><\/div>\n\n\n\n<h2 class=\"wp-block-heading\"><strong>REFLET D\u2019OR DE LA MEILLEURE EXP\u00c9RIENCE IMMERSIVE 202<\/strong>3<\/h2>\n\n\n\n<h3 class=\"wp-block-heading\"><em>Eternal walkers <\/em>de&nbsp;Hayoun&nbsp;Kwon (FR, KR)<\/h3>\n\n\n<img loading=\"lazy\" decoding=\"async\" width=\"1200\" height=\"524\" src=\"https:\/\/www.giff.ch\/archives\/2023\/wp-content\/uploads\/2023\/11\/IMMersive-1200x524.jpg\" class=\"img-fluid pb-3\" alt=\"GIFF - Geneva International Film Festival\" srcset=\"https:\/\/www.giff.ch\/archives\/2023\/wp-content\/uploads\/2023\/11\/IMMersive-1200x524.jpg 1200w, https:\/\/www.giff.ch\/archives\/2023\/wp-content\/uploads\/2023\/11\/IMMersive-472x206.jpg 472w, https:\/\/www.giff.ch\/archives\/2023\/wp-content\/uploads\/2023\/11\/IMMersive-706x308.jpg 706w, https:\/\/www.giff.ch\/archives\/2023\/wp-content\/uploads\/2023\/11\/IMMersive-1520x663.jpg 1520w, https:\/\/www.giff.ch\/archives\/2023\/wp-content\/uploads\/2023\/11\/IMMersive-1824x796.jpg 1824w, https:\/\/www.giff.ch\/archives\/2023\/wp-content\/uploads\/2023\/11\/IMMersive.jpg 1920w\" sizes=\"(max-width: 1200px) 100vw, 1200px\" \/>\n\n\n<p>Offert par la Ville et le Canton de Gen\u00e8ve (10&rsquo;000 CHF)<\/p>\n\n\n\n<p>D\u00e9cern\u00e9 par un Jury&nbsp;international d\u2019expert\u00b7e\u00b7s&nbsp;: Ga\u00eblle Mourre (FR\/UK), Jay Kim (KR), Alexandra G\u00e9rard (BE)<\/p>\n\n\n\n<div style=\"height:30px\" aria-hidden=\"true\" class=\"wp-block-spacer\"><\/div>\n\n\n\n<h2 class=\"wp-block-heading\">FUTURE IS SENSIBLE AWARD 2023<\/h2>\n\n\n\n<h3 class=\"wp-block-heading\"><em class=\"\">THE\u00a0ARCHITECT<\/em>, S\u00c9RIE CR\u00c9\u00c9E PAR KERREN LUMER-KLABBERS, KRISTIAN KILDE ET NORA LANDSR\u00d8D\u00a0(NO)<\/h3>\n\n\n<img loading=\"lazy\" decoding=\"async\" width=\"1200\" height=\"524\" src=\"https:\/\/www.giff.ch\/archives\/2023\/wp-content\/uploads\/2023\/11\/FIS-1200x524.jpg\" class=\"img-fluid pb-3\" alt=\"GIFF - Geneva International Film Festival\" srcset=\"https:\/\/www.giff.ch\/archives\/2023\/wp-content\/uploads\/2023\/11\/FIS-1200x524.jpg 1200w, https:\/\/www.giff.ch\/archives\/2023\/wp-content\/uploads\/2023\/11\/FIS-472x206.jpg 472w, https:\/\/www.giff.ch\/archives\/2023\/wp-content\/uploads\/2023\/11\/FIS-706x308.jpg 706w, https:\/\/www.giff.ch\/archives\/2023\/wp-content\/uploads\/2023\/11\/FIS-1520x663.jpg 1520w, https:\/\/www.giff.ch\/archives\/2023\/wp-content\/uploads\/2023\/11\/FIS-1824x796.jpg 1824w, https:\/\/www.giff.ch\/archives\/2023\/wp-content\/uploads\/2023\/11\/FIS.jpg 1920w\" sizes=\"(max-width: 1200px) 100vw, 1200px\" \/>\n\n\n<p>Offert par le Pour-cent culturel Migros (10&rsquo;000 CHF)<\/p>\n\n\n\n<p>Attribu\u00e9 par un Jury&nbsp;de trois personnalit\u00e9s internationales actives dans l\u2019audiovisuel et les industries cr\u00e9atives : Nora Nahid Khan (US), Giovanna Fossati (NL), Keith Stuart (GB)&nbsp;<\/p>\n\n\n\n<div style=\"height:30px\" aria-hidden=\"true\" class=\"wp-block-spacer\"><\/div>\n\n\n\n<h2 class=\"wp-block-heading\">GENEVA AWARD 2023<\/h2>\n\n\n\n<h3 class=\"wp-block-heading\"><strong>Collectif Kourtrajm\u00e9<\/strong> <\/h3>\n\n\n<img loading=\"lazy\" decoding=\"async\" width=\"1200\" height=\"524\" src=\"https:\/\/www.giff.ch\/archives\/2023\/wp-content\/uploads\/2023\/11\/GENEVA-AWARD-1200x524.jpg\" class=\"img-fluid pb-3\" alt=\"GIFF - Geneva International Film Festival\" srcset=\"https:\/\/www.giff.ch\/archives\/2023\/wp-content\/uploads\/2023\/11\/GENEVA-AWARD-1200x524.jpg 1200w, https:\/\/www.giff.ch\/archives\/2023\/wp-content\/uploads\/2023\/11\/GENEVA-AWARD-472x206.jpg 472w, https:\/\/www.giff.ch\/archives\/2023\/wp-content\/uploads\/2023\/11\/GENEVA-AWARD-706x308.jpg 706w, https:\/\/www.giff.ch\/archives\/2023\/wp-content\/uploads\/2023\/11\/GENEVA-AWARD-1520x663.jpg 1520w, https:\/\/www.giff.ch\/archives\/2023\/wp-content\/uploads\/2023\/11\/GENEVA-AWARD-1824x796.jpg 1824w, https:\/\/www.giff.ch\/archives\/2023\/wp-content\/uploads\/2023\/11\/GENEVA-AWARD.jpg 1920w\" sizes=\"(max-width: 1200px) 100vw, 1200px\" \/>\n\n\n<p><a>En association avec <\/a><a href=\"https:\/\/www.edmond-de-rothschild.com\/fr\/Pages\/default.aspx\">Edmond de Rothschild<\/a> et la <a href=\"https:\/\/www.hesge.ch\/head\/\">HEAD \u2013 Gen\u00e8ve<\/a><\/p>\n\n\n\n<p>Kim Chapiron, Toumani Sangar\u00e9, Romain Gavras, Ladj Ly, Nabil Zerfa &amp; Yassine Lassar Ramdani (FR)<\/p>\n\n\n\n<hr class=\"wp-block-separator has-alpha-channel-opacity\"\/>\n\n\n\n<p><\/p>\n\n\n\n<h2 class=\"wp-block-heading\">FILM &amp; BEYOND 2023<\/h2>\n\n\n\n<h3 class=\"wp-block-heading\">&nbsp;<strong>Jean-Michel Jarre&nbsp;<\/strong>(FR)<\/h3>\n\n\n<img loading=\"lazy\" decoding=\"async\" width=\"1200\" height=\"524\" src=\"https:\/\/www.giff.ch\/archives\/2023\/wp-content\/uploads\/2023\/11\/FILM-BEYOND-1200x524.jpg\" class=\"img-fluid pb-3\" alt=\"GIFF - Geneva International Film Festival\" srcset=\"https:\/\/www.giff.ch\/archives\/2023\/wp-content\/uploads\/2023\/11\/FILM-BEYOND-1200x524.jpg 1200w, https:\/\/www.giff.ch\/archives\/2023\/wp-content\/uploads\/2023\/11\/FILM-BEYOND-472x206.jpg 472w, https:\/\/www.giff.ch\/archives\/2023\/wp-content\/uploads\/2023\/11\/FILM-BEYOND-706x308.jpg 706w, https:\/\/www.giff.ch\/archives\/2023\/wp-content\/uploads\/2023\/11\/FILM-BEYOND-1520x663.jpg 1520w, https:\/\/www.giff.ch\/archives\/2023\/wp-content\/uploads\/2023\/11\/FILM-BEYOND-1824x796.jpg 1824w, https:\/\/www.giff.ch\/archives\/2023\/wp-content\/uploads\/2023\/11\/FILM-BEYOND.jpg 1920w\" sizes=\"(max-width: 1200px) 100vw, 1200px\" \/>\n\n\n<p>En association avec <a href=\"https:\/\/montre-geneve.ch\/\">O. Zbinden<\/a><\/p>\n\n\n\n<h2 class=\"wp-block-heading\"><strong>TALES OF SWISS INNOVATION 2023<\/strong><\/h2>\n\n\n\n<h3 class=\"wp-block-heading\">&nbsp;<strong>Marguerite Kudelski&nbsp;<\/strong>(CH)<\/h3>\n\n\n<img loading=\"lazy\" decoding=\"async\" width=\"1200\" height=\"524\" src=\"https:\/\/www.giff.ch\/archives\/2023\/wp-content\/uploads\/2023\/11\/tales-1-1200x524.jpg\" class=\"img-fluid pb-3\" alt=\"GIFF - Geneva International Film Festival\" srcset=\"https:\/\/www.giff.ch\/archives\/2023\/wp-content\/uploads\/2023\/11\/tales-1-1200x524.jpg 1200w, https:\/\/www.giff.ch\/archives\/2023\/wp-content\/uploads\/2023\/11\/tales-1-472x206.jpg 472w, https:\/\/www.giff.ch\/archives\/2023\/wp-content\/uploads\/2023\/11\/tales-1-706x308.jpg 706w, https:\/\/www.giff.ch\/archives\/2023\/wp-content\/uploads\/2023\/11\/tales-1-1520x663.jpg 1520w, https:\/\/www.giff.ch\/archives\/2023\/wp-content\/uploads\/2023\/11\/tales-1-1824x796.jpg 1824w, https:\/\/www.giff.ch\/archives\/2023\/wp-content\/uploads\/2023\/11\/tales-1.jpg 1920w\" sizes=\"(max-width: 1200px) 100vw, 1200px\" \/>","protected":false},"excerpt":{"rendered":"<p>REFLET D&rsquo;OR DU MEILLEUR LONG M\u00c9TRAGE 2023 Vampire humaniste cherche suicidaire consentant de Ariane Louis-Seize (CA) Offert par la Ville et le Canton de Gen\u00e8ve (10&rsquo;000 CHF) D\u00e9cern\u00e9 par un Jury compos\u00e9e de la r\u00e9alisatrice et sc\u00e9nariste St\u00e9phanie Chuat, pr\u00e9sidente du jury (CH) et de 4 \u00e9tudiant\u00b7es en \u00e9coles de cin\u00e9ma suisses : Gabriel Grosclaude [&hellip;]<\/p>\n","protected":false},"author":1,"featured_media":0,"parent":0,"menu_order":0,"comment_status":"closed","ping_status":"closed","template":"","meta":{"footnotes":""},"acf":[],"_links":{"self":[{"href":"https:\/\/www.giff.ch\/archives\/2023\/wp-json\/wp\/v2\/pages\/46112"}],"collection":[{"href":"https:\/\/www.giff.ch\/archives\/2023\/wp-json\/wp\/v2\/pages"}],"about":[{"href":"https:\/\/www.giff.ch\/archives\/2023\/wp-json\/wp\/v2\/types\/page"}],"author":[{"embeddable":true,"href":"https:\/\/www.giff.ch\/archives\/2023\/wp-json\/wp\/v2\/users\/1"}],"replies":[{"embeddable":true,"href":"https:\/\/www.giff.ch\/archives\/2023\/wp-json\/wp\/v2\/comments?post=46112"}],"version-history":[{"count":2,"href":"https:\/\/www.giff.ch\/archives\/2023\/wp-json\/wp\/v2\/pages\/46112\/revisions"}],"predecessor-version":[{"id":59902,"href":"https:\/\/www.giff.ch\/archives\/2023\/wp-json\/wp\/v2\/pages\/46112\/revisions\/59902"}],"wp:attachment":[{"href":"https:\/\/www.giff.ch\/archives\/2023\/wp-json\/wp\/v2\/media?parent=46112"}],"curies":[{"name":"wp","href":"https:\/\/api.w.org\/{rel}","templated":true}]}}