{"id":5583,"date":"2021-09-28T11:52:41","date_gmt":"2021-09-28T09:52:41","guid":{"rendered":"https:\/\/giff.daisybell.ch\/?page_id=5583"},"modified":"2022-12-13T09:28:21","modified_gmt":"2022-12-13T08:28:21","slug":"devenir-partenaire","status":"publish","type":"page","link":"https:\/\/www.giff.ch\/archives\/2023\/le-festival\/devenir-partenaire\/","title":{"rendered":"Devenir partenaire"},"content":{"rendered":"\n<h3 class=\"wp-block-heading\">Vous souhaitez t\u00e9moigner de votre engagement envers la culture et les valeurs incarn\u00e9es par le GIFF ?<\/h3>\n\n\n\n<p><\/p>\n\n\n\n<h6 class=\"wp-block-heading\"><strong>&nbsp;Devenir partenaire du GIFF, c\u2019est :<\/strong><\/h6>\n\n\n\n<p>\u2013 Associer votre image \u00e0 celle d\u2019un \u00e9v\u00e9nement de notori\u00e9t\u00e9 internationale.<br>\u2013 B\u00e9n\u00e9ficier d\u2019une communication multicanal active \u00e0 l\u2019ann\u00e9e au niveau national.<br>\u2013 Ancrer votre entreprise dans le tissu genevois en atteignant des publics locaux, jeunes et curieux.<br>\u2013 Participer au rayonnement de l\u2019offre audiovisuelle \u00e0 Gen\u00e8ve et \u00e0 l\u2019international.<br>\u2013 Vous ins\u00e9rer dans un r\u00e9seau de professionnel\u00b7le\u00b7s dans le domaine de l\u2019innovation et des nouvelles technologies.<\/p>\n\n\n\n<h4 class=\"wp-block-heading\"><strong>Votre soutien au GIFF vous donne \u00e9galement un acc\u00e8s privil\u00e9gi\u00e9 au Festival :<\/strong><\/h4>\n\n\n\n<p>\u2013 Pass premium<br>\u2013 Invitations aux \u00e9v\u00e9nements sp\u00e9ciaux (Nuit Num\u00e9rique, cocktails et Premi\u00e8res)<br>\u2013 Invitations aux projections de votre choix<br>\u2013 Mise \u00e0 disposition d\u2019espaces VIP pour l\u2019organisation d\u2019\u00e9v\u00e9nement sur mesure<br>\u2013 Visite guid\u00e9e du parc immersif (VR)<\/p>\n\n\n\n<p>Votre soutien est exceptionnel, notre offre \u00e9galement \u2013 nous nous adaptons \u00e0 vos besoins et attentes !&nbsp;<\/p>\n\n\n\n<div style=\"height:41px\" aria-hidden=\"true\" class=\"wp-block-spacer\"><\/div>\n\n\n\n<hr class=\"wp-block-separator has-alpha-channel-opacity\"\/>\n\n\n\n<h3 class=\"wp-block-heading\"><strong>CONTACT<\/strong><\/h3>\n\n\n\n<p><br>Lydia Frost<br>Responsable recherche de fonds et partenariats<br><a href=\"mailto:lydia.frost@giff.ch\">lydia.frost@giff.ch<\/a><br>+41 (0)22 809 69 20 \/ www.giff.ch<\/p>\n","protected":false},"excerpt":{"rendered":"<p>Vous souhaitez t\u00e9moigner de votre engagement envers la culture et les valeurs incarn\u00e9es par le GIFF ? &nbsp;Devenir partenaire du GIFF, c\u2019est : \u2013 Associer votre image \u00e0 celle d\u2019un \u00e9v\u00e9nement de notori\u00e9t\u00e9 internationale.\u2013 B\u00e9n\u00e9ficier d\u2019une communication multicanal active \u00e0 l\u2019ann\u00e9e au niveau national.\u2013 Ancrer votre entreprise dans le tissu genevois en atteignant des publics [&hellip;]<\/p>\n","protected":false},"author":1,"featured_media":0,"parent":36820,"menu_order":2,"comment_status":"closed","ping_status":"closed","template":"","meta":{"footnotes":""},"acf":[],"_links":{"self":[{"href":"https:\/\/www.giff.ch\/archives\/2023\/wp-json\/wp\/v2\/pages\/5583"}],"collection":[{"href":"https:\/\/www.giff.ch\/archives\/2023\/wp-json\/wp\/v2\/pages"}],"about":[{"href":"https:\/\/www.giff.ch\/archives\/2023\/wp-json\/wp\/v2\/types\/page"}],"author":[{"embeddable":true,"href":"https:\/\/www.giff.ch\/archives\/2023\/wp-json\/wp\/v2\/users\/1"}],"replies":[{"embeddable":true,"href":"https:\/\/www.giff.ch\/archives\/2023\/wp-json\/wp\/v2\/comments?post=5583"}],"version-history":[{"count":3,"href":"https:\/\/www.giff.ch\/archives\/2023\/wp-json\/wp\/v2\/pages\/5583\/revisions"}],"predecessor-version":[{"id":46541,"href":"https:\/\/www.giff.ch\/archives\/2023\/wp-json\/wp\/v2\/pages\/5583\/revisions\/46541"}],"up":[{"embeddable":true,"href":"https:\/\/www.giff.ch\/archives\/2023\/wp-json\/wp\/v2\/pages\/36820"}],"wp:attachment":[{"href":"https:\/\/www.giff.ch\/archives\/2023\/wp-json\/wp\/v2\/media?parent=5583"}],"curies":[{"name":"wp","href":"https:\/\/api.w.org\/{rel}","templated":true}]}}