{"id":36789,"date":"2022-01-05T09:19:36","date_gmt":"2022-01-05T08:19:36","guid":{"rendered":"https:\/\/www.giff.ch\/archives\/2024\/\/?page_id=36789"},"modified":"2024-11-03T16:44:38","modified_gmt":"2024-11-03T15:44:38","slug":"equipe-et-fondation","status":"publish","type":"page","link":"https:\/\/www.giff.ch\/archives\/2024\/en\/le-festival\/equipe-et-fondation\/","title":{"rendered":"TEAM AND FOUNDATION"},"content":{"rendered":"<div class='row '><div class='col col-12 '>\n<p><\/p>\n\n<h3 class=\"wp-block-heading\"><strong>FOUNDATION BOARD<\/strong><\/h3>\n\n<p>The GIFF Foundation aims to promote film, television and digital creation in Switzerland. To this end, it organizes the Geneva International Film Festival (GIFF) and the <a href=\"http:\/\/giff.ch\/en\/gdm\/\" target=\"_blank\" rel=\"noreferrer noopener\">Geneva Digital Market<\/a> (GDM), both during the first two weeks of November, as well as the <a href=\"https:\/\/www.giff.ch\/archives\/2024\/\/en\/agenda\/giff-unlimited\/\" target=\"_blank\" rel=\"noreferrer noopener\">GIFF Unlimited<\/a>.<\/p>\n\n<p>Rebecca Irvin, president, expert in corporate communication and philanthropy<br>Guerric Canonica, vice-president, lawyer &amp; partner in the firm Canonica Valticos &amp; Associate<br>Neal Hartman, secretary, director of CineGlobe Film Festival and engineer at CERN<br>Sylvie Buhagiar, treasurer, lawyer<\/p>\n\n<h5 class=\"wp-block-heading\">Members of the Foundation Board<\/h5>\n\n<p>Philippa de Roten, director of the Society and Culture Department at RTS<br>Max Karli, producer at Rita Productions and Bandita Films<br>Yarom Ophir, president of the Board and co-founder of Katana SA<br>Nathalie Pichard, director of Arttech Foundation<\/p>\n\n<div style=\"height:31px\" aria-hidden=\"true\" class=\"wp-block-spacer\"><\/div>\n\n<h3 class=\"wp-block-heading\"><strong>Direction <\/strong><\/h3>\n\n<p>Ana\u00efs Emery &#8211; executive and artistic director<br>Audrey Olivier Muralt&nbsp; &#8211; director of operations<\/p>\n\n<div style=\"height:31px\" aria-hidden=\"true\" class=\"wp-block-spacer\"><\/div>\n\n<h3 class=\"wp-block-heading\"><strong>Programmation <\/strong><\/h3>\n\n<p>Maral Mohsenin\u00a0&#8211; head of programs<br>Mathieu Gayet &#8211; head of industry<br>Sarah Quintric &#8211; GDM head of operations<br>Alex Schuhmann dos Santos\u2013 operational and technical manager of the digital program<br>Sarah Studer &#8211; head of cultural outreach &amp; GIFF unlimited coordinator<br>Lucie Emch \u2013 programs coordinator<br>Stefan Guyon &#8211; GDM assistant<br>Lorine Grandjean \u2013 hospitality manager<br>Lisa Zanetti \u2013 \u00a0hospitality coordinator<br>Justine Roh \u2013 responsible for documentation<br>Pauline Deutsch \/ Christelle Michel \u2013 technical coordinator<br>Michael Pfenninger &#8211; head of technical image<br>Damien Brodard \u2013 programming intern<br>Olivia Capol \u2013 XR programming intern<br>Fran Gayo, Georg B\u00fctler &#8211; cinema programs<br>Julia Schubiger, Augustin Leroy &#8211; series programs<br>Paola Gazzani Marinelli &#8211; immersive programs<br>Sten-Kristian Saluveer &#8211; professional program consultant (Geneva Digital Market)<\/p>\n\n<h3 class=\"wp-block-heading\"><br><strong>Communication<\/strong><\/h3>\n\n<p>Rosalie Grobet &#8211; &nbsp;head of communication<br>Zahra Badoui &#8211; head of communication<br>Robin Corminboeuf &#8211; head of press<br>Judith Marchal &#8211; press officer<br>Amy Ka &#8211; communication assistant<br>Fabien Jupille \u2013 video editing<br>\u00c9lo\u00efse Michel &#8211; graphic designer<br>Orole Fioux &#8211; communication intern<br>Chlo\u00e9 Nordet &#8211; press intern<br>DaisyBell \u2013 webmaster<br>Andr\u00e9a Philippon \u2013 CGI<br>Office for Typography &#8211; visual identity<\/p>\n\n<div style=\"height:31px\" aria-hidden=\"true\" class=\"wp-block-spacer\"><\/div>\n\n<h3 class=\"wp-block-heading\"><strong>OpEration <\/strong><\/h3>\n\n<p>Lydia Frost \u2013 head of fundraising and partnerships<br>Ana\u00efs Deville \u2013 head of production<br>Camille Garros \u2013 administrative officer<br>Laurent Marti \u2013 IT<br>F\u00e9lix Tatzber \u2013 production coordinator<br>Michael Pfenninger &#8211; projection technical manager<br>Adrien Boulanger &#8211; technical and infrastructure manager<br>Mete Seven \u2013 protocol officer&nbsp;<br>H\u00e9lo\u00efse Boursier \u2013 VR technical assistant<br>Cindy Grand \u2013 head of volunteers<br>Melchior Deville \u2013 volunteer officer<br>Leo Marti \u2013 nuits blanches coordinator<br>Alba Lage \u2013 head of ticketing, accreditation and public<br>Ambre Brastchi \u2013 reception and accreditation officer<br>Wolfgang Dolder \u2013 reception and ticketing officer<br>Alissa Sadiki &#8211; event coordinator<br>Ludovic Cachin &#8211; bar manager<\/p>\n\n<div style=\"height:31px\" aria-hidden=\"true\" class=\"wp-block-spacer\"><\/div>\n<\/div><\/div>\n\n\n<p><strong>THANK YOU!<\/strong><br>We would like to thank all the interns <br>and volunteers who bring this Festival to life!<\/p>\n\n\n\n<p><\/p>\n","protected":false},"excerpt":{"rendered":"<p>FOUNDATION BOARD The GIFF Foundation aims to promote film, television and digital creation in Switzerland. To this end, it organizes the Geneva International Film Festival (GIFF) and the Geneva Digital Market (GDM), both during the first two weeks of November, as well as the GIFF Unlimited. Rebecca Irvin, president, expert in corporate communication and philanthropyGuerric [&hellip;]<\/p>\n","protected":false},"author":1,"featured_media":0,"parent":36828,"menu_order":0,"comment_status":"closed","ping_status":"closed","template":"","meta":{"_acf_changed":false,"footnotes":""},"class_list":["post-36789","page","type-page","status-publish","hentry"],"acf":[],"_links":{"self":[{"href":"https:\/\/www.giff.ch\/archives\/2024\/en\/wp-json\/wp\/v2\/pages\/36789","targetHints":{"allow":["GET"]}}],"collection":[{"href":"https:\/\/www.giff.ch\/archives\/2024\/en\/wp-json\/wp\/v2\/pages"}],"about":[{"href":"https:\/\/www.giff.ch\/archives\/2024\/en\/wp-json\/wp\/v2\/types\/page"}],"author":[{"embeddable":true,"href":"https:\/\/www.giff.ch\/archives\/2024\/en\/wp-json\/wp\/v2\/users\/1"}],"replies":[{"embeddable":true,"href":"https:\/\/www.giff.ch\/archives\/2024\/en\/wp-json\/wp\/v2\/comments?post=36789"}],"version-history":[{"count":3,"href":"https:\/\/www.giff.ch\/archives\/2024\/en\/wp-json\/wp\/v2\/pages\/36789\/revisions"}],"predecessor-version":[{"id":70519,"href":"https:\/\/www.giff.ch\/archives\/2024\/en\/wp-json\/wp\/v2\/pages\/36789\/revisions\/70519"}],"up":[{"embeddable":true,"href":"https:\/\/www.giff.ch\/archives\/2024\/en\/wp-json\/wp\/v2\/pages\/36828"}],"wp:attachment":[{"href":"https:\/\/www.giff.ch\/archives\/2024\/en\/wp-json\/wp\/v2\/media?parent=36789"}],"curies":[{"name":"wp","href":"https:\/\/api.w.org\/{rel}","templated":true}]}}