{"id":1830,"date":"2021-09-01T08:50:52","date_gmt":"2021-09-01T06:50:52","guid":{"rendered":"https:\/\/www.giff.ch\/archives\/2024\/\/?page_id=1830"},"modified":"2025-12-11T23:33:26","modified_gmt":"2025-12-11T22:33:26","slug":"accueil","status":"publish","type":"page","link":"https:\/\/www.giff.ch\/archives\/2024\/","title":{"rendered":"ACCUEIL"},"content":{"rendered":"<div class='row '><div class='col col-12 col-md-8'><figure class=\"block block-video\">\n\n  <div class=\"ratio ratio-16x9 ratio ratio-mobile\">\n\n    <video id=\"block_8348714518f5e01f4a80f95ed21771b5\" class=\"bg-dark\" playsinline autoplay loop muted preload poster='https:\/\/www.giff.ch\/archives\/2024\/wp-content\/uploads\/2024\/10\/poster.webp'>\n              <source data-res=\"large\" src=\"https:\/\/www.giff.ch\/archives\/2024\/wp-content\/uploads\/2024\/11\/AWARDS-16x9-1.mp4\" type=\"video\/mp4\">\n              <source data-res=\"medium\" src=\"https:\/\/www.giff.ch\/archives\/2024\/wp-content\/uploads\/2024\/11\/AWARDS-16x9-1.mp4\" type=\"video\/mp4\">\n              <source data-res=\"small\" src=\"https:\/\/www.giff.ch\/archives\/2024\/wp-content\/uploads\/2024\/11\/AWARDS-16x9-1.mp4\" type=\"video\/mp4\">\n              <source data-res=\"mobile\" src=\"https:\/\/www.giff.ch\/archives\/2024\/wp-content\/uploads\/2024\/11\/AWARDS-11-14-2.mp4\" type=\"video\/mp4\">\n            Votre navigateur ne prend pas en charge la lecture vid\u00e9o.\n    <\/video>\n    <div class=\"spinner-container translate-center w-auto h-auto\" style=\"display: block;\">\n      <div class=\"spinner-border text-white\" role=\"status\">\n        <span class=\"visually-hidden\">Chargement&#8230;<\/span>\n      <\/div>\n    <\/div>\n  <\/div>\n\n<\/figure><div class='row '><div class='col col-12 col-md-6 '><div class=\"news-card-2022 giff mb-4\">\n      <a href=\"https:\/\/www.giff.ch\/archives\/2024\/\/palmares-2\/\" target=\"\">\n        <div class=\"news-card-2022-container\">\n      <div class=\"news-card-2022-wrapper py-3\">\n                  <div class=\"mb-1 text-uppercase px-4 sup-title\">\n            GIFF 2024          <\/div>\n                          <div class=\"h3 mb-2 px-4 title\">\n            PALMAR\u00c8S          <\/div>\n                          <div class=\"ratio ratio-16x9\">\n            <img loading=\"lazy\" decoding=\"async\" width=\"1200\" height=\"625\" src=\"https:\/\/www.giff.ch\/archives\/2024\/wp-content\/uploads\/2024\/11\/BLOC-NEWS-FR-1200x625.png\" class=\"attachment-md size-md\" alt=\"\" srcset=\"https:\/\/www.giff.ch\/archives\/2024\/wp-content\/uploads\/2024\/11\/BLOC-NEWS-FR-1200x625.png 1200w, https:\/\/www.giff.ch\/archives\/2024\/wp-content\/uploads\/2024\/11\/BLOC-NEWS-FR-396x206.png 396w, https:\/\/www.giff.ch\/archives\/2024\/wp-content\/uploads\/2024\/11\/BLOC-NEWS-FR-591x308.png 591w, https:\/\/www.giff.ch\/archives\/2024\/wp-content\/uploads\/2024\/11\/BLOC-NEWS-FR-1520x792.png 1520w, https:\/\/www.giff.ch\/archives\/2024\/wp-content\/uploads\/2024\/11\/BLOC-NEWS-FR-1824x950.png 1824w\" sizes=\"auto, (max-width: 1200px) 100vw, 1200px\" \/>          <\/div>\n                          <div class=\"text-black px-4 mt-2\">\n            Le Geneva International Film Festival (GIFF) touche \u00e0 sa fin apr\u00e8s une 30e \u00e9dition ax\u00e9e sur la c\u00e9l\u00e9bration des multiples formes de la fiction audiovisuelle. Tout en restant tourn\u00e9 vers l\u2019avenir, le GIFF a honor\u00e9 sa riche histoire durant dix jours palpitants \u00e0 l\u2019issue desquels cinq \u0153uvres ont \u00e9t\u00e9 r\u00e9compens\u00e9es.          <\/div>\n              <\/div>\n      <div class=\"news-card-2022-border\"><\/div>\n    <\/div>\n        <\/a>\n  <\/div><\/div><div class='col col-12 col-md-6 '><div class=\"news-card-2022 giff mb-4\">\n      <a href=\"https:\/\/www.instagram.com\/p\/DCOi4AdowMv\/\" target=\"\">\n        <div class=\"news-card-2022-container\">\n      <div class=\"news-card-2022-wrapper py-3\">\n                  <div class=\"mb-1 text-uppercase px-4 sup-title\">\n            GIFF 2024          <\/div>\n                          <div class=\"h3 mb-2 px-4 title\">\n            MERCI           <\/div>\n                          <div class=\"ratio ratio-16x9\">\n            <img loading=\"lazy\" decoding=\"async\" width=\"900\" height=\"675\" src=\"https:\/\/www.giff.ch\/archives\/2024\/wp-content\/uploads\/2024\/11\/GIFF24-1109-photo-d-equipe-JulienMinguely-3-900x675.jpg\" class=\"attachment-md size-md\" alt=\"\" srcset=\"https:\/\/www.giff.ch\/archives\/2024\/wp-content\/uploads\/2024\/11\/GIFF24-1109-photo-d-equipe-JulienMinguely-3-900x675.jpg 900w, https:\/\/www.giff.ch\/archives\/2024\/wp-content\/uploads\/2024\/11\/GIFF24-1109-photo-d-equipe-JulienMinguely-3-275x206.jpg 275w, https:\/\/www.giff.ch\/archives\/2024\/wp-content\/uploads\/2024\/11\/GIFF24-1109-photo-d-equipe-JulienMinguely-3-411x308.jpg 411w, https:\/\/www.giff.ch\/archives\/2024\/wp-content\/uploads\/2024\/11\/GIFF24-1109-photo-d-equipe-JulienMinguely-3-1140x855.jpg 1140w, https:\/\/www.giff.ch\/archives\/2024\/wp-content\/uploads\/2024\/11\/GIFF24-1109-photo-d-equipe-JulienMinguely-3-1368x1026.jpg 1368w\" sizes=\"auto, (max-width: 900px) 100vw, 900px\" \/>          <\/div>\n                          <div class=\"text-black px-4 mt-2\">\n            Merci de la part de nous tous-tes pour cette magnifique 30e \u00e9dition !<br \/>\r\nMerci \u00e0 nos b\u00e9n\u00e9voles, merci au public, merci aux invit\u00e9\u2022es, merci aux artistes, merci \u00e0 nos pr\u00e9cieux partenaires, merci \u00e0 vous !          <\/div>\n              <\/div>\n      <div class=\"news-card-2022-border\"><\/div>\n    <\/div>\n        <\/a>\n  <\/div><\/div><\/div><div class='row '><div class='col col-12 col-md-6 '><div class=\"news-card-2022 giff mb-4\">\n      <a href=\"https:\/\/www.giff.ch\/archives\/2024\/\/programme\/virtualterritories\/\" target=\"\">\n        <div class=\"news-card-2022-container\">\n      <div class=\"news-card-2022-wrapper py-3\">\n                  <div class=\"mb-1 text-uppercase px-4 sup-title\">\n            TERRITOIRES VIRTUELS          <\/div>\n                          <div class=\"h3 mb-2 px-4 title\">\n            LES EXPRESSIONS IMMERSIVES AU C\u0152UR DU GIFF          <\/div>\n                          <div class=\"ratio ratio-16x9\">\n            <img loading=\"lazy\" decoding=\"async\" width=\"1200\" height=\"667\" src=\"https:\/\/www.giff.ch\/archives\/2024\/wp-content\/uploads\/2024\/10\/VISUELS_SITE-1200x667.png\" class=\"attachment-md size-md\" alt=\"\" srcset=\"https:\/\/www.giff.ch\/archives\/2024\/wp-content\/uploads\/2024\/10\/VISUELS_SITE-1200x667.png 1200w, https:\/\/www.giff.ch\/archives\/2024\/wp-content\/uploads\/2024\/10\/VISUELS_SITE-371x206.png 371w, https:\/\/www.giff.ch\/archives\/2024\/wp-content\/uploads\/2024\/10\/VISUELS_SITE-554x308.png 554w, https:\/\/www.giff.ch\/archives\/2024\/wp-content\/uploads\/2024\/10\/VISUELS_SITE-1520x844.png 1520w, https:\/\/www.giff.ch\/archives\/2024\/wp-content\/uploads\/2024\/10\/VISUELS_SITE-1824x1013.png 1824w\" sizes=\"auto, (max-width: 1200px) 100vw, 1200px\" \/>          <\/div>\n                          <div class=\"text-black px-4 mt-2\">\n            Pionnier dans le domaine de l\u2019innovation audiovisuelle, le Geneva International Film Festival (GIFF) propose au sein des Territoires virtuels une s\u00e9lection exceptionnelle de plus de vingt exp\u00e9riences immersives de haut vol, y compris une dizaine dans la comp\u00e9tition internationale.           <\/div>\n              <\/div>\n      <div class=\"news-card-2022-border\"><\/div>\n    <\/div>\n        <\/a>\n  <\/div><\/div><div class='col col-12 col-md-6 '><div class=\"news-card-2022 giff mb-4\">\n      <a href=\"https:\/\/www.giff.ch\/archives\/2024\/\/guests-jurys\/\" target=\"\">\n        <div class=\"news-card-2022-container\">\n      <div class=\"news-card-2022-wrapper py-3\">\n                  <div class=\"mb-1 text-uppercase px-4 sup-title\">\n            GIFF          <\/div>\n                          <div class=\"h3 mb-2 px-4 title\">\n            Guests &#038; JURYS          <\/div>\n                          <div class=\"ratio ratio-16x9\">\n            <img loading=\"lazy\" decoding=\"async\" width=\"1200\" height=\"667\" src=\"https:\/\/www.giff.ch\/archives\/2024\/wp-content\/uploads\/2024\/10\/Banner-Guests-Jury-1200x667.png\" class=\"attachment-md size-md\" alt=\"\" srcset=\"https:\/\/www.giff.ch\/archives\/2024\/wp-content\/uploads\/2024\/10\/Banner-Guests-Jury-1200x667.png 1200w, https:\/\/www.giff.ch\/archives\/2024\/wp-content\/uploads\/2024\/10\/Banner-Guests-Jury-371x206.png 371w, https:\/\/www.giff.ch\/archives\/2024\/wp-content\/uploads\/2024\/10\/Banner-Guests-Jury-554x308.png 554w, https:\/\/www.giff.ch\/archives\/2024\/wp-content\/uploads\/2024\/10\/Banner-Guests-Jury-1520x844.png 1520w, https:\/\/www.giff.ch\/archives\/2024\/wp-content\/uploads\/2024\/10\/Banner-Guests-Jury-1824x1013.png 1824w\" sizes=\"auto, (max-width: 1200px) 100vw, 1200px\" \/>          <\/div>\n                          <div class=\"text-black px-4 mt-2\">\n            D\u00e9couvrez la liste des invit\u00e9s et des membres du jury de cette 30e \u00e9dition ?           <\/div>\n              <\/div>\n      <div class=\"news-card-2022-border\"><\/div>\n    <\/div>\n        <\/a>\n  <\/div><\/div><\/div><div class='row '><div class='col col-12 col-md-6 '><div class=\"news-card-2022 giff mb-4\">\n      <a href=\"https:\/\/www.giff.ch\/archives\/2024\/\/programme\/highlights\/\" target=\"\">\n        <div class=\"news-card-2022-container\">\n      <div class=\"news-card-2022-wrapper py-3\">\n                  <div class=\"mb-1 text-uppercase px-4 sup-title\">\n            HIGHLIGHTS          <\/div>\n                          <div class=\"h3 mb-2 px-4 title\">\n            D\u00c9COUVREZ LES \u00c9V\u00c8NEMENTS MAJEURS DU FESTIVAL          <\/div>\n                          <div class=\"ratio ratio-16x9\">\n            <img loading=\"lazy\" decoding=\"async\" width=\"1080\" height=\"600\" src=\"https:\/\/www.giff.ch\/archives\/2024\/wp-content\/uploads\/2024\/10\/Frame-5-1.png\" class=\"attachment-md size-md\" alt=\"\" srcset=\"https:\/\/www.giff.ch\/archives\/2024\/wp-content\/uploads\/2024\/10\/Frame-5-1.png 1080w, https:\/\/www.giff.ch\/archives\/2024\/wp-content\/uploads\/2024\/10\/Frame-5-1-371x206.png 371w, https:\/\/www.giff.ch\/archives\/2024\/wp-content\/uploads\/2024\/10\/Frame-5-1-554x308.png 554w\" sizes=\"auto, (max-width: 1080px) 100vw, 1080px\" \/>          <\/div>\n                          <div class=\"text-black px-4 mt-2\">\n            La section de tous les \u00e9v\u00e9nements majeurs du Festival : avant-premi\u00e8res de films parmi les titres les plus attendus de l\u2019ann\u00e9e, s\u00e9ries d\u2019auteur\u00b7e\u00b7s prestigieux\u00b7euses, Premi\u00e8res de s\u00e9ries suisses, installations num\u00e9riques de pointe et exp\u00e9riences immersives uniques en leur genre.          <\/div>\n              <\/div>\n      <div class=\"news-card-2022-border\"><\/div>\n    <\/div>\n        <\/a>\n  <\/div><\/div><div class='col col-12 col-md-6 '><div class=\"news-card-2022 giff mb-4\">\n      <a href=\"https:\/\/www.giff.ch\/archives\/2024\/\/programme\/film_beyond\/\" target=\"\">\n        <div class=\"news-card-2022-container\">\n      <div class=\"news-card-2022-wrapper py-3\">\n                  <div class=\"mb-1 text-uppercase px-4 sup-title\">\n            FILM &#038; BEYOND          <\/div>\n                          <div class=\"h3 mb-2 px-4 title\">\n            LE GIFF C\u00c9L\u00c8BRE AVA DUVERNAY, UNE VOIX PUISSANTE DE L&rsquo;AUDIOVISUEL          <\/div>\n                          <div class=\"ratio ratio-16x9\">\n            <img loading=\"lazy\" decoding=\"async\" width=\"1080\" height=\"600\" src=\"https:\/\/www.giff.ch\/archives\/2024\/wp-content\/uploads\/2024\/10\/Frame-7-1.png\" class=\"attachment-md size-md\" alt=\"\" srcset=\"https:\/\/www.giff.ch\/archives\/2024\/wp-content\/uploads\/2024\/10\/Frame-7-1.png 1080w, https:\/\/www.giff.ch\/archives\/2024\/wp-content\/uploads\/2024\/10\/Frame-7-1-371x206.png 371w, https:\/\/www.giff.ch\/archives\/2024\/wp-content\/uploads\/2024\/10\/Frame-7-1-554x308.png 554w\" sizes=\"auto, (max-width: 1080px) 100vw, 1080px\" \/>          <\/div>\n                          <div class=\"text-black px-4 mt-2\">\n            La r\u00e9alisatrice, productrice et sc\u00e9nariste am\u00e9ricaine Ava DuVernay recevra le prix Film &#038; Beyond lors de la 30e \u00e9dition du GIFF (1 \u2013 10 novembre).          <\/div>\n              <\/div>\n      <div class=\"news-card-2022-border\"><\/div>\n    <\/div>\n        <\/a>\n  <\/div><\/div><\/div><div class='row '><div class='col col-12 '><div class='row '><div class='col col-12 col-md-6 '><div class=\"news-card-2022 giff mb-4\">\n      <a href=\"https:\/\/www.giff.ch\/archives\/2024\/\/film\/moi-fauve\/\" target=\"\">\n        <div class=\"news-card-2022-container\">\n      <div class=\"news-card-2022-wrapper py-3\">\n                  <div class=\"mb-1 text-uppercase px-4 sup-title\">\n            IMMERSIF          <\/div>\n                          <div class=\"h3 mb-2 px-4 title\">\n            MOI FAUVE          <\/div>\n                          <div class=\"ratio ratio-16x9\">\n            <img loading=\"lazy\" decoding=\"async\" width=\"1080\" height=\"600\" src=\"https:\/\/www.giff.ch\/archives\/2024\/wp-content\/uploads\/2024\/10\/Frame-10.png\" class=\"attachment-md size-md\" alt=\"\" srcset=\"https:\/\/www.giff.ch\/archives\/2024\/wp-content\/uploads\/2024\/10\/Frame-10.png 1080w, https:\/\/www.giff.ch\/archives\/2024\/wp-content\/uploads\/2024\/10\/Frame-10-371x206.png 371w, https:\/\/www.giff.ch\/archives\/2024\/wp-content\/uploads\/2024\/10\/Frame-10-554x308.png 554w\" sizes=\"auto, (max-width: 1080px) 100vw, 1080px\" \/>          <\/div>\n                          <div class=\"text-black px-4 mt-2\">\n            moi fauve est une exploration collective des cultures autochtones du Grand Nord, o\u00f9 le mystique rejoint la po\u00e9sie. Un voyage magique \u00e0 la rencontre des \u00e2mes, des animaux et de la Nature.          <\/div>\n              <\/div>\n      <div class=\"news-card-2022-border\"><\/div>\n    <\/div>\n        <\/a>\n  <\/div><\/div><div class='col col-12 col-md-6 '><div class=\"news-card-2022 giff mb-4\">\n      <a href=\"https:\/\/www.giff.ch\/archives\/2024\/\/programme\/ma-selection\/\" target=\"\">\n        <div class=\"news-card-2022-container\">\n      <div class=\"news-card-2022-wrapper py-3\">\n                  <div class=\"mb-1 text-uppercase px-4 sup-title\">\n            NOUVEAU          <\/div>\n                          <div class=\"h3 mb-2 px-4 title\">\n            Ma s\u00e9lection           <\/div>\n                          <div class=\"ratio ratio-16x9\">\n            <img loading=\"lazy\" decoding=\"async\" width=\"1080\" height=\"600\" src=\"https:\/\/www.giff.ch\/archives\/2024\/wp-content\/uploads\/2024\/10\/Frame-9-1.png\" class=\"attachment-md size-md\" alt=\"\" srcset=\"https:\/\/www.giff.ch\/archives\/2024\/wp-content\/uploads\/2024\/10\/Frame-9-1.png 1080w, https:\/\/www.giff.ch\/archives\/2024\/wp-content\/uploads\/2024\/10\/Frame-9-1-371x206.png 371w, https:\/\/www.giff.ch\/archives\/2024\/wp-content\/uploads\/2024\/10\/Frame-9-1-554x308.png 554w\" sizes=\"auto, (max-width: 1080px) 100vw, 1080px\" \/>          <\/div>\n                          <div class=\"text-black px-4 mt-2\">\n            D\u00e9couvrez une nouvelle fonctionnalit\u00e9 sur le site du GIFF ! Cr\u00e9ez votre propre s\u00e9lection de films, s\u00e9ries et \u0153uvres immersives. Parcourez notre programme, s\u00e9lectionnez vos favoris et partagez-les facilement avec vos proches.          <\/div>\n              <\/div>\n      <div class=\"news-card-2022-border\"><\/div>\n    <\/div>\n        <\/a>\n  <\/div><\/div><\/div><\/div><\/div><div class='row '><div class='col col-12 '><\/div><\/div><div class='row '><div class='col col-12 col-md-6 '><\/div><div class='col col-12 col-md-6 '><\/div><\/div><div class='row '><div class='col col-12 '><\/div><\/div><\/div><div class='col col-12 col-md-4'><div class=\"promotion p-4 giff mb-3\">\n  <div class=\"promotion-container\">\n    <div class=\"promotion-wrapper pe-5\">\n            <div class=\"title h2 mb-0\">\n        PASS GIFF      <\/div>\n                  <div class=\"sub-title h3 mb-0\">\n        VIVEZ LE GIFF EN ILLIMIT\u00c9 !      <\/div>\n                  <div class=\"mt-2\">\n        <p>Le Pass GIFF donne acc\u00e8s \u00e0 l\u2019ensemble des programmes du Festival, y compris aux soir\u00e9es Nuit Blanches.<\/p>\n      <\/div>\n                  <div class=\"mt-2\">\n                        <a href=\"https:\/\/www.giff.ch\/archives\/2024\/\/billetterie\/\" target=\"_blank\" class=\"btn btn-primary mb-2\">\n        ACHETER UN PASS        <\/a>\n                      <\/div>\n                <\/div>\n  <\/div>\n  <div class=\"promotion-image\"><img decoding=\"async\" src=\"https:\/\/www.giff.ch\/archives\/2024\/wp-content\/themes\/giff-2023\/medias\/images\/block-promotion\/2024\/giff-1.webp\" alt=\"\"><\/div>\n<\/div>\n<div class=\"promotion p-4 giff mb-3\">\n  <div class=\"promotion-container\">\n    <div class=\"promotion-wrapper pe-5\">\n            <div class=\"title h2 mb-0\">\n        Geneva Digital Market      <\/div>\n                        <div class=\"mt-2\">\n        <p>Nich\u00e9 au c\u0153ur du GIFF, le Geneva Digital Market (GDM) est l\u2019unique rendez-vous de Suisse ax\u00e9 sur l\u2019innovation audiovisuelle. Plateforme de diffusion et de coproduction pour les industries cr\u00e9atives, il rassemble chaque ann\u00e9e depuis 2013 les professionnel\u00b7le\u00b7s internationaux\u00b7ales actif\u00b7ve\u00b7s dans les domaines de la technologie, l\u2019art et l\u2019\u00e9conomie. Lieu de r\u00e9flexion, d\u2019\u00e9changes et de r\u00e9seautage, il organise sur 4 jours des tables rondes, des sessions de pitching et de networking durant lesquelles les producteur\u00b7rice\u00b7s, cr\u00e9ateur\u00b7rice\u00b7s num\u00e9riques et acteur\u00b7rice\u00b7s cl\u00e9s du march\u00e9 fa\u00e7onnent l\u2019univers audiovisuel d\u2019aujourd\u2019hui et de demain.<\/p>\n      <\/div>\n                  <div class=\"mt-2\">\n                        <a href=\"https:\/\/www.giff.ch\/archives\/2024\/\/gdm\/\" target=\"\" class=\"btn btn-primary mb-2\">\n        GDM 2024        <\/a>\n                      <\/div>\n                <\/div>\n  <\/div>\n  <div class=\"promotion-image\"><img decoding=\"async\" src=\"https:\/\/www.giff.ch\/archives\/2024\/wp-content\/themes\/giff-2023\/medias\/images\/block-promotion\/2024\/giff-sans.webp\" alt=\"\"><\/div>\n<\/div>\n<div class=\"promotion p-4 giff mb-3\">\n  <div class=\"promotion-container\">\n    <div class=\"promotion-wrapper pe-5\">\n            <div class=\"title h2 mb-0\">\n        DEVENIR B\u00c9N\u00c9VOLE      <\/div>\n                        <div class=\"mt-2\">\n        <p>Le GIFF sera de retour pour t\u2019en mettre plein les yeux du 1 au 10 novembre 2024!<\/p>\n<p>Envie de t\u2019impliquer dans la culture, de faire plein de rencontres et de vivre un festival de l\u2019int\u00e9rieur?<\/p>\n<p>Deviens b\u00e9n\u00e9vole!<\/p>\n      <\/div>\n                  <div class=\"mt-2\">\n                        <a href=\"https:\/\/volunteo.com\/fr\/r\/giff-2024\" target=\"_blank\" class=\"btn btn-primary mb-2\">\n        DEVENIR B\u00c9N\u00c9VOLE        <\/a>\n                      <\/div>\n                <\/div>\n  <\/div>\n  <div class=\"promotion-image\"><img decoding=\"async\" src=\"https:\/\/www.giff.ch\/archives\/2024\/wp-content\/themes\/giff-2023\/medias\/images\/block-promotion\/2024\/giff-3.webp\" alt=\"\"><\/div>\n<\/div>\n<div class=\"promotion p-4 giff mb-3\">\n  <div class=\"promotion-container\">\n    <div class=\"promotion-wrapper pe-5\">\n            <div class=\"title h2 mb-0\">\n        ARCHIVES      <\/div>\n                  <div class=\"sub-title h3 mb-0\">\n        GIFF &#038; GDM      <\/div>\n                  <div class=\"mt-2\">\n        <p>Retour sur le Festival ?<\/p>\n      <\/div>\n                  <div class=\"mt-2\">\n                        <a href=\"https:\/\/www.giff.ch\/archives\/2024\/\/archives\/2023\/\" target=\"\" class=\"btn btn-primary mb-2\">\n        2023        <\/a>\n                                <a href=\"https:\/\/www.giff.ch\/archives\/2024\/\/archives\/2022\/\" target=\"\" class=\"btn btn-primary mb-2\">\n        2022        <\/a>\n                                <a href=\"https:\/\/www.giff.ch\/archives\/2024\/\/archives\/2021\/index.html\" target=\"\" class=\"btn btn-primary mb-2\">\n        2021        <\/a>\n                                <a href=\"https:\/\/www.giff.ch\/archives\/2024\/archives\/2020\/\" target=\"\" class=\"btn btn-primary mb-2\">\n        2020        <\/a>\n                      <\/div>\n                <\/div>\n  <\/div>\n  <div class=\"promotion-image\"><img decoding=\"async\" src=\"https:\/\/www.giff.ch\/archives\/2024\/wp-content\/themes\/giff-2023\/medias\/images\/block-promotion\/2024\/giff-1.webp\" alt=\"\"><\/div>\n<\/div>\n<\/div><\/div>\n\n\n<p><\/p>\n\n\n\n<p><\/p>\n\n\n\n<p><\/p>\n\n\n\n<p><\/p>\n","protected":false},"excerpt":{"rendered":"","protected":false},"author":1,"featured_media":0,"parent":0,"menu_order":0,"comment_status":"closed","ping_status":"closed","template":"","meta":{"_acf_changed":false,"footnotes":""},"class_list":["post-1830","page","type-page","status-publish","hentry"],"acf":[],"_links":{"self":[{"href":"https:\/\/www.giff.ch\/archives\/2024\/wp-json\/wp\/v2\/pages\/1830","targetHints":{"allow":["GET"]}}],"collection":[{"href":"https:\/\/www.giff.ch\/archives\/2024\/wp-json\/wp\/v2\/pages"}],"about":[{"href":"https:\/\/www.giff.ch\/archives\/2024\/wp-json\/wp\/v2\/types\/page"}],"author":[{"embeddable":true,"href":"https:\/\/www.giff.ch\/archives\/2024\/wp-json\/wp\/v2\/users\/1"}],"replies":[{"embeddable":true,"href":"https:\/\/www.giff.ch\/archives\/2024\/wp-json\/wp\/v2\/comments?post=1830"}],"version-history":[{"count":3,"href":"https:\/\/www.giff.ch\/archives\/2024\/wp-json\/wp\/v2\/pages\/1830\/revisions"}],"predecessor-version":[{"id":70874,"href":"https:\/\/www.giff.ch\/archives\/2024\/wp-json\/wp\/v2\/pages\/1830\/revisions\/70874"}],"wp:attachment":[{"href":"https:\/\/www.giff.ch\/archives\/2024\/wp-json\/wp\/v2\/media?parent=1830"}],"curies":[{"name":"wp","href":"https:\/\/api.w.org\/{rel}","templated":true}]}}