{"id":36783,"date":"2022-01-05T09:19:36","date_gmt":"2022-01-05T08:19:36","guid":{"rendered":"https:\/\/www.giff.ch\/archives\/2024\/\/?page_id=36783"},"modified":"2024-10-28T11:38:28","modified_gmt":"2024-10-28T10:38:28","slug":"equipe-et-fondation","status":"publish","type":"page","link":"https:\/\/www.giff.ch\/archives\/2024\/le-festival\/equipe-et-fondation\/","title":{"rendered":"\u00c9QUIPE ET FONDATION"},"content":{"rendered":"\n<p><\/p>\n\n\n\n<h3 class=\"wp-block-heading\"><strong>CONSEIL DE FONDATION<\/strong><\/h3>\n\n\n\n<p>La Fondation GIFF a pour but de promouvoir la cr\u00e9ation cin\u00e9matographique, t\u00e9l\u00e9visuelle et num\u00e9rique en Suisse. \u00c0 cette fin, elle organise notamment le Geneva International Film Festival (GIFF) et le<a href=\"https:\/\/www.giff.ch\/archives\/2024\/\/gdm\/\"> Geneva Digital Market<\/a> (GDM), tous deux pendant la premi\u00e8re quinzaine de novembre ainsi que le programme <a href=\"https:\/\/www.giff.ch\/archives\/2024\/\/agenda\/giff-unlimited\/\">GIFF Unlimited<\/a>.<\/p>\n\n\n\n<p>Rebecca Irvin, pr\u00e9sidente &#8211; experte en communication et philanthropie d&rsquo;entreprise<br>Guerric Canonica, vice-pr\u00e9sident &#8211; avocat et partenaire dans l\u2019\u00e9tude Canonica Valticos &amp; Associ\u00e9s<br>Neal Hartman, secr\u00e9taire &#8211; directeur de CineGlobe Film Festival et ing\u00e9nieur au CERN<br>Sylvie Buhagiar, tr\u00e9sori\u00e8re &#8211; avocate<\/p>\n\n\n\n<h5 class=\"wp-block-heading\">Membres du conseil de Fondation<\/h5>\n\n\n\n<p>Philippa De Roten &#8211; directrice du d\u00e9partement Soci\u00e9t\u00e9 et Culture \u00e0 la RTS<br>Max Karli &#8211; producteur \u00e0 Rita Productions et Bandita Films<br>Yarom Ophir &#8211; pr\u00e9sident du conseil et cofondateur de Katana SA<br>Nathalie Pichard &#8211; directrice de la Fondation ArtTech<\/p>\n\n\n\n<div style=\"height:31px\" aria-hidden=\"true\" class=\"wp-block-spacer\"><\/div>\n\n\n\n<h3 class=\"wp-block-heading\"><strong>Direction <\/strong><\/h3>\n\n\n\n<p>Ana\u00efs Emery &#8211; directrice g\u00e9n\u00e9rale et artistique<br>Audrey Olivier Muralt &#8211; directrice op\u00e9rationnelle<\/p>\n\n\n\n<div style=\"height:31px\" aria-hidden=\"true\" class=\"wp-block-spacer\"><\/div>\n\n\n\n<h3 class=\"wp-block-heading\"><strong>Programmation <\/strong><\/h3>\n\n\n\n<p>Maral Mohsenin&nbsp;\u2013 responsable&nbsp;des programmes<br>Mathieu Gayet \u2013 responsable industry<br>Alex Schuhmann dos Santos\u2013 responsable op\u00e9rationnel et technique des programmes num\u00e9riques<br>Sarah Quintric \u2013 responsable op\u00e9rationnelle GDM<br>Sarah Studer \u2013 responsable m\u00e9diation culturelle &amp; coordination GIFF UNLIMITED<br>Lucie Emch \u2013 coordinatrice des programmes<br>Lorine Grandjean \u2013 responsable hospitalit\u00e9<br>Lisa Zanetti \u2013 charg\u00e9e de l\u2019hospitalit\u00e9<br>Justine Roh \u2013 charg\u00e9e de documentation<br>Pauline Deutsch \/ Christelle Michel \u2013 coordinatrice technique<br>Stefan Guyon &#8211; assistant GDM<br>Damien Brodard \u2013 stagiaire programmation<br>Olivia Capol \u2013 stagiaire programmation XR<br>Fran Gayo, Georg B\u00fctler \u2013 programmation cin\u00e9ma<br>Julia Schubiger, Augustin Leroy \u2013 programmation s\u00e9ries<br>Paola Gazzani Marinelli \u2013 programmation immersive<br>Sten-Kristian Saluveer \u2013 consultant programme professionnel (Geneva Digital Market)<\/p>\n\n\n\n<p><\/p>\n\n\n\n<div style=\"height:31px\" aria-hidden=\"true\" class=\"wp-block-spacer\"><\/div>\n\n\n\n<h3 class=\"wp-block-heading\"><strong>Communication<\/strong><\/h3>\n\n\n\n<p>Rosalie Grobet &#8211;&nbsp;responsable communication<br>Zahra Badoui &#8211; responsable communication<br>Robin Corminboeuf &#8211; responsable presse<br>Judith Marchal &#8211; attach\u00e9e de presse<br>Amy Ka &#8211; assistante communication<br>Fabien Jupille \u2013 montage vid\u00e9o<br>\u00c9lo\u00efse Michel &#8211; graphiste<br>Orole Fioux &#8211; stagiaire communication<br>Chlo\u00e9 Nordet &#8211; stagiaire presse<br>DaisyBell &#8211; webmaster<br>Andr\u00e9a Philippon \u2013 CGI<br>Office for Typography &#8211; identit\u00e9 visuelle<\/p>\n\n\n\n<div style=\"height:31px\" aria-hidden=\"true\" class=\"wp-block-spacer\"><\/div>\n\n\n\n<h3 class=\"wp-block-heading\"><strong>Op\u00e9ration <\/strong><\/h3>\n\n\n\n<p>Lydia Frost \u2013 responsable recherche de fonds et partenariats<br>Ana\u00efs Deville \u2013 responsable production<br>Camille Garros \u2013 charg\u00e9e d\u2019administration<br>Laurent Marti \u2013 informatique<br>F\u00e9lix Tatzber &#8211; coordinateur de production<br>Michael Pfenninger &#8211; responsable technique des projections<br>Adrien Boulanger &#8211; responsable technique et infrastructure<br>H\u00e9lo\u00efse Boursier &#8211; assistante technique VR<br>Cindy Grand &#8211; responsable b\u00e9n\u00e9voles<br>Melchior Deville &#8211; charg\u00e9 b\u00e9n\u00e9voles<br>Leo Marti &#8211; coordination Nuits Blanches<br>Mete Seven &#8211; charg\u00e9 de protocole<br>Alba Lage &#8211; responsable billetterie, accr\u00e9ditation et accueil du public<br>Ambre Brastchi &#8211; charg\u00e9e d\u2019accueil: accr\u00e9ditation<br>Wolfgang Dolder &#8211; charg\u00e9 d\u2019accueil: billetterie<br>Alissa Sadiki &#8211; charg\u00e9e \u00e9v\u00e9nementiel<br>Ludovic Cachin &#8211; responsable bar<\/p>\n\n\n\n<div style=\"height:31px\" aria-hidden=\"true\" class=\"wp-block-spacer\"><\/div>\n\n\n\n<p><strong>MERCI&nbsp;!<br>Nous remercions tr\u00e8s chaleureusement l\u2019ensemble <\/strong><br><strong>des stagiaires et b\u00e9n\u00e9voles qui font vivre ce Festival !<\/strong><\/p>\n\n\n\n<div style=\"height:31px\" aria-hidden=\"true\" class=\"wp-block-spacer\"><\/div>\n\n\n\n<p><\/p>\n","protected":false},"excerpt":{"rendered":"<p>CONSEIL DE FONDATION La Fondation GIFF a pour but de promouvoir la cr\u00e9ation cin\u00e9matographique, t\u00e9l\u00e9visuelle et num\u00e9rique en Suisse. \u00c0 cette fin, elle organise notamment le Geneva International Film Festival (GIFF) et le Geneva Digital Market (GDM), tous deux pendant la premi\u00e8re quinzaine de novembre ainsi que le programme GIFF Unlimited. Rebecca Irvin, pr\u00e9sidente &#8211; [&hellip;]<\/p>\n","protected":false},"author":1,"featured_media":0,"parent":36820,"menu_order":0,"comment_status":"closed","ping_status":"closed","template":"","meta":{"_acf_changed":false,"footnotes":""},"class_list":["post-36783","page","type-page","status-publish","hentry"],"acf":[],"_links":{"self":[{"href":"https:\/\/www.giff.ch\/archives\/2024\/wp-json\/wp\/v2\/pages\/36783","targetHints":{"allow":["GET"]}}],"collection":[{"href":"https:\/\/www.giff.ch\/archives\/2024\/wp-json\/wp\/v2\/pages"}],"about":[{"href":"https:\/\/www.giff.ch\/archives\/2024\/wp-json\/wp\/v2\/types\/page"}],"author":[{"embeddable":true,"href":"https:\/\/www.giff.ch\/archives\/2024\/wp-json\/wp\/v2\/users\/1"}],"replies":[{"embeddable":true,"href":"https:\/\/www.giff.ch\/archives\/2024\/wp-json\/wp\/v2\/comments?post=36783"}],"version-history":[{"count":3,"href":"https:\/\/www.giff.ch\/archives\/2024\/wp-json\/wp\/v2\/pages\/36783\/revisions"}],"predecessor-version":[{"id":69747,"href":"https:\/\/www.giff.ch\/archives\/2024\/wp-json\/wp\/v2\/pages\/36783\/revisions\/69747"}],"up":[{"embeddable":true,"href":"https:\/\/www.giff.ch\/archives\/2024\/wp-json\/wp\/v2\/pages\/36820"}],"wp:attachment":[{"href":"https:\/\/www.giff.ch\/archives\/2024\/wp-json\/wp\/v2\/media?parent=36783"}],"curies":[{"name":"wp","href":"https:\/\/api.w.org\/{rel}","templated":true}]}}