{"id":36908,"date":"2022-01-05T15:28:53","date_gmt":"2022-01-05T14:28:53","guid":{"rendered":"https:\/\/www.giff.ch\/archives\/2024\/\/?page_id=36908"},"modified":"2024-10-07T10:11:47","modified_gmt":"2024-10-07T08:11:47","slug":"scolaire","status":"publish","type":"page","link":"https:\/\/www.giff.ch\/archives\/2024\/le-festival\/xrroadshow\/scolaire\/","title":{"rendered":"SCOLAIRES"},"content":{"rendered":"\n<h2 class=\"wp-block-heading\"><strong>30<sup>E<\/sup>&nbsp;EDITION \u2013 DU 1 AU 10 NOVEMBRE 2024<\/strong><\/h2>\n\n\n\n<h2 class=\"wp-block-heading\">LES SCOLAIRES DU GIFF<\/h2>\n\n\n\n<p>Pour sa 30<sup>e<\/sup>&nbsp;\u00e9dition, le Geneva International Film Festival (GIFF) revient avec de nouvelles propositions con\u00e7ues pour les scolaires. Depuis 1995, le Festival pr\u00e9sente au public des r\u00e9cits aux formats multiples. Que ce soit sous formes de s\u00e9ries, de films ou, plus r\u00e9cemment, d\u2019\u0153uvres immersives en r\u00e9alit\u00e9 virtuelle, mixte ou augment\u00e9e (XR), la programmation du GIFF cherche \u00e0 explorer les territoires infinis du digital. Le Festival invite ainsi son public \u00e0 exp\u00e9rimenter des \u0153uvres num\u00e9riques destin\u00e9es \u00e0 renouveler notre regard sur le cin\u00e9ma et les nouvelles technologies.<\/p>\n\n\n\n<p>Chaque ann\u00e9e, le GIFF propose des ateliers en classes et des initiatives programmatiques en faveur de l\u2019\u00e9ducation \u00e0 l\u2019image ou de sensibilisation \u00e0 la cr\u00e9ation digitale. Le Festival propose ainsi d\u2019\u00e9largir nos perspectives gr\u00e2ce au num\u00e9rique, tout en apportant des outils ad\u00e9quats pour exercer un regard critique et constructif sur les m\u00e9dias.<\/p>\n\n\n\n<p>Les inscriptions pour les programmes scolaires pour l\u2019\u00e9dition 2024 sont ouvertes\u00a0!<\/p>\n\n\n<img loading=\"lazy\" decoding=\"async\" width=\"2560\" height=\"1707\" src=\"https:\/\/www.giff.ch\/archives\/2024\/wp-content\/uploads\/2022\/01\/GIFF_09_11_2021_Scolaires_Pitoeff_mathieu_geser-18-scaled.jpg\" class=\"img-fluid pb-3\" alt=\"GIFF 2024 - Geneva International Film Festival\" srcset=\"https:\/\/www.giff.ch\/archives\/2024\/wp-content\/uploads\/2022\/01\/GIFF_09_11_2021_Scolaires_Pitoeff_mathieu_geser-18-scaled.jpg 2560w, https:\/\/www.giff.ch\/archives\/2024\/wp-content\/uploads\/2022\/01\/GIFF_09_11_2021_Scolaires_Pitoeff_mathieu_geser-18-309x206.jpg 309w, https:\/\/www.giff.ch\/archives\/2024\/wp-content\/uploads\/2022\/01\/GIFF_09_11_2021_Scolaires_Pitoeff_mathieu_geser-18-462x308.jpg 462w, https:\/\/www.giff.ch\/archives\/2024\/wp-content\/uploads\/2022\/01\/GIFF_09_11_2021_Scolaires_Pitoeff_mathieu_geser-18-1013x675.jpg 1013w, https:\/\/www.giff.ch\/archives\/2024\/wp-content\/uploads\/2022\/01\/GIFF_09_11_2021_Scolaires_Pitoeff_mathieu_geser-18-1283x855.jpg 1283w, https:\/\/www.giff.ch\/archives\/2024\/wp-content\/uploads\/2022\/01\/GIFF_09_11_2021_Scolaires_Pitoeff_mathieu_geser-18-1539x1026.jpg 1539w, https:\/\/www.giff.ch\/archives\/2024\/wp-content\/uploads\/2022\/01\/GIFF_09_11_2021_Scolaires_Pitoeff_mathieu_geser-18-2025x1350.jpg 2025w\" sizes=\"auto, (max-width: 2560px) 100vw, 2560px\" \/>\n\n\n<div style=\"height:39px\" aria-hidden=\"true\" class=\"wp-block-spacer\"><\/div>\n\n\n\n<h2 class=\"wp-block-heading\"><\/h2>\n\n\n\n<hr class=\"wp-block-separator has-alpha-channel-opacity\"\/>\n\n\n\n<h4 class=\"wp-block-heading\">Contact:<br>SARAH STUDER<br>RESPONSABLE M\u00c9DIATION CULTURELLE &amp; COORDINATION GIFF UNLIMITED<br><a href=\"mailto:sarah.studer@giff.ch\">SARAH.STUDER<\/a><a href=\"Sarah.studer@giff.ch\">@GIFF.CH<\/a><\/h4>\n","protected":false},"excerpt":{"rendered":"<p>30E&nbsp;EDITION \u2013 DU 1 AU 10 NOVEMBRE 2024 LES SCOLAIRES DU GIFF Pour sa 30e&nbsp;\u00e9dition, le Geneva International Film Festival (GIFF) revient avec de nouvelles propositions con\u00e7ues pour les scolaires. Depuis 1995, le Festival pr\u00e9sente au public des r\u00e9cits aux formats multiples. Que ce soit sous formes de s\u00e9ries, de films ou, plus r\u00e9cemment, d\u2019\u0153uvres [&hellip;]<\/p>\n","protected":false},"author":1,"featured_media":36966,"parent":46370,"menu_order":0,"comment_status":"closed","ping_status":"closed","template":"","meta":{"_acf_changed":false,"footnotes":""},"class_list":["post-36908","page","type-page","status-publish","has-post-thumbnail","hentry"],"acf":[],"_links":{"self":[{"href":"https:\/\/www.giff.ch\/archives\/2024\/wp-json\/wp\/v2\/pages\/36908","targetHints":{"allow":["GET"]}}],"collection":[{"href":"https:\/\/www.giff.ch\/archives\/2024\/wp-json\/wp\/v2\/pages"}],"about":[{"href":"https:\/\/www.giff.ch\/archives\/2024\/wp-json\/wp\/v2\/types\/page"}],"author":[{"embeddable":true,"href":"https:\/\/www.giff.ch\/archives\/2024\/wp-json\/wp\/v2\/users\/1"}],"replies":[{"embeddable":true,"href":"https:\/\/www.giff.ch\/archives\/2024\/wp-json\/wp\/v2\/comments?post=36908"}],"version-history":[{"count":3,"href":"https:\/\/www.giff.ch\/archives\/2024\/wp-json\/wp\/v2\/pages\/36908\/revisions"}],"predecessor-version":[{"id":64837,"href":"https:\/\/www.giff.ch\/archives\/2024\/wp-json\/wp\/v2\/pages\/36908\/revisions\/64837"}],"up":[{"embeddable":true,"href":"https:\/\/www.giff.ch\/archives\/2024\/wp-json\/wp\/v2\/pages\/46370"}],"wp:featuredmedia":[{"embeddable":true,"href":"https:\/\/www.giff.ch\/archives\/2024\/wp-json\/wp\/v2\/media\/36966"}],"wp:attachment":[{"href":"https:\/\/www.giff.ch\/archives\/2024\/wp-json\/wp\/v2\/media?parent=36908"}],"curies":[{"name":"wp","href":"https:\/\/api.w.org\/{rel}","templated":true}]}}