{"id":37478,"date":"2022-02-03T10:47:40","date_gmt":"2022-02-03T09:47:40","guid":{"rendered":"https:\/\/www.giff.ch\/archives\/2024\/\/?page_id=37478"},"modified":"2022-02-03T16:49:32","modified_gmt":"2022-02-03T15:49:32","slug":"archives-2019","status":"publish","type":"page","link":"https:\/\/www.giff.ch\/archives\/2024\/le-festival\/archives-2019\/","title":{"rendered":"Archives 2019"},"content":{"rendered":"\n<div style=\"height:31px\" aria-hidden=\"true\" class=\"wp-block-spacer\"><\/div>\n\n\n<div class='row '><div class='col col-12 col-md-8'>\n<p>Con\u00e7u par la graphiste lausannoise Laura Cocchi et d\u00e9clin\u00e9 en trois couleurs, ce visuel kal\u00e9idoscopique se compose d\u2019une succession de monogrammes \u00e9voquant les trois piliers du GIFF : le cin\u00e9ma, la t\u00e9l\u00e9vision et le digital. Ces triangles convergent, en \u00e9cho \u00e0 une grande nouveaut\u00e9 de cette 25e \u00e9dition : les sections non-comp\u00e9titives du Festival \u2013 toutes th\u00e9matiques \u2013 m\u00ealeront chacune en leur sein films, s\u00e9ries et \u0153uvres en r\u00e9alit\u00e9 virtuelle. Une transversalit\u00e9 qui refl\u00e8te l\u2019\u00e9tat de la cr\u00e9ation actuelle. Dans un temps o\u00f9 les disciplines sont devenues poreuses, il est d\u00e9sormais temps pour le GIFF de s\u2019affranchir des classifications traditionnelles pour mieux faire dialoguer les formats, les projets et les publics. Convergence et singularit\u00e9 : voici les ma\u00eetres-mots de cette \u00e9dition anniversaire.<\/p>\n<\/div><div class='col col-12 col-md-4'>\n<h3 class=\"wp-block-heading\" id=\"visiter-le-site-web-2019\"><a href=\"https:\/\/www.giff.ch\/archives\/2024\/\/2019\/\" target=\"_blank\" rel=\"noreferrer noopener\">VISITER LE Site weB 2019<\/a><\/h3>\n\n<hr class=\"wp-block-separator\"\/>\n\n<h4 class=\"wp-block-heading\" id=\"telecharger-le-programme-pdf-du-giff-et-du-gdm\"><a href=\"\/2020\/wp-content\/uploads\/190737_GIFF_Catalogue_2019_84pp_E1-1.pdf\">T\u00e9l\u00e9charger le programme PDF du GIFF et du GDM<\/a><\/h4>\n\n<p><\/p>\n\n<h4 class=\"wp-block-heading\" id=\"telecharger-la-revue-de-presse-complete\"><a href=\"\/2020\/wp-content\/uploads\/REVUE_DE_PRESSE_COMPLETE_2019.pdf\">T\u00e9l\u00e9charger la revue de presse compl\u00e8te<\/a><\/h4>\n<\/div><\/div>\n\n<div class='row '><div class='col col-12 col-md-8'><div class='row '><div class='col col-12 '><img loading=\"lazy\" decoding=\"async\" width=\"477\" height=\"675\" src=\"https:\/\/www.giff.ch\/archives\/2024\/wp-content\/uploads\/2022\/02\/affiche_giff_2019_A3_web-477x675.jpg\" class=\"img-fluid pb-3\" alt=\"GIFF 2024 - Geneva International Film Festival\" srcset=\"https:\/\/www.giff.ch\/archives\/2024\/wp-content\/uploads\/2022\/02\/affiche_giff_2019_A3_web-477x675.jpg 477w, https:\/\/www.giff.ch\/archives\/2024\/wp-content\/uploads\/2022\/02\/affiche_giff_2019_A3_web-146x206.jpg 146w, https:\/\/www.giff.ch\/archives\/2024\/wp-content\/uploads\/2022\/02\/affiche_giff_2019_A3_web-218x308.jpg 218w, https:\/\/www.giff.ch\/archives\/2024\/wp-content\/uploads\/2022\/02\/affiche_giff_2019_A3_web-605x855.jpg 605w, https:\/\/www.giff.ch\/archives\/2024\/wp-content\/uploads\/2022\/02\/affiche_giff_2019_A3_web-726x1026.jpg 726w, https:\/\/www.giff.ch\/archives\/2024\/wp-content\/uploads\/2022\/02\/affiche_giff_2019_A3_web-955x1350.jpg 955w, https:\/\/www.giff.ch\/archives\/2024\/wp-content\/uploads\/2022\/02\/affiche_giff_2019_A3_web-scaled.jpg 1810w\" sizes=\"auto, (max-width: 477px) 100vw, 477px\" \/><\/div><div class='col col-12 '><img loading=\"lazy\" decoding=\"async\" width=\"477\" height=\"675\" src=\"https:\/\/www.giff.ch\/archives\/2024\/wp-content\/uploads\/2022\/02\/affiche_giff_2019_A3_web2-477x675.jpg\" class=\"img-fluid pb-3\" alt=\"GIFF 2024 - Geneva International Film Festival\" srcset=\"https:\/\/www.giff.ch\/archives\/2024\/wp-content\/uploads\/2022\/02\/affiche_giff_2019_A3_web2-477x675.jpg 477w, https:\/\/www.giff.ch\/archives\/2024\/wp-content\/uploads\/2022\/02\/affiche_giff_2019_A3_web2-146x206.jpg 146w, https:\/\/www.giff.ch\/archives\/2024\/wp-content\/uploads\/2022\/02\/affiche_giff_2019_A3_web2-218x308.jpg 218w, https:\/\/www.giff.ch\/archives\/2024\/wp-content\/uploads\/2022\/02\/affiche_giff_2019_A3_web2-605x855.jpg 605w, https:\/\/www.giff.ch\/archives\/2024\/wp-content\/uploads\/2022\/02\/affiche_giff_2019_A3_web2-726x1026.jpg 726w, https:\/\/www.giff.ch\/archives\/2024\/wp-content\/uploads\/2022\/02\/affiche_giff_2019_A3_web2-955x1350.jpg 955w, https:\/\/www.giff.ch\/archives\/2024\/wp-content\/uploads\/2022\/02\/affiche_giff_2019_A3_web2-scaled.jpg 1810w\" sizes=\"auto, (max-width: 477px) 100vw, 477px\" \/><\/div><div class='col col-12 '><img loading=\"lazy\" decoding=\"async\" width=\"477\" height=\"675\" src=\"https:\/\/www.giff.ch\/archives\/2024\/wp-content\/uploads\/2022\/02\/affiche_giff_2019_A3_web3-477x675.jpg\" class=\"img-fluid pb-3\" alt=\"GIFF 2024 - Geneva International Film Festival\" srcset=\"https:\/\/www.giff.ch\/archives\/2024\/wp-content\/uploads\/2022\/02\/affiche_giff_2019_A3_web3-477x675.jpg 477w, https:\/\/www.giff.ch\/archives\/2024\/wp-content\/uploads\/2022\/02\/affiche_giff_2019_A3_web3-146x206.jpg 146w, https:\/\/www.giff.ch\/archives\/2024\/wp-content\/uploads\/2022\/02\/affiche_giff_2019_A3_web3-218x308.jpg 218w, https:\/\/www.giff.ch\/archives\/2024\/wp-content\/uploads\/2022\/02\/affiche_giff_2019_A3_web3-605x855.jpg 605w, https:\/\/www.giff.ch\/archives\/2024\/wp-content\/uploads\/2022\/02\/affiche_giff_2019_A3_web3-726x1026.jpg 726w, https:\/\/www.giff.ch\/archives\/2024\/wp-content\/uploads\/2022\/02\/affiche_giff_2019_A3_web3-955x1350.jpg 955w, https:\/\/www.giff.ch\/archives\/2024\/wp-content\/uploads\/2022\/02\/affiche_giff_2019_A3_web3-scaled.jpg 1810w\" sizes=\"auto, (max-width: 477px) 100vw, 477px\" \/><\/div><\/div><\/div><div class='col col-12 col-md-4'><\/div><\/div>\n\n<div class='row '><div class='col col-12 col-md-8'>\n<div style=\"height:40px\" aria-hidden=\"true\" class=\"wp-block-spacer\"><\/div>\n\n<h2 class=\"wp-block-heading\" id=\"palmares-2019\">GENEVA DIGITAL MARKET<\/h2>\n\n<p>Comme vous le verrez dans le programme qui suit, le Geneva Digital Market (GDM) a mut\u00e9. Il s\u2019agissait en effet pour nous de repenser nos rendez-vous, pour mieux r\u00e9pondre aux attentes des professionnels. En gardant toujours en t\u00eate, cependant, ce qui fait la sp\u00e9cificit\u00e9 de notre \u00e9v\u00e9nement depuis sept ans : convivialit\u00e9, personnalisation du suivi des projets, efficience. Pour y parvenir, nous avons pu compter sur un nouveau partenaire, Virtual Switzerland, qui mieux que personne conna\u00eet les besoins des acteurs de l\u2019immersif. Gr\u00e2ce notamment au soutien de MEDIA Desk Suisse, de la SRG SSR, d\u2019Innosuisse et du D\u00e9partement du d\u00e9veloppement \u00e9conomique de la R\u00e9publique et canton de Gen\u00e8ve, ce GDM revu et corrig\u00e9 propose davantage de rencontres entre cr\u00e9ateurs et d\u00e9cideurs, davantage de moments de r\u00e9flexion et, pour la toute premi\u00e8re fois, un \u00e9v\u00e9nement de r\u00e9seautage sous forme de gala, la Nuit Num\u00e9rique.<\/p>\n\n<hr class=\"wp-block-separator\"\/>\n\n<div style=\"height:31px\" aria-hidden=\"true\" class=\"wp-block-spacer\"><\/div>\n\n<h2 class=\"wp-block-heading\" id=\"palmares-2019\">PALMAR\u00e8S 2019<\/h2>\n\n<div style=\"height:30px\" aria-hidden=\"true\" class=\"wp-block-spacer\"><\/div>\n\n<h3 class=\"wp-block-heading\" id=\"cinema\">CIN\u00c9MA<\/h3>\n\n<p><strong>COMP\u00c9TITION INTERNATIONALE DE LONGS M\u00c9TRAGES<\/strong><\/p>\n\n<p><strong>Reflet d\u2019Or du meilleur long m\u00e9trage 2019<\/strong>, offert par la Ville et l\u2019Etat de Gen\u00e8ve.<br>Le Jury international de longs m\u00e9trages d\u00e9cerne ce prix \u00e0 :<\/p>\n<div class=\"news-card ratio mb-4 news-card-1x1\">\n    <a href=\"https:\/\/vimeo.com\/372118117\" target=\"_blank\">\n    <div class=\"w-100 h-100\">\n    <div class=\"news-card-background w-100 h-100\">\n            <img loading=\"lazy\" decoding=\"async\" width=\"610\" height=\"308\" src=\"https:\/\/www.giff.ch\/archives\/2024\/wp-content\/uploads\/2022\/02\/Capture-decran-2022-02-03-a-10.29.37-610x308.png\" class=\"img-cover\" alt=\"\" srcset=\"https:\/\/www.giff.ch\/archives\/2024\/wp-content\/uploads\/2022\/02\/Capture-decran-2022-02-03-a-10.29.37-610x308.png 610w, https:\/\/www.giff.ch\/archives\/2024\/wp-content\/uploads\/2022\/02\/Capture-decran-2022-02-03-a-10.29.37-408x206.png 408w, https:\/\/www.giff.ch\/archives\/2024\/wp-content\/uploads\/2022\/02\/Capture-decran-2022-02-03-a-10.29.37-1200x605.png 1200w, https:\/\/www.giff.ch\/archives\/2024\/wp-content\/uploads\/2022\/02\/Capture-decran-2022-02-03-a-10.29.37-1520x767.png 1520w, https:\/\/www.giff.ch\/archives\/2024\/wp-content\/uploads\/2022\/02\/Capture-decran-2022-02-03-a-10.29.37.png 1538w\" sizes=\"auto, (max-width: 610px) 100vw, 610px\" \/>                        <div class=\"news-card-border\"><\/div>\n          <\/div>\n    <div class=\"news-card-content\">\n            <div class=\"h3 mb-0 news-card-text\">Beanpole, Kantemir Balagov<\/div>\n          <\/div>\n  <\/div>\n    <\/a>\n  <\/div>\n\n<div style=\"height:41px\" aria-hidden=\"true\" class=\"wp-block-spacer\"><\/div>\n\n<h3 class=\"wp-block-heading\" id=\"television\">T\u00c9L\u00c9VISION<\/h3>\n\n<p><strong>COMP\u00c9TITION INTERNATIONALE DE S\u00c9RIES TV<\/strong><\/p>\n\n<p><strong>Reflet d\u2019Or de la meilleure s\u00e9rie tv 2019<\/strong>, offert par la Ville de Gen\u00e8ve et l\u2019\u00c9tat de Gen\u00e8ve.<br>Le Jury international de s\u00e9ries tv d\u00e9cerne ce prix \u00e0 :<\/p>\n<div class=\"news-card ratio mb-4 news-card-1x1\">\n    <a href=\"https:\/\/vimeo.com\/372117856\" target=\"_blank\">\n    <div class=\"w-100 h-100\">\n    <div class=\"news-card-background w-100 h-100\">\n            <img loading=\"lazy\" decoding=\"async\" width=\"613\" height=\"308\" src=\"https:\/\/www.giff.ch\/archives\/2024\/wp-content\/uploads\/2022\/02\/Capture-decran-2022-02-03-a-10.27.18-613x308.png\" class=\"img-cover\" alt=\"\" srcset=\"https:\/\/www.giff.ch\/archives\/2024\/wp-content\/uploads\/2022\/02\/Capture-decran-2022-02-03-a-10.27.18-613x308.png 613w, https:\/\/www.giff.ch\/archives\/2024\/wp-content\/uploads\/2022\/02\/Capture-decran-2022-02-03-a-10.27.18-410x206.png 410w, https:\/\/www.giff.ch\/archives\/2024\/wp-content\/uploads\/2022\/02\/Capture-decran-2022-02-03-a-10.27.18-1200x603.png 1200w, https:\/\/www.giff.ch\/archives\/2024\/wp-content\/uploads\/2022\/02\/Capture-decran-2022-02-03-a-10.27.18-1520x764.png 1520w, https:\/\/www.giff.ch\/archives\/2024\/wp-content\/uploads\/2022\/02\/Capture-decran-2022-02-03-a-10.27.18.png 1532w\" sizes=\"auto, (max-width: 613px) 100vw, 613px\" \/>                        <div class=\"news-card-border\"><\/div>\n          <\/div>\n    <div class=\"news-card-content\">\n            <div class=\"h3 mb-0 news-card-text\">Deliver Us, Christian Torpe &#038; Marie Osterbye<\/div>\n          <\/div>\n  <\/div>\n    <\/a>\n  <\/div>\n\n<p>Mention sp\u00e9ciale du Jury international de s\u00e9ries tv attribu\u00e9e \u00e0 :<\/p>\n<div class=\"news-card ratio mb-4 news-card-1x1\">\n    <div class=\"w-100 h-100\">\n    <div class=\"news-card-background w-100 h-100\">\n            <img loading=\"lazy\" decoding=\"async\" width=\"613\" height=\"308\" src=\"https:\/\/www.giff.ch\/archives\/2024\/wp-content\/uploads\/2022\/02\/Capture-decran-2022-02-03-a-10.24.22-613x308.png\" class=\"img-cover\" alt=\"\" srcset=\"https:\/\/www.giff.ch\/archives\/2024\/wp-content\/uploads\/2022\/02\/Capture-decran-2022-02-03-a-10.24.22-613x308.png 613w, https:\/\/www.giff.ch\/archives\/2024\/wp-content\/uploads\/2022\/02\/Capture-decran-2022-02-03-a-10.24.22-410x206.png 410w, https:\/\/www.giff.ch\/archives\/2024\/wp-content\/uploads\/2022\/02\/Capture-decran-2022-02-03-a-10.24.22-1200x603.png 1200w, https:\/\/www.giff.ch\/archives\/2024\/wp-content\/uploads\/2022\/02\/Capture-decran-2022-02-03-a-10.24.22-1520x764.png 1520w, https:\/\/www.giff.ch\/archives\/2024\/wp-content\/uploads\/2022\/02\/Capture-decran-2022-02-03-a-10.24.22.png 1528w\" sizes=\"auto, (max-width: 613px) 100vw, 613px\" \/>                        <div class=\"news-card-border\"><\/div>\n          <\/div>\n    <div class=\"news-card-content\">\n            <div class=\"h3 mb-0 news-card-text\">Succes, Marjan Alcevski<\/div>\n          <\/div>\n  <\/div>\n  <\/div>\n\n<div style=\"height:32px\" aria-hidden=\"true\" class=\"wp-block-spacer\"><\/div>\n\n<h3 class=\"wp-block-heading\" id=\"digital\">DIGITAL<\/h3>\n\n<p><strong>COMP\u00c9TITION INTERNATIONALE D\u2019\u0152UVRES IMMERSIVES<\/strong><\/p>\n\n<p><strong>Reflet d\u2019Or de la meilleure \u0153uvre immersive 2019<\/strong>, offert par la Ville de Gen\u00e8ve et l\u2019\u00c9tat de Gen\u00e8ve.<br>Le Jury international d\u2019oeuvres immersives d\u00e9cerne ce prix \u00e0 :<\/p>\n<div class=\"news-card ratio mb-4 news-card-1x1\">\n    <a href=\"https:\/\/vimeo.com\/372124076\" target=\"_blank\">\n    <div class=\"w-100 h-100\">\n    <div class=\"news-card-background w-100 h-100\">\n            <img loading=\"lazy\" decoding=\"async\" width=\"615\" height=\"308\" src=\"https:\/\/www.giff.ch\/archives\/2024\/wp-content\/uploads\/2022\/02\/Capture-decran-2022-02-03-a-10.33.01-615x308.png\" class=\"img-cover\" alt=\"\" srcset=\"https:\/\/www.giff.ch\/archives\/2024\/wp-content\/uploads\/2022\/02\/Capture-decran-2022-02-03-a-10.33.01-615x308.png 615w, https:\/\/www.giff.ch\/archives\/2024\/wp-content\/uploads\/2022\/02\/Capture-decran-2022-02-03-a-10.33.01-411x206.png 411w, https:\/\/www.giff.ch\/archives\/2024\/wp-content\/uploads\/2022\/02\/Capture-decran-2022-02-03-a-10.33.01-1200x601.png 1200w, https:\/\/www.giff.ch\/archives\/2024\/wp-content\/uploads\/2022\/02\/Capture-decran-2022-02-03-a-10.33.01-1520x761.png 1520w, https:\/\/www.giff.ch\/archives\/2024\/wp-content\/uploads\/2022\/02\/Capture-decran-2022-02-03-a-10.33.01.png 1530w\" sizes=\"auto, (max-width: 615px) 100vw, 615px\" \/>                        <div class=\"news-card-border\"><\/div>\n          <\/div>\n    <div class=\"news-card-content\">\n            <div class=\"h3 mb-0 news-card-text\">O, Qiu Yang<\/div>\n          <\/div>\n  <\/div>\n    <\/a>\n  <\/div>\n\n<div style=\"height:31px\" aria-hidden=\"true\" class=\"wp-block-spacer\"><\/div>\n\n<h3 class=\"wp-block-heading\" id=\"prix-d-honneur\">PRIX D\u2019HONNEUR<\/h3>\n\n<p><strong>FILM &amp; BEYOND AWARD<\/strong><\/p>\n\n<p>En collaboration avec O.ZBINDEN<\/p>\n<div class=\"news-card ratio mb-4 news-card-1x1\">\n    <div class=\"w-100 h-100\">\n    <div class=\"news-card-background w-100 h-100\">\n            <img loading=\"lazy\" decoding=\"async\" width=\"620\" height=\"308\" src=\"https:\/\/www.giff.ch\/archives\/2024\/wp-content\/uploads\/2022\/02\/Capture-decran-2022-02-03-a-10.35.36-620x308.png\" class=\"img-cover\" alt=\"\" srcset=\"https:\/\/www.giff.ch\/archives\/2024\/wp-content\/uploads\/2022\/02\/Capture-decran-2022-02-03-a-10.35.36-620x308.png 620w, https:\/\/www.giff.ch\/archives\/2024\/wp-content\/uploads\/2022\/02\/Capture-decran-2022-02-03-a-10.35.36-415x206.png 415w, https:\/\/www.giff.ch\/archives\/2024\/wp-content\/uploads\/2022\/02\/Capture-decran-2022-02-03-a-10.35.36-1200x596.png 1200w, https:\/\/www.giff.ch\/archives\/2024\/wp-content\/uploads\/2022\/02\/Capture-decran-2022-02-03-a-10.35.36-1520x755.png 1520w, https:\/\/www.giff.ch\/archives\/2024\/wp-content\/uploads\/2022\/02\/Capture-decran-2022-02-03-a-10.35.36.png 1534w\" sizes=\"auto, (max-width: 620px) 100vw, 620px\" \/>                        <div class=\"news-card-border\"><\/div>\n          <\/div>\n    <div class=\"news-card-content\">\n            <div class=\"h3 mb-0 news-card-text\">Park Chan-wook<\/div>\n          <\/div>\n  <\/div>\n  <\/div>\n\n<div style=\"height:30px\" aria-hidden=\"true\" class=\"wp-block-spacer\"><\/div>\n\n<h3 class=\"wp-block-heading\" id=\"geneva-award\">GENEVA AWARD<\/h3>\n<div class=\"news-card ratio mb-4 news-card-1x1\">\n    <div class=\"w-100 h-100\">\n    <div class=\"news-card-background w-100 h-100\">\n            <img loading=\"lazy\" decoding=\"async\" width=\"623\" height=\"308\" src=\"https:\/\/www.giff.ch\/archives\/2024\/wp-content\/uploads\/2022\/02\/Capture-decran-2022-02-03-a-10.39.38-623x308.png\" class=\"img-cover\" alt=\"\" srcset=\"https:\/\/www.giff.ch\/archives\/2024\/wp-content\/uploads\/2022\/02\/Capture-decran-2022-02-03-a-10.39.38-623x308.png 623w, https:\/\/www.giff.ch\/archives\/2024\/wp-content\/uploads\/2022\/02\/Capture-decran-2022-02-03-a-10.39.38-416x206.png 416w, https:\/\/www.giff.ch\/archives\/2024\/wp-content\/uploads\/2022\/02\/Capture-decran-2022-02-03-a-10.39.38-1200x594.png 1200w, https:\/\/www.giff.ch\/archives\/2024\/wp-content\/uploads\/2022\/02\/Capture-decran-2022-02-03-a-10.39.38-1520x752.png 1520w, https:\/\/www.giff.ch\/archives\/2024\/wp-content\/uploads\/2022\/02\/Capture-decran-2022-02-03-a-10.39.38.png 1532w\" sizes=\"auto, (max-width: 623px) 100vw, 623px\" \/>                        <div class=\"news-card-border\"><\/div>\n          <\/div>\n    <div class=\"news-card-content\">\n            <div class=\"h3 mb-0 news-card-text\">Xavier Dolan<\/div>\n          <\/div>\n  <\/div>\n  <\/div>\n\n<div style=\"height:30px\" aria-hidden=\"true\" class=\"wp-block-spacer\"><\/div>\n\n<h3 class=\"wp-block-heading\" id=\"prix-special-de-la-25e-edition\">Prix sp\u00e9cial de la 25e \u00e9dition<\/h3>\n<div class=\"news-card ratio mb-4 news-card-1x1\">\n    <div class=\"w-100 h-100\">\n    <div class=\"news-card-background w-100 h-100\">\n            <img loading=\"lazy\" decoding=\"async\" width=\"611\" height=\"308\" src=\"https:\/\/www.giff.ch\/archives\/2024\/wp-content\/uploads\/2022\/02\/Capture-decran-2022-02-03-a-10.41.41-611x308.png\" class=\"img-cover\" alt=\"\" srcset=\"https:\/\/www.giff.ch\/archives\/2024\/wp-content\/uploads\/2022\/02\/Capture-decran-2022-02-03-a-10.41.41-611x308.png 611w, https:\/\/www.giff.ch\/archives\/2024\/wp-content\/uploads\/2022\/02\/Capture-decran-2022-02-03-a-10.41.41-409x206.png 409w, https:\/\/www.giff.ch\/archives\/2024\/wp-content\/uploads\/2022\/02\/Capture-decran-2022-02-03-a-10.41.41-1200x605.png 1200w, https:\/\/www.giff.ch\/archives\/2024\/wp-content\/uploads\/2022\/02\/Capture-decran-2022-02-03-a-10.41.41-1520x766.png 1520w, https:\/\/www.giff.ch\/archives\/2024\/wp-content\/uploads\/2022\/02\/Capture-decran-2022-02-03-a-10.41.41.png 1544w\" sizes=\"auto, (max-width: 611px) 100vw, 611px\" \/>                        <div class=\"news-card-border\"><\/div>\n          <\/div>\n    <div class=\"news-card-content\">\n            <div class=\"h3 mb-0 news-card-text\">David Cronenberg<\/div>\n          <\/div>\n  <\/div>\n  <\/div>\n\n<div style=\"height:30px\" aria-hidden=\"true\" class=\"wp-block-spacer\"><\/div>\n\n<h3 class=\"wp-block-heading\" id=\"prix-sensible\">PRIX sensible<\/h3>\n<div class=\"news-card ratio mb-4 news-card-1x1\">\n    <div class=\"w-100 h-100\">\n    <div class=\"news-card-background w-100 h-100\">\n            <img loading=\"lazy\" decoding=\"async\" width=\"494\" height=\"308\" src=\"https:\/\/www.giff.ch\/archives\/2024\/wp-content\/uploads\/2022\/02\/Capture-decran-2022-02-03-a-10.46.55-494x308.png\" class=\"img-cover\" alt=\"\" srcset=\"https:\/\/www.giff.ch\/archives\/2024\/wp-content\/uploads\/2022\/02\/Capture-decran-2022-02-03-a-10.46.55-494x308.png 494w, https:\/\/www.giff.ch\/archives\/2024\/wp-content\/uploads\/2022\/02\/Capture-decran-2022-02-03-a-10.46.55-330x206.png 330w, https:\/\/www.giff.ch\/archives\/2024\/wp-content\/uploads\/2022\/02\/Capture-decran-2022-02-03-a-10.46.55-1082x675.png 1082w, https:\/\/www.giff.ch\/archives\/2024\/wp-content\/uploads\/2022\/02\/Capture-decran-2022-02-03-a-10.46.55-1371x855.png 1371w, https:\/\/www.giff.ch\/archives\/2024\/wp-content\/uploads\/2022\/02\/Capture-decran-2022-02-03-a-10.46.55.png 1594w\" sizes=\"auto, (max-width: 494px) 100vw, 494px\" \/>                        <div class=\"news-card-border\"><\/div>\n          <\/div>\n    <div class=\"news-card-content\">\n            <div class=\"h3 mb-0 news-card-text\">\u00c9den &#8211; Cyril teste, Hugo Arcier &#038; Collectif MxM <\/div>\n          <\/div>\n  <\/div>\n  <\/div>\n<\/div><div class='col col-12 col-md-4'><\/div><\/div>\n\n\n<p><\/p>\n\n\n\n<p><\/p>\n\n\n\n<p><\/p>\n","protected":false},"excerpt":{"rendered":"<p>Con\u00e7u par la graphiste lausannoise Laura Cocchi et d\u00e9clin\u00e9 en trois couleurs, ce visuel kal\u00e9idoscopique se compose d\u2019une succession de monogrammes \u00e9voquant les trois piliers du GIFF : le cin\u00e9ma, la t\u00e9l\u00e9vision et le digital. Ces triangles convergent, en \u00e9cho \u00e0 une grande nouveaut\u00e9 de cette 25e \u00e9dition : les sections non-comp\u00e9titives du Festival \u2013 [&hellip;]<\/p>\n","protected":false},"author":1,"featured_media":0,"parent":36820,"menu_order":0,"comment_status":"closed","ping_status":"closed","template":"","meta":{"_acf_changed":false,"footnotes":""},"class_list":["post-37478","page","type-page","status-publish","hentry"],"acf":[],"_links":{"self":[{"href":"https:\/\/www.giff.ch\/archives\/2024\/wp-json\/wp\/v2\/pages\/37478","targetHints":{"allow":["GET"]}}],"collection":[{"href":"https:\/\/www.giff.ch\/archives\/2024\/wp-json\/wp\/v2\/pages"}],"about":[{"href":"https:\/\/www.giff.ch\/archives\/2024\/wp-json\/wp\/v2\/types\/page"}],"author":[{"embeddable":true,"href":"https:\/\/www.giff.ch\/archives\/2024\/wp-json\/wp\/v2\/users\/1"}],"replies":[{"embeddable":true,"href":"https:\/\/www.giff.ch\/archives\/2024\/wp-json\/wp\/v2\/comments?post=37478"}],"version-history":[{"count":2,"href":"https:\/\/www.giff.ch\/archives\/2024\/wp-json\/wp\/v2\/pages\/37478\/revisions"}],"predecessor-version":[{"id":37573,"href":"https:\/\/www.giff.ch\/archives\/2024\/wp-json\/wp\/v2\/pages\/37478\/revisions\/37573"}],"up":[{"embeddable":true,"href":"https:\/\/www.giff.ch\/archives\/2024\/wp-json\/wp\/v2\/pages\/36820"}],"wp:attachment":[{"href":"https:\/\/www.giff.ch\/archives\/2024\/wp-json\/wp\/v2\/media?parent=37478"}],"curies":[{"name":"wp","href":"https:\/\/api.w.org\/{rel}","templated":true}]}}