{"id":4478,"date":"2021-09-21T14:52:53","date_gmt":"2021-09-21T12:52:53","guid":{"rendered":"https:\/\/www.giff.ch\/archives\/2024\/\/?page_id=4478"},"modified":"2024-07-18T11:41:37","modified_gmt":"2024-07-18T09:41:37","slug":"newsletter","status":"publish","type":"page","link":"https:\/\/www.giff.ch\/archives\/2024\/newsletter\/","title":{"rendered":"Newsletter"},"content":{"rendered":"<div class='row '><div class='col col-12 col-md-8'>\n<h2 class=\"wp-block-heading\">S&rsquo;inscrire \u00e0 la newsletter<\/h2>\n\n<div id=\"mc_embed_signup\">\n    <form action=\"https:\/\/giff.us7.list-manage.com\/subscribe\/post?u=4a6caf431f879e7480319e146&amp;id=f757bf97fe&amp;f_id=0075cfe1f0\" method=\"post\" id=\"mc-embedded-subscribe-form\" name=\"mc-embedded-subscribe-form\" class=\"validate\" target=\"_blank\" novalidate>\n        <div id=\"mc_embed_signup_scroll\">\n\n            <div class=\"mb-3\">\n                <label for=\"mce-EMAIL\" class=\"form-label\">E-mail<span class=\"asterisk\">*<\/span> <\/label>\n                <input type=\"email\" value=\"\" name=\"EMAIL\" class=\"required email form-control\" id=\"mce-EMAIL\">\n            <\/div>\n\n            <div class=\"row mb-3\">\n                <div class=\"col-12 col-md-4\">\n                    <div class=\"mb-3\">\n                        <label for=\"mce-FNAME\">Pr\u00e9nom<\/label>\n                        <input type=\"text\" value=\"\" name=\"FNAME\" class=\"form-control\" id=\"mce-FNAME\">\n                    <\/div>\n                <\/div>\n                <div class=\"col-12 col-md-4\">\n                    <div class=\"mb-3\">\n                        <label for=\"mce-LNAME\">Nom<\/label>\n                        <input type=\"text\" value=\"\" name=\"LNAME\" class=\"form-control\" id=\"mce-LNAME\">\n                    <\/div>\n                <\/div>\n                <div class=\"col-12 col-md-4\">\n                    <div class=\"mb-3\">\n                        <label for=\"mce-MMERGE5\">Profession<\/label>\n                        <input type=\"text\" value=\"\" name=\"MMERGE5\" class=\"form-control\" id=\"mce-MMERGE5\">\n                    <\/div>\n                <\/div>\n            <\/div>\n\n            <div class=\"d-flex\">\n\n                <div class=\"mb-3 me-4\">\n                    <div class=\"h4\">Langue<\/div>\n                    <div class=\"form-check form-check-inline\">\n                        <input type=\"radio\" name=\"group[30]\" class=\"form-check-input\" value=\"1\" id=\"mce-group[30]-30-0\" checked>\n                        <label for=\"mce-group[30]-30-0\" class=\"form-check-label\">Fran\u00e7ais<\/label>\n                    <\/div>\n                    <div class=\"form-check form-check-inline\">\n                        <input type=\"radio\" name=\"group[30]\" class=\"form-check-input\" value=\"2\" id=\"mce-group[30]-30-1\">\n                        <label for=\"mce-group[30]-30-1\" class=\"form-check-label\">Anglais<\/label>\n                    <\/div>\n                    <div class=\"form-check form-check-inline\">\n                        <input type=\"radio\" name=\"group[30]\" class=\"form-check-input\" value=\"4\" id=\"mce-group[30]-30-2\">\n                        <label for=\"mce-group[30]-30-2\" class=\"form-check-label\">Allemand<\/label>\n                    <\/div>\n                <\/div>\n\n                <div class=\"mb-3 ps-1\">\n                    <div class=\"h4\">Newsletter<\/div>\n                    <div class=\"form-check form-check-inline\">\n                        <input type=\"radio\" name=\"group[34]\" class=\"form-check-input\" value=\"8\" id=\"mce-group[34]-34-0\" checked>\n                        <label for=\"mce-group[34]-34-0\" class=\"form-check-label\">Public<\/label>\n                    <\/div>\n                    <div class=\"form-check form-check-inline\">\n                        <input type=\"radio\" name=\"group[34]\" class=\"form-check-input\" value=\"16\" id=\"mce-group[34]-34-1\">\n                        <label for=\"mce-group[34]-34-1\" class=\"form-check-label\">Pro<\/label>\n                    <\/div>\n                    <div class=\"form-check form-check-inline\">\n                        <input type=\"radio\" name=\"group[34]\" class=\"form-check-input\" value=\"32\" id=\"mce-group[34]-34-2\">\n                        <label for=\"mce-group[34]-34-2\" class=\"form-check-label\">Presse<\/label>\n                    <\/div>\n                <\/div>\n\n            <\/div>\n            <div id=\"mce-responses\" class=\"clear mt-3\">\n                <div class=\"response alert alert-warning\" id=\"mce-error-response\" style=\"display:none\"><\/div>\n                <div class=\"response alert alert-success\" id=\"mce-success-response\" style=\"display:none\"><\/div>\n            <\/div>\n\n            <div style=\"position: absolute; left: -5000px;\" aria-hidden=\"true\">\n                <input type=\"text\" name=\"b_4a6caf431f879e7480319e146_f757bf97fe\" tabindex=\"-1\" value=\"\">\n            <\/div>\n\n            <div class=\"clear\">\n                <input type=\"submit\" value=\"S'inscrire\" name=\"subscribe\" id=\"mc-embedded-subscribe\" class=\"btn btn-outline-primary mb-2\">\n                <div class=\"indicates-required\"><small><span class=\"asterisk\">*<\/span> Requis<\/small><\/div>\n            <\/div>\n        <\/div>\n    <\/form>\n<\/div>\n<script type='text\/javascript' src='\/\/s3.amazonaws.com\/downloads.mailchimp.com\/js\/mc-validate.js'><\/script>\n<script type=\"text\/javascript\">\n    (function($) {\n        window.fnames = new Array();\n        window.ftypes = new Array();\n        fnames[0] = 'EMAIL';\n        ftypes[0] = 'email';\n        fnames[1] = 'FNAME';\n        ftypes[1] = 'text';\n        fnames[2] = 'LNAME';\n        ftypes[2] = 'text';\n        fnames[5] = 'MMERGE5';\n        ftypes[5] = 'text';\n        fnames[3] = 'MMERGE3';\n        ftypes[3] = 'text';\n        fnames[4] = 'MMERGE4';\n        ftypes[4] = 'text';\n    }(jQuery));\n    var $mcj = jQuery.noConflict(true);\n<\/script>\n<\/div><div class='col col-12 col-md-4'>\n<h2 class=\"wp-block-heading\">Archives<\/h2>\n<div class=\"accordion mb-4\" id=\"block_c1c2ffc5abf880a05261cbfb3ca43de3\">\n    <div class=\"accordion-item\">\n    <div class=\"accordion-header\" id=\"heading-block_c1c2ffc5abf880a05261cbfb3ca43de3-0\">\n      <button \n\t\tclass=\"btn btn-link accordion-button collapsed\" \n\t\ttype=\"button\" \n\t\tdata-bs-toggle=\"collapse\" \n\t\tdata-bs-target=\"#collapse-block_c1c2ffc5abf880a05261cbfb3ca43de3-0\" \n\t\taria-expanded=\"true\" \n\t\taria-controls=\"collapse-block_c1c2ffc5abf880a05261cbfb3ca43de3-0\"><span class=\"h3 mb-0\">\n      Newsletters 2024      <\/span><\/button>\n    <\/div>\n    <div id=\"collapse-block_c1c2ffc5abf880a05261cbfb3ca43de3-0\" class=\"accordion-collapse collapse\" aria-labelledby=\"heading-block_c1c2ffc5abf880a05261cbfb3ca43de3-0\" data-bs-parent=\"#block_c1c2ffc5abf880a05261cbfb3ca43de3\">\n      <div class=\"accordion-body\">\n        <style type=\"text\/css\">\n            .display_archive {font-family: arial,verdana; font-size: 12px;}\n          .campaign {line-height: 125%; margin: 5px;}\n          <\/style>\n<p>          <script\n            language=\"javascript\"\n            src=\"https:\/\/giff.us7.list-manage.com\/generate-js\/?u=4a6caf431f879e7480319e146&#038;show=10&#038;fid=74\"\n            type=\"text\/javascript\"\n          ><\/script><\/p>\n      <\/div>\n    <\/div>\n  <\/div>\n    <div class=\"accordion-item\">\n    <div class=\"accordion-header\" id=\"heading-block_c1c2ffc5abf880a05261cbfb3ca43de3-1\">\n      <button \n\t\tclass=\"btn btn-link accordion-button collapsed\" \n\t\ttype=\"button\" \n\t\tdata-bs-toggle=\"collapse\" \n\t\tdata-bs-target=\"#collapse-block_c1c2ffc5abf880a05261cbfb3ca43de3-1\" \n\t\taria-expanded=\"true\" \n\t\taria-controls=\"collapse-block_c1c2ffc5abf880a05261cbfb3ca43de3-1\"><span class=\"h3 mb-0\">\n      Newsletters 2023      <\/span><\/button>\n    <\/div>\n    <div id=\"collapse-block_c1c2ffc5abf880a05261cbfb3ca43de3-1\" class=\"accordion-collapse collapse\" aria-labelledby=\"heading-block_c1c2ffc5abf880a05261cbfb3ca43de3-1\" data-bs-parent=\"#block_c1c2ffc5abf880a05261cbfb3ca43de3\">\n      <div class=\"accordion-body\">\n        <p><script language=\"javascript\" src=\"\/\/giff.us7.list-manage.com\/generate-js\/?u=4a6caf431f879e7480319e146&#038;fid=69&#038;show=1000\" type=\"text\/javascript\"><\/script><\/p>\n      <\/div>\n    <\/div>\n  <\/div>\n    <div class=\"accordion-item\">\n    <div class=\"accordion-header\" id=\"heading-block_c1c2ffc5abf880a05261cbfb3ca43de3-2\">\n      <button \n\t\tclass=\"btn btn-link accordion-button collapsed\" \n\t\ttype=\"button\" \n\t\tdata-bs-toggle=\"collapse\" \n\t\tdata-bs-target=\"#collapse-block_c1c2ffc5abf880a05261cbfb3ca43de3-2\" \n\t\taria-expanded=\"true\" \n\t\taria-controls=\"collapse-block_c1c2ffc5abf880a05261cbfb3ca43de3-2\"><span class=\"h3 mb-0\">\n      Newsletters 2022      <\/span><\/button>\n    <\/div>\n    <div id=\"collapse-block_c1c2ffc5abf880a05261cbfb3ca43de3-2\" class=\"accordion-collapse collapse\" aria-labelledby=\"heading-block_c1c2ffc5abf880a05261cbfb3ca43de3-2\" data-bs-parent=\"#block_c1c2ffc5abf880a05261cbfb3ca43de3\">\n      <div class=\"accordion-body\">\n        <p><script language=\"javascript\" src=\"\/\/giff.us7.list-manage.com\/generate-js\/?u=4a6caf431f879e7480319e146&#038;fid=61&#038;show=1000\" type=\"text\/javascript\"><\/script><\/p>\n      <\/div>\n    <\/div>\n  <\/div>\n  <\/div>\n<\/div><\/div>","protected":false},"excerpt":{"rendered":"<p>S&rsquo;inscrire \u00e0 la newsletter E-mail* Pr\u00e9nom Nom Profession Langue Fran\u00e7ais Anglais Allemand Newsletter Public Pro Presse * Requis Archives<\/p>\n","protected":false},"author":1,"featured_media":0,"parent":0,"menu_order":99,"comment_status":"closed","ping_status":"closed","template":"","meta":{"_acf_changed":false,"footnotes":""},"class_list":["post-4478","page","type-page","status-publish","hentry"],"acf":[],"_links":{"self":[{"href":"https:\/\/www.giff.ch\/archives\/2024\/wp-json\/wp\/v2\/pages\/4478","targetHints":{"allow":["GET"]}}],"collection":[{"href":"https:\/\/www.giff.ch\/archives\/2024\/wp-json\/wp\/v2\/pages"}],"about":[{"href":"https:\/\/www.giff.ch\/archives\/2024\/wp-json\/wp\/v2\/types\/page"}],"author":[{"embeddable":true,"href":"https:\/\/www.giff.ch\/archives\/2024\/wp-json\/wp\/v2\/users\/1"}],"replies":[{"embeddable":true,"href":"https:\/\/www.giff.ch\/archives\/2024\/wp-json\/wp\/v2\/comments?post=4478"}],"version-history":[{"count":2,"href":"https:\/\/www.giff.ch\/archives\/2024\/wp-json\/wp\/v2\/pages\/4478\/revisions"}],"predecessor-version":[{"id":61026,"href":"https:\/\/www.giff.ch\/archives\/2024\/wp-json\/wp\/v2\/pages\/4478\/revisions\/61026"}],"wp:attachment":[{"href":"https:\/\/www.giff.ch\/archives\/2024\/wp-json\/wp\/v2\/media?parent=4478"}],"curies":[{"name":"wp","href":"https:\/\/api.w.org\/{rel}","templated":true}]}}