{"id":46296,"date":"2022-11-17T15:37:54","date_gmt":"2022-11-17T14:37:54","guid":{"rendered":"https:\/\/www.giff.ch\/archives\/2024\/\/?page_id=46296"},"modified":"2024-10-07T10:11:47","modified_gmt":"2024-10-07T08:11:47","slug":"soumettre-un-projet-2","status":"publish","type":"page","link":"https:\/\/www.giff.ch\/archives\/2024\/gdm\/soumettre-un-projet-2\/","title":{"rendered":"SOUMETTRE UN PROJET"},"content":{"rendered":"\n<p><\/p>\n\n\n\n<p><\/p>\n\n\n\n<p><\/p>\n\n\n<div class='row '><div class='col col-12 col-md-8'>\n<p>Vous d\u00e9veloppez :<\/p>\n\n<p><strong>Un projet europ\u00e9en XR<\/strong><\/p>\n\n<p>et\/ou<\/p>\n\n<p><strong>un projet interactif innovant made in Switzerland?<\/strong><\/p>\n\n<p>Des opportunit\u00e9s de financement et de distribution vous attendent au March\u00e9 num\u00e9rique de Gen\u00e8ve !<\/p>\n\n<blockquote class=\"wp-block-quote is-style-default is-layout-flow wp-block-quote-is-layout-flow\">\n<p>Sessions de coproduction XR (pr\u00e9sentation de projets XR en d\u00e9veloppement \/ march\u00e9 de la coproduction)<\/p>\n\n\n\n<p>Sessions interactives suisses (pr\u00e9sentation de projets num\u00e9riques suisses \/ sessions de matchmaking)<\/p>\n<\/blockquote>\n\n<div style=\"height:50px\" aria-hidden=\"true\" class=\"wp-block-spacer\"><\/div>\n\n<h2 class=\"wp-block-heading\"><strong>SWISS INTERACTIVE SESSIONS<\/strong><\/h2>\n\n<p><strong>Pr\u00e9sentation de projets num\u00e9riques suisses \/ s\u00e9ances de matchmaking avec des institutions et des distributeurs.<\/strong><\/p>\n\n<p>Depuis 2019, ce programme permet aux artistes num\u00e9riques suisses de rencontrer des repr\u00e9sentants d&rsquo;institutions et de centres d&rsquo;art internationaux afin de faciliter la diffusion de leurs projets \u00e0 l&rsquo;\u00e9tranger.<\/p>\n\n<p><strong><strong>D\u00e9lai d\u2019inscription&nbsp;<\/strong>:&nbsp;<strong>5 septembre 2024<\/strong>.<\/strong><\/p>\n\n<p><\/p>\n\n<div style=\"height:50px\" aria-hidden=\"true\" class=\"wp-block-spacer\"><\/div>\n\n<h2 class=\"wp-block-heading\"><strong>XR COPRODUCTION SESSIONS<\/strong><\/h2>\n\n<p><strong><strong>Pr\u00e9sentations de projets XR en d\u00e9veloppement \/ march\u00e9 de la coproduction.<\/strong><\/strong><\/p>\n\n<p>Organis\u00e9es depuis 2019, ces sessions permettent \u00e0 15 porteurs de projets europ\u00e9ens parmi les plus innovants de pr\u00e9senter leurs travaux en cours \u00e0 des producteurs europ\u00e9ens. La journ\u00e9e est divis\u00e9e en deux parties, d\u00e9butant le matin par des sessions de pitchs et se poursuivant l&rsquo;apr\u00e8s-midi par des rencontres individuelles entre les participants.<\/p>\n\n<p><strong><strong>D\u00e9lai d\u2019inscription&nbsp;<\/strong>:&nbsp;<strong>5 septembre 2024<\/strong>.<\/strong><\/p>\n\n<p><\/p>\n\n<hr class=\"wp-block-separator has-css-opacity\"\/>\n\n<div style=\"height:30px\" aria-hidden=\"true\" class=\"wp-block-spacer\"><\/div>\n\n<h2 class=\"wp-block-heading\">PARTICIPER AUX TABLES RONDES ET ATELIERS<\/h2>\n\n<p>Chaque ann\u00e9e, le Geneva Digital Market (GDM) invite des entreprises, des startups, des experts internationaux, des artistes et d&rsquo;autres acteurs des industries cr\u00e9atives \u00e0 pr\u00e9senter les derni\u00e8res solutions num\u00e9riques et \u00e0 r\u00e9fl\u00e9chir \u00e0 leurs d\u00e9fis.<\/p>\n\n<h2 class=\"wp-block-heading\">SE CONNECTER AUX INDUSTRIES CR\u00c9ATIVES<\/h2>\n\n<p>Plateforme de rencontre professionnelle, le GDM propose des espaces de rencontre sur site et en ligne pendant cinq jours. Plus de 100 rencontres personnalis\u00e9es sont organis\u00e9es chaque ann\u00e9e.<\/p>\n\n<h2 class=\"wp-block-heading\">REJOINDRE \/ S&rsquo;ACCR\u00c9DITER<\/h2>\n\n<p>Le contenu complet de la 12e \u00e9dition du Geneva Digital Market sera annonc\u00e9 en octobre 2024. L&rsquo;accr\u00e9ditation sera ouverte en septembre 2024.<\/p>\n<\/div><div class='col col-12 col-md-4'><div class=\"promotion p-4 giff mb-3\">\n  <div class=\"promotion-container\">\n    <div class=\"promotion-wrapper pe-5\">\n            <div class=\"title h2 mb-0\">\n        R\u00e8glement      <\/div>\n                        <div class=\"mt-2\">\n        <p>Consulter le u003ca href=u0022https:\/\/www.giff.ch\/archives\/2024\/\/wp-content\/uploads\/2024\/09\/Terms_and_conditions_GDM24_FR.pdfu0022u003eu003cstrongu003er\u00e8glement GDMu003c\/strongu003eu003c\/au003e<\/p>\n      <\/div>\n                      <\/div>\n  <\/div>\n  <div class=\"promotion-image\"><img decoding=\"async\" src=\"https:\/\/www.giff.ch\/archives\/2024\/wp-content\/themes\/giff-2023\/medias\/images\/block-promotion\/2024\/giff-1.webp\" alt=\"\"><\/div>\n<\/div>\n<div class=\"promotion p-4 giff mb-3\">\n  <div class=\"promotion-container\">\n    <div class=\"promotion-wrapper pe-5\">\n            <div class=\"title h2 mb-0\">\n        CONTACT      <\/div>\n                        <div class=\"mt-2\">\n        <p>u003cstrongu003eMathieu Gayetu003c\/strongu003e, Responsable Industryrnu003ca href=u0022mailto:mathieu.gayet@giff.chu0022 target=u0022_blanku0022 rel=u0022noreferrer noopeneru0022u003emathieu.gayet@giff.chu003c\/au003e<\/p>\n      <\/div>\n                      <\/div>\n  <\/div>\n  <div class=\"promotion-image\"><img decoding=\"async\" src=\"https:\/\/www.giff.ch\/archives\/2024\/wp-content\/themes\/giff-2023\/medias\/images\/block-promotion\/2024\/giff-1.webp\" alt=\"\"><\/div>\n<\/div>\n<\/div><\/div>\n\n\n<p><\/p>\n","protected":false},"excerpt":{"rendered":"<p>Vous d\u00e9veloppez : Un projet europ\u00e9en XR et\/ou un projet interactif innovant made in Switzerland? Des opportunit\u00e9s de financement et de distribution vous attendent au March\u00e9 num\u00e9rique de Gen\u00e8ve ! Sessions de coproduction XR (pr\u00e9sentation de projets XR en d\u00e9veloppement \/ march\u00e9 de la coproduction) Sessions interactives suisses (pr\u00e9sentation de projets num\u00e9riques suisses \/ sessions [&hellip;]<\/p>\n","protected":false},"author":1,"featured_media":0,"parent":36830,"menu_order":0,"comment_status":"closed","ping_status":"closed","template":"","meta":{"_acf_changed":false,"footnotes":""},"class_list":["post-46296","page","type-page","status-publish","hentry"],"acf":[],"_links":{"self":[{"href":"https:\/\/www.giff.ch\/archives\/2024\/wp-json\/wp\/v2\/pages\/46296","targetHints":{"allow":["GET"]}}],"collection":[{"href":"https:\/\/www.giff.ch\/archives\/2024\/wp-json\/wp\/v2\/pages"}],"about":[{"href":"https:\/\/www.giff.ch\/archives\/2024\/wp-json\/wp\/v2\/types\/page"}],"author":[{"embeddable":true,"href":"https:\/\/www.giff.ch\/archives\/2024\/wp-json\/wp\/v2\/users\/1"}],"replies":[{"embeddable":true,"href":"https:\/\/www.giff.ch\/archives\/2024\/wp-json\/wp\/v2\/comments?post=46296"}],"version-history":[{"count":3,"href":"https:\/\/www.giff.ch\/archives\/2024\/wp-json\/wp\/v2\/pages\/46296\/revisions"}],"predecessor-version":[{"id":64839,"href":"https:\/\/www.giff.ch\/archives\/2024\/wp-json\/wp\/v2\/pages\/46296\/revisions\/64839"}],"up":[{"embeddable":true,"href":"https:\/\/www.giff.ch\/archives\/2024\/wp-json\/wp\/v2\/pages\/36830"}],"wp:attachment":[{"href":"https:\/\/www.giff.ch\/archives\/2024\/wp-json\/wp\/v2\/media?parent=46296"}],"curies":[{"name":"wp","href":"https:\/\/api.w.org\/{rel}","templated":true}]}}