{"id":563,"date":"2021-09-01T11:27:06","date_gmt":"2021-09-01T09:27:06","guid":{"rendered":"https:\/\/www.giff.ch\/archives\/2024\/\/?page_id=563"},"modified":"2024-10-08T14:58:26","modified_gmt":"2024-10-08T12:58:26","slug":"giff-unlimited","status":"publish","type":"page","link":"https:\/\/www.giff.ch\/archives\/2024\/le-festival\/xrroadshow\/giff-unlimited\/","title":{"rendered":"GIFF UNLIMITED"},"content":{"rendered":"\n<h2 class=\"wp-block-heading\">DES \u00c9V\u00c9NEMENTS TOUTE L\u2019ANN\u00c9E<\/h2>\n\n\n\n<p>Actif tout au long de l\u2019ann\u00e9e, le GIFF m\u00e8ne son programme GIFF UNLIMITED (anciennement PLUGS) et se connecte \u00e0 ses multiples partenaires en Suisse et \u00e0 l\u2019international.<\/p>\n\n\n\n<p>De D\u00fcsseldorf \u00e0 Montr\u00e9al, en passant par Locarno, Z\u00fcrich ou Neuch\u00e2tel, le Festival entend r\u00e9affirmer \u00e0 travers ce programme collaboratif de curations, expositions et \u00e9v\u00e9nements hors-murs son envie de donner \u00e0 un large public la possibilit\u00e9 d\u2019aller \u00e0 la rencontre des \u0153uvres audiovisuelles les plus saisissantes de l\u2019ann\u00e9e et d\u2019exp\u00e9rimenter des nouveaux modes de narration num\u00e9riques.<\/p>\n\n\n\n<p>En 2023, le programme GIFF Unlimted s\u2019est d\u00e9velopp\u00e9 et propose \u00e0 ses partenaires le <a href=\"https:\/\/www.giff.ch\/le-festival\/xr-roadshow\/\">XR ROADSHOW,<\/a> un dispositif mobile permettant d\u2019apporter des programmes adapt\u00e9s dans des conditions optimales.<\/p>\n\n\n\n<h4 class=\"wp-block-heading\">Quelques exemples de lieux et organisations ayant accueilli le GIFF :<\/h4>\n\n\n\n<ul class=\"wp-block-list\">\n<li>Centre PHI (Montr\u00e9al, Canada)<\/li>\n\n\n\n<li>SXSW \u2013 South by Southwest (Austin, \u00c9tats-Unis)<\/li>\n\n\n\n<li>Festival de Cannes, March\u00e9 du film (Cannes, France)<\/li>\n\n\n\n<li>Swissnex China (Beijing, Chine)<\/li>\n\n\n\n<li>NIFFF \u2013 Neuch\u00e2tel International Fantastic Film Festival (Neuch\u00e2tel, Suisse)<\/li>\n\n\n\n<li>Locarno Film Festival, laRotonda (Locarno, Suisse)<\/li>\n\n\n\n<li>Ludicious \u2013 Z\u00fcrich Game Festival (Zurich, Suisse)<\/li>\n\n\n\n<li>Internationale Kurzfilmtage Winterthur (Winterthour, Suisse)<\/li>\n\n\n\n<li>Stadtmuseum Araau (Araau, Suisse)<\/li>\n\n\n\n<li>Hubweek (Boston, \u00c9tats-Unis)<\/li>\n\n\n\n<li>Istituto Svizzero (Roma, Italie)<\/li>\n<\/ul>\n\n\n\n<h4 class=\"wp-block-heading\"><\/h4>\n","protected":false},"excerpt":{"rendered":"<p>DES \u00c9V\u00c9NEMENTS TOUTE L\u2019ANN\u00c9E Actif tout au long de l\u2019ann\u00e9e, le GIFF m\u00e8ne son programme GIFF UNLIMITED (anciennement PLUGS) et se connecte \u00e0 ses multiples partenaires en Suisse et \u00e0 l\u2019international. De D\u00fcsseldorf \u00e0 Montr\u00e9al, en passant par Locarno, Z\u00fcrich ou Neuch\u00e2tel, le Festival entend r\u00e9affirmer \u00e0 travers ce programme collaboratif de curations, expositions et [&hellip;]<\/p>\n","protected":false},"author":1,"featured_media":0,"parent":46370,"menu_order":1,"comment_status":"closed","ping_status":"closed","template":"template-unlimited.php","meta":{"_acf_changed":false,"footnotes":""},"class_list":["post-563","page","type-page","status-publish","hentry"],"acf":[],"_links":{"self":[{"href":"https:\/\/www.giff.ch\/archives\/2024\/wp-json\/wp\/v2\/pages\/563","targetHints":{"allow":["GET"]}}],"collection":[{"href":"https:\/\/www.giff.ch\/archives\/2024\/wp-json\/wp\/v2\/pages"}],"about":[{"href":"https:\/\/www.giff.ch\/archives\/2024\/wp-json\/wp\/v2\/types\/page"}],"author":[{"embeddable":true,"href":"https:\/\/www.giff.ch\/archives\/2024\/wp-json\/wp\/v2\/users\/1"}],"replies":[{"embeddable":true,"href":"https:\/\/www.giff.ch\/archives\/2024\/wp-json\/wp\/v2\/comments?post=563"}],"version-history":[{"count":2,"href":"https:\/\/www.giff.ch\/archives\/2024\/wp-json\/wp\/v2\/pages\/563\/revisions"}],"predecessor-version":[{"id":65838,"href":"https:\/\/www.giff.ch\/archives\/2024\/wp-json\/wp\/v2\/pages\/563\/revisions\/65838"}],"up":[{"embeddable":true,"href":"https:\/\/www.giff.ch\/archives\/2024\/wp-json\/wp\/v2\/pages\/46370"}],"wp:attachment":[{"href":"https:\/\/www.giff.ch\/archives\/2024\/wp-json\/wp\/v2\/media?parent=563"}],"curies":[{"name":"wp","href":"https:\/\/api.w.org\/{rel}","templated":true}]}}