{"id":60442,"date":"2024-04-16T13:47:04","date_gmt":"2024-04-16T11:47:04","guid":{"rendered":"https:\/\/www.giff.ch\/archives\/2024\/\/?page_id=60442"},"modified":"2024-04-16T13:47:05","modified_gmt":"2024-04-16T11:47:05","slug":"xr-roadshow","status":"publish","type":"page","link":"https:\/\/www.giff.ch\/archives\/2024\/le-festival\/xr-roadshow\/","title":{"rendered":"XR ROADSHOW"},"content":{"rendered":"<div class='row '><div class='col col-12 '><div id=\"block_881e23e8195d50f50e89bdae750f4086\" class=\"carousel slide carousel-fade mb-3\" data-bs-ride=\"carousel\" data-bd-interval=\"5000\">\n  <div class=\"carousel-inner\">\n        <div class=\"carousel-item active\">\n            <div class=\"ratio ratio-21x9 ratio-slider-news bg-dark\">\n        <div>\n          <img loading=\"lazy\" decoding=\"async\" width=\"1520\" height=\"644\" src=\"https:\/\/www.giff.ch\/archives\/2024\/wp-content\/uploads\/2024\/03\/4-1520x644.png\" class=\"img-cover\" alt=\"\" srcset=\"https:\/\/www.giff.ch\/archives\/2024\/wp-content\/uploads\/2024\/03\/4-1520x644.png 1520w, https:\/\/www.giff.ch\/archives\/2024\/wp-content\/uploads\/2024\/03\/4-480x203.png 480w, https:\/\/www.giff.ch\/archives\/2024\/wp-content\/uploads\/2024\/03\/4-720x305.png 720w, https:\/\/www.giff.ch\/archives\/2024\/wp-content\/uploads\/2024\/03\/4-1200x509.png 1200w, https:\/\/www.giff.ch\/archives\/2024\/wp-content\/uploads\/2024\/03\/4-1824x773.png 1824w, https:\/\/www.giff.ch\/archives\/2024\/wp-content\/uploads\/2024\/03\/4.png 1906w\" sizes=\"auto, (max-width: 1520px) 100vw, 1520px\" \/>        <\/div>\n              <\/div>\n          <\/div>\n        <div class=\"carousel-item \">\n            <div class=\"ratio ratio-21x9 ratio-slider-news bg-dark\">\n        <div>\n          <img loading=\"lazy\" decoding=\"async\" width=\"1520\" height=\"644\" src=\"https:\/\/www.giff.ch\/archives\/2024\/wp-content\/uploads\/2024\/03\/Sans-titre-1-1520x644.png\" class=\"img-cover\" alt=\"\" srcset=\"https:\/\/www.giff.ch\/archives\/2024\/wp-content\/uploads\/2024\/03\/Sans-titre-1-1520x644.png 1520w, https:\/\/www.giff.ch\/archives\/2024\/wp-content\/uploads\/2024\/03\/Sans-titre-1-480x203.png 480w, https:\/\/www.giff.ch\/archives\/2024\/wp-content\/uploads\/2024\/03\/Sans-titre-1-720x305.png 720w, https:\/\/www.giff.ch\/archives\/2024\/wp-content\/uploads\/2024\/03\/Sans-titre-1-1200x509.png 1200w, https:\/\/www.giff.ch\/archives\/2024\/wp-content\/uploads\/2024\/03\/Sans-titre-1-1824x773.png 1824w, https:\/\/www.giff.ch\/archives\/2024\/wp-content\/uploads\/2024\/03\/Sans-titre-1.png 1906w\" sizes=\"auto, (max-width: 1520px) 100vw, 1520px\" \/>        <\/div>\n              <\/div>\n          <\/div>\n        <div class=\"carousel-item \">\n            <div class=\"ratio ratio-21x9 ratio-slider-news bg-dark\">\n        <div>\n          <img loading=\"lazy\" decoding=\"async\" width=\"1520\" height=\"644\" src=\"https:\/\/www.giff.ch\/archives\/2024\/wp-content\/uploads\/2024\/03\/2-1520x644.png\" class=\"img-cover\" alt=\"\" srcset=\"https:\/\/www.giff.ch\/archives\/2024\/wp-content\/uploads\/2024\/03\/2-1520x644.png 1520w, https:\/\/www.giff.ch\/archives\/2024\/wp-content\/uploads\/2024\/03\/2-480x203.png 480w, https:\/\/www.giff.ch\/archives\/2024\/wp-content\/uploads\/2024\/03\/2-720x305.png 720w, https:\/\/www.giff.ch\/archives\/2024\/wp-content\/uploads\/2024\/03\/2-1200x509.png 1200w, https:\/\/www.giff.ch\/archives\/2024\/wp-content\/uploads\/2024\/03\/2-1824x773.png 1824w, https:\/\/www.giff.ch\/archives\/2024\/wp-content\/uploads\/2024\/03\/2.png 1906w\" sizes=\"auto, (max-width: 1520px) 100vw, 1520px\" \/>        <\/div>\n              <\/div>\n          <\/div>\n        <div class=\"carousel-item \">\n            <div class=\"ratio ratio-21x9 ratio-slider-news bg-dark\">\n        <div>\n          <img loading=\"lazy\" decoding=\"async\" width=\"1520\" height=\"644\" src=\"https:\/\/www.giff.ch\/archives\/2024\/wp-content\/uploads\/2024\/03\/3-1520x644.png\" class=\"img-cover\" alt=\"\" srcset=\"https:\/\/www.giff.ch\/archives\/2024\/wp-content\/uploads\/2024\/03\/3-1520x644.png 1520w, https:\/\/www.giff.ch\/archives\/2024\/wp-content\/uploads\/2024\/03\/3-480x203.png 480w, https:\/\/www.giff.ch\/archives\/2024\/wp-content\/uploads\/2024\/03\/3-720x305.png 720w, https:\/\/www.giff.ch\/archives\/2024\/wp-content\/uploads\/2024\/03\/3-1200x509.png 1200w, https:\/\/www.giff.ch\/archives\/2024\/wp-content\/uploads\/2024\/03\/3-1824x773.png 1824w, https:\/\/www.giff.ch\/archives\/2024\/wp-content\/uploads\/2024\/03\/3.png 1906w\" sizes=\"auto, (max-width: 1520px) 100vw, 1520px\" \/>        <\/div>\n              <\/div>\n          <\/div>\n      <\/div>\n    <button class=\"carousel-control-prev\" type=\"button\" data-bs-target=\"#block_881e23e8195d50f50e89bdae750f4086\" data-bs-slide=\"prev\"> <span class=\"carousel-control-prev-icon\" aria-hidden=\"true\"><\/span> <span class=\"visually-hidden\">\n  Pr\u00e9c\u00e9dent  <\/span> <\/button>\n  <button class=\"carousel-control-next\" type=\"button\" data-bs-target=\"#block_881e23e8195d50f50e89bdae750f4086\" data-bs-slide=\"next\"> <span class=\"carousel-control-next-icon\" aria-hidden=\"true\"><\/span> <span class=\"visually-hidden\">\n  Suivant  <\/span> <\/button>\n  <\/div>\n\n<p><\/p>\n\n<p>Le nouveau projet du GIFF, le XR Roadshow, a vu le jour en 2023 gr\u00e2ce au soutien de la R\u00e9publique et Canton de Gen\u00e8ve, de la Fondation UBS et de la Radio T\u00e9l\u00e9vision Suisse RTS. Pour favoriser l\u2019acc\u00e8s \u00e0 la cr\u00e9ation num\u00e9rique dans toute sa diversit\u00e9, le GIFF a \u00e9quip\u00e9 une caravane de postes d\u2019exp\u00e9rimentation de r\u00e9alit\u00e9 virtuelle et augment\u00e9e afin d\u2019offrir une exp\u00e9rience immersive \u00e0 de petits groupes dans des conditions optimales. Ce dispositif permet d\u2019apporter des programmes adapt\u00e9s \u00e0 diff\u00e9rents publics dans divers espaces et structures d\u2019accueil. L\u2019exploitation du XR Roadshow est assur\u00e9e par le responsable op\u00e9rationnel et technique des programmes num\u00e9rique et par la responsable m\u00e9diation culturelle du GIFF. Notre \u00e9quipe accueille et accompagne le public durant les exp\u00e9rimentations.<\/p>\n<\/div><\/div>\n\n\n<p><a href=\"https:\/\/www.giff.ch\/archives\/2024\/\/wp-content\/uploads\/2024\/03\/CARAVANE_XR_FR.pdf\">T\u00e9l\u00e9charger PDF <\/a><\/p>\n\n\n<div class='row '><div class='col col-12 col-md-6 '><\/div><div class='col col-12 col-md-6 '><\/div><\/div>\n\n\n<h3 class=\"wp-block-heading\"><\/h3>\n\n\n<img loading=\"lazy\" decoding=\"async\" width=\"520\" height=\"164\" src=\"https:\/\/www.giff.ch\/archives\/2024\/wp-content\/uploads\/2024\/03\/LOGO_PARTENAIRES_FR.png\" class=\"img-fluid pb-3\" alt=\"GIFF 2024 - Geneva International Film Festival\" srcset=\"https:\/\/www.giff.ch\/archives\/2024\/wp-content\/uploads\/2024\/03\/LOGO_PARTENAIRES_FR.png 520w, https:\/\/www.giff.ch\/archives\/2024\/wp-content\/uploads\/2024\/03\/LOGO_PARTENAIRES_FR-480x151.png 480w\" sizes=\"auto, (max-width: 520px) 100vw, 520px\" \/>\n\n\n<p><\/p>\n","protected":false},"excerpt":{"rendered":"<p>Le nouveau projet du GIFF, le XR Roadshow, a vu le jour en 2023 gr\u00e2ce au soutien de la R\u00e9publique et Canton de Gen\u00e8ve, de la Fondation UBS et de la Radio T\u00e9l\u00e9vision Suisse RTS. Pour favoriser l\u2019acc\u00e8s \u00e0 la cr\u00e9ation num\u00e9rique dans toute sa diversit\u00e9, le GIFF a \u00e9quip\u00e9 une caravane de postes d\u2019exp\u00e9rimentation [&hellip;]<\/p>\n","protected":false},"author":1,"featured_media":0,"parent":36820,"menu_order":0,"comment_status":"closed","ping_status":"closed","template":"","meta":{"_acf_changed":false,"footnotes":""},"class_list":["post-60442","page","type-page","status-publish","hentry"],"acf":[],"_links":{"self":[{"href":"https:\/\/www.giff.ch\/archives\/2024\/wp-json\/wp\/v2\/pages\/60442","targetHints":{"allow":["GET"]}}],"collection":[{"href":"https:\/\/www.giff.ch\/archives\/2024\/wp-json\/wp\/v2\/pages"}],"about":[{"href":"https:\/\/www.giff.ch\/archives\/2024\/wp-json\/wp\/v2\/types\/page"}],"author":[{"embeddable":true,"href":"https:\/\/www.giff.ch\/archives\/2024\/wp-json\/wp\/v2\/users\/1"}],"replies":[{"embeddable":true,"href":"https:\/\/www.giff.ch\/archives\/2024\/wp-json\/wp\/v2\/comments?post=60442"}],"version-history":[{"count":2,"href":"https:\/\/www.giff.ch\/archives\/2024\/wp-json\/wp\/v2\/pages\/60442\/revisions"}],"predecessor-version":[{"id":60444,"href":"https:\/\/www.giff.ch\/archives\/2024\/wp-json\/wp\/v2\/pages\/60442\/revisions\/60444"}],"up":[{"embeddable":true,"href":"https:\/\/www.giff.ch\/archives\/2024\/wp-json\/wp\/v2\/pages\/36820"}],"wp:attachment":[{"href":"https:\/\/www.giff.ch\/archives\/2024\/wp-json\/wp\/v2\/media?parent=60442"}],"curies":[{"name":"wp","href":"https:\/\/api.w.org\/{rel}","templated":true}]}}